{"id":4887,"date":"2026-04-06T01:00:41","date_gmt":"2026-04-06T01:00:41","guid":{"rendered":"https:\/\/vinum.mx\/?page_id=4887"},"modified":"2026-04-07T22:19:17","modified_gmt":"2026-04-07T22:19:17","slug":"chile","status":"publish","type":"page","link":"https:\/\/vinum.mx\/en\/chile\/","title":{"rendered":"Chile"},"content":{"rendered":"<div class=\"wpb-content-wrapper\"><div class=\"vc_row wpb_row vc_row-fluid vc_custom_1767548249304\"><div class=\"wpb_column vc_column_container vc_col-sm-2\"><div class=\"vc_column-inner\"><div class=\"wpb_wrapper\"><\/div><\/div><\/div><div class=\"wpb_column vc_column_container vc_col-sm-8\"><div class=\"vc_column-inner\"><div class=\"wpb_wrapper\">\n\t<div class=\"title-subtitle-box  wpb_animate_when_almost_visible wpb_bottom-to-top bottom-to-top vc_custom_1775440069461\" style=\" text-align: center;\">\n\t\t<span class=\"gg-vertical-line\"  ><\/span>\n\t\t<h1 style=\" font-style: normal;\" class=\"special-title\" >\n\t\t<span style=\"\">Our Wineries From<\/span>Chile<\/h1>\n\t\t<div class=\"box-description\"><p style=\"text-align: center;\">Chilean wine production began in the 16th century with the arrival of the Spanish. Around the 19th century, Cabernet Sauvignon, Merlot, and Pinot Noir grape varieties began to be cultivated in the Maipo Valley. While the phylloxera plague devastated European vineyards, Chilean grape varieties remained untouched, making the country a \"genetic reserve.\" Today, Chile is one of the world's leading wine exporters.<\/p>\n<\/div>\n\t<\/div> <\/div><\/div><\/div><div class=\"wpb_column vc_column_container vc_col-sm-2\"><div class=\"vc_column-inner\"><div class=\"wpb_wrapper\"><\/div><\/div><\/div><\/div><div class=\"vc_row wpb_row vc_row-fluid vc_custom_1767547103423 vc_row-o-content-top vc_row-flex\"><div class=\"wpb_column vc_column_container vc_col-sm-6\"><div class=\"vc_column-inner\"><div class=\"wpb_wrapper\">\n\t<div class=\"title-subtitle-box  wpb_animate_when_almost_visible wpb_bottom-to-top bottom-to-top vc_custom_1775440786946\" style=\" text-align: left;\">\n\t\t<h1 style=\" font-style: normal;\" class=\"special-title\" >\n\t\t<span style=\"\">Winery<\/span>Clava Quintay<\/h1>\n\t\t<div class=\"box-description\"><p>Clava Quintay Winery, part of the Tapihue Wines group, is located in the heart of the Casablanca Valley and is renowned for its 400 hectares of vineyards. Clava Quintay offers limited-edition, high-end wines focused on fruit expression and freshness. They are distinguished by their modern style, advanced winemaking technology (stainless steel tanks and French oak barrels), and a focus on superior cool-climate quality.<\/p>\n<\/div>\n\t<\/div> \n\t<div class=\"gg-special-link-wrapper  vc_custom_1775440286068 text-align-left\"><a  class=\"gg-special-link special-hover right_horizontal_line_effect\" href=\"#\" title=\"\" target=\"_self\">Discover Clava Quintay Winery<\/a><\/div>\n\t<div  class=\"wpb_single_image wpb_content_element vc_align_left wpb_content_element wpb_animate_when_almost_visible wpb_bottom-to-top bottom-to-top vc_custom_1775600315559\">\n\t\t\n\t\t<figure class=\"wpb_wrapper vc_figure\">\n\t\t\t<div class=\"vc_single_image-wrapper   vc_box_border_grey\"><img loading=\"lazy\" decoding=\"async\" width=\"800\" height=\"1000\" src=\"https:\/\/vinum.mx\/wp-content\/uploads\/2026\/04\/vinum-by-hedone-clava-quintay-5.webp\" class=\"vc_single_image-img attachment-full\" alt=\"\" title=\"vinum-by-hedone-clava-quintay-5\" srcset=\"https:\/\/vinum.mx\/wp-content\/uploads\/2026\/04\/vinum-by-hedone-clava-quintay-5.webp 800w, https:\/\/vinum.mx\/wp-content\/uploads\/2026\/04\/vinum-by-hedone-clava-quintay-5-240x300.webp 240w, https:\/\/vinum.mx\/wp-content\/uploads\/2026\/04\/vinum-by-hedone-clava-quintay-5-768x960.webp 768w\" sizes=\"auto, (max-width: 800px) 100vw, 800px\" \/><\/div>\n\t\t<\/figure>\n\t<\/div>\n<\/div><\/div><\/div><div class=\"wpb_column vc_column_container vc_col-sm-6\"><div class=\"vc_column-inner\"><div class=\"wpb_wrapper\">\n\t<div  class=\"wpb_single_image wpb_content_element vc_align_left wpb_content_element wpb_animate_when_almost_visible wpb_bottom-to-top anim-delay-1 bottom-to-top anim-delay-1 vc_custom_1775600332550\">\n\t\t\n\t\t<figure class=\"wpb_wrapper vc_figure\">\n\t\t\t<div class=\"vc_single_image-wrapper   vc_box_border_grey\"><img loading=\"lazy\" decoding=\"async\" width=\"800\" height=\"1000\" src=\"https:\/\/vinum.mx\/wp-content\/uploads\/2026\/04\/vinum-by-hedone-vina-marty-5.webp\" class=\"vc_single_image-img attachment-full\" alt=\"\" title=\"vinum-by-hedone-vina-marty-5\" srcset=\"https:\/\/vinum.mx\/wp-content\/uploads\/2026\/04\/vinum-by-hedone-vina-marty-5.webp 800w, https:\/\/vinum.mx\/wp-content\/uploads\/2026\/04\/vinum-by-hedone-vina-marty-5-240x300.webp 240w, https:\/\/vinum.mx\/wp-content\/uploads\/2026\/04\/vinum-by-hedone-vina-marty-5-768x960.webp 768w\" sizes=\"auto, (max-width: 800px) 100vw, 800px\" \/><\/div>\n\t\t<\/figure>\n\t<\/div>\n\n\t<div class=\"title-subtitle-box  wpb_animate_when_almost_visible wpb_bottom-to-top bottom-to-top vc_custom_1775441196391\" style=\" text-align: left;\">\n\t\t<h1 style=\" font-style: normal;\" class=\"special-title\" >\n\t\t<span style=\"\">Winery<\/span>Vi\u00f1a Marty<\/h1>\n\t\t<div class=\"box-description\"><p>Vi\u00f1a Marty, founded in 2008 by winemaker Pascal Marty, is a Chilean boutique winery focused on producing high-end wines with a modern style and a traditional soul. They utilize vineyards planted in Franc de Pied in the Maule, Colchagua, and Maipo Valleys to explore expressive micro-terroirs. They are known for their innovation, including fermentations with sake yeasts.<\/p>\n<\/div>\n\t<\/div> \n\t<div class=\"gg-special-link-wrapper  vc_custom_1775440362530 text-align-left\"><a  class=\"gg-special-link special-hover right_horizontal_line_effect\" href=\"#\" title=\"\" target=\"_self\">Discover Vi\u00f1a Marty Winery<\/a><\/div><\/div><\/div><\/div><\/div><div class=\"vc_row wpb_row vc_row-fluid vc_custom_1767547103423 vc_row-o-content-top vc_row-flex\"><div class=\"wpb_column vc_column_container vc_col-sm-6\"><div class=\"vc_column-inner\"><div class=\"wpb_wrapper\">\n\t<div class=\"title-subtitle-box  wpb_animate_when_almost_visible wpb_bottom-to-top bottom-to-top vc_custom_1775440984821\" style=\" text-align: left;\">\n\t\t<h1 style=\" font-style: normal;\" class=\"special-title\" >\n\t\t<span style=\"\">Winery<\/span>William Cole<\/h1>\n\t\t<div class=\"box-description\"><p>William Cole Winery, part of the Tapihue Wines group, is located in the heart of the Casablanca Valley and is renowned for its 400 hectares of vineyards. Founded in 1999, William Cole is a winery recognized for its focus on cool-climate wines, especially Pinot Noir, Chardonnay, and Sauvignon Blanc. Combining cutting-edge technology with alluvial soils, it produces elegant and balanced wines, reflecting the philosophy of William Cole, an American passionate about Chilean terroir.<\/p>\n<\/div>\n\t<\/div> \n\t<div class=\"gg-special-link-wrapper  vc_custom_1775440386272 text-align-left\"><a  class=\"gg-special-link special-hover right_horizontal_line_effect\" href=\"#\" title=\"\" target=\"_self\">Discover William Cole Winery<\/a><\/div><\/div><\/div><\/div><div class=\"wpb_column vc_column_container vc_col-sm-6\"><div class=\"vc_column-inner\"><div class=\"wpb_wrapper\">\n\t<div  class=\"wpb_single_image wpb_content_element vc_align_left wpb_content_element wpb_animate_when_almost_visible wpb_bottom-to-top anim-delay-1 bottom-to-top anim-delay-1 vc_custom_1775600346629\">\n\t\t\n\t\t<figure class=\"wpb_wrapper vc_figure\">\n\t\t\t<div class=\"vc_single_image-wrapper   vc_box_border_grey\"><img loading=\"lazy\" decoding=\"async\" width=\"800\" height=\"1000\" src=\"https:\/\/vinum.mx\/wp-content\/uploads\/2026\/04\/vinum-by-hedone-william-cole-5.webp\" class=\"vc_single_image-img attachment-full\" alt=\"\" title=\"vinum-by-hedone-william-cole-5\" srcset=\"https:\/\/vinum.mx\/wp-content\/uploads\/2026\/04\/vinum-by-hedone-william-cole-5.webp 800w, https:\/\/vinum.mx\/wp-content\/uploads\/2026\/04\/vinum-by-hedone-william-cole-5-240x300.webp 240w, https:\/\/vinum.mx\/wp-content\/uploads\/2026\/04\/vinum-by-hedone-william-cole-5-768x960.webp 768w\" sizes=\"auto, (max-width: 800px) 100vw, 800px\" \/><\/div>\n\t\t<\/figure>\n\t<\/div>\n<\/div><\/div><\/div><\/div><div class=\"vc_row wpb_row vc_row-fluid vc_custom_1767548738513\"><div class=\"wpb_column vc_column_container vc_col-sm-2\"><div class=\"vc_column-inner\"><div class=\"wpb_wrapper\"><\/div><\/div><\/div><div class=\"wpb_column vc_column_container vc_col-sm-8\"><div class=\"vc_column-inner\"><div class=\"wpb_wrapper\">\n\t<div class=\"title-subtitle-box  wpb_animate_when_almost_visible wpb_bottom-to-top bottom-to-top vc_custom_1767548671300\" style=\" text-align: center;\">\n\t\t<span class=\"gg-vertical-line\"  ><\/span>\n\t\t<h1 style=\" font-style: normal;\" class=\"special-title\" >\n\t\t<span style=\"\">Our<\/span>Store<\/h1>\n\t<\/div> <\/div><\/div><\/div><div class=\"wpb_column vc_column_container vc_col-sm-2\"><div class=\"vc_column-inner\"><div class=\"wpb_wrapper\"><\/div><\/div><\/div><\/div><div class=\"vc_row wpb_row vc_row-fluid vc_custom_1767548803675 vc_row-o-equal-height vc_row-o-content-middle vc_row-flex\"><div class=\"wpb_column vc_column_container vc_col-sm-6 vc_col-has-fill\"><div class=\"vc_column-inner vc_custom_1546142208864\"><div class=\"wpb_wrapper\">\n\t<div  class=\"wpb_single_image wpb_content_element vc_align_center wpb_content_element vc_custom_1768347408383\">\n\t\t\n\t\t<figure class=\"wpb_wrapper vc_figure\">\n\t\t\t<div class=\"vc_single_image-wrapper   vc_box_border_grey\"><img loading=\"lazy\" decoding=\"async\" width=\"992\" height=\"1107\" src=\"https:\/\/vinum.mx\/wp-content\/uploads\/2026\/01\/wine-bottle-red-splash.webp\" class=\"vc_single_image-img attachment-full\" alt=\"\" title=\"vinum-wine-bottle-red-splash\" srcset=\"https:\/\/vinum.mx\/wp-content\/uploads\/2026\/01\/wine-bottle-red-splash.webp 992w, https:\/\/vinum.mx\/wp-content\/uploads\/2026\/01\/wine-bottle-red-splash-269x300.webp 269w, https:\/\/vinum.mx\/wp-content\/uploads\/2026\/01\/wine-bottle-red-splash-918x1024.webp 918w, https:\/\/vinum.mx\/wp-content\/uploads\/2026\/01\/wine-bottle-red-splash-768x857.webp 768w\" sizes=\"auto, (max-width: 992px) 100vw, 992px\" \/><\/div>\n\t\t<\/figure>\n\t<\/div>\n<\/div><\/div><\/div><div class=\"wpb_column vc_column_container vc_col-sm-6\"><div class=\"vc_column-inner vc_custom_1546158634451\"><div class=\"wpb_wrapper\">\n\t<div class=\"title-subtitle-box  vc_custom_1768672040121\" style=\" text-align: left;\">\n\t\t<h1 style=\" font-style: normal;\" class=\"special-title\" >\n\t\t<span style=\" color:#c89500; \" class=\"toptitle_has_hor_line\">Our<\/span>Reds<\/h1>\n\t\t<div class=\"box-description\"><p><em>Red Berries, Spices, Leather and Chocolate<\/em><\/p>\n<p>They evoke passion, depth, and mystery. Stories of ripe fruit, damp earth, and oak.<\/p>\n<\/div>\n\t<\/div> \n\t<div class=\"gg_list list_style_none list_border_bottom vc_custom_1775438669716\">\n<ul>\n<li><a href=\"https:\/\/vinum.mx\/en\/product\/clava-quintay-pinot-noir-reserva\/\">Clava Quintay Pinot Noir<\/a><\/li>\n<li><a href=\"https:\/\/vinum.mx\/en\/product\/clava-quintay-syrah-reserva\/\">Clava Quintay Syrah<\/a><\/li>\n<li><a href=\"https:\/\/vinum.mx\/en\/product\/vina-marty-goutte-dargent-pinot-noir\/\">Goutte D&#8217;Argent Pinot Noir<\/a><\/li>\n<li><a href=\"https:\/\/vinum.mx\/en\/product\/vina-marty-clos-de-fa\/\">Vi\u00f1a Marty Clos de Fa<\/a><\/li>\n<li><a href=\"https:\/\/vinum.mx\/en\/product\/vina-marty-ser-single-vineyard-cabernet\/\">Vi\u00f1a Marty Ser Cabernet<\/a><\/li>\n<li><a href=\"https:\/\/vinum.mx\/en\/product\/vina-marty-ser-single-vineyard-merlot\/\">Vi\u00f1a Marty Ser Merlot<\/a><\/li>\n<\/ul>\n<\/div>\n\t<div class=\"gg-special-link-wrapper  text-align-right\"><a  class=\"gg-special-link special-hover underline_effect\" href=\"https:\/\/vinum.mx\/en\/argentina\/\" title=\"\" target=\"_self\">Go to the Store<\/a><\/div><\/div><\/div><\/div><\/div><div class=\"vc_row wpb_row vc_row-fluid vc_custom_1546222487312 vc_row-o-equal-height vc_row-o-content-middle vc_row-flex\"><div class=\"wpb_column vc_column_container vc_col-sm-6\"><div class=\"vc_column-inner vc_custom_1546221574253\"><div class=\"wpb_wrapper\">\n\t<div class=\"title-subtitle-box  vc_custom_1768671848226\" style=\" text-align: left;\">\n\t\t<h1 style=\" font-style: normal;\" class=\"special-title\" >\n\t\t<span style=\" color:#c89500; \" class=\"toptitle_has_hor_line\">Our<\/span>Whites<\/h1>\n\t\t<div class=\"box-description\"><p><em>Great freshness, acidity, minerality and floral notes<\/em><\/p>\n<p>Crystalline and golden hues. They honor citrus fruits, flowers, herbs, and the terroir.<\/p>\n<\/div>\n\t<\/div> \n\t<div class=\"gg_list list_style_none list_border_bottom vc_custom_1775438097045\">\n<ul>\n<li><a href=\"https:\/\/vinum.mx\/en\/product\/clava-quintay-sauvignon-blanc-reserva\/\">Clava Quintay Sauvignon Blanc<\/a><\/li>\n<li><a href=\"https:\/\/vinum.mx\/en\/product\/vina-marty-goutte-dargent-pinot-noir\/\">Goutte D&#8217;Argent Sauvignon Blanc<\/a><\/li>\n<\/ul>\n<\/div>\n\t<div class=\"gg-special-link-wrapper  text-align-right\"><a  class=\"gg-special-link special-hover underline_effect\" href=\"https:\/\/vinum.mx\/en\/argentina\/\" title=\"\" target=\"_self\">Go to the Store<\/a><\/div><\/div><\/div><\/div><div class=\"wpb_column vc_column_container vc_col-sm-6 vc_col-has-fill\"><div class=\"vc_column-inner vc_custom_1546213404326\"><div class=\"wpb_wrapper\">\n\t<div  class=\"wpb_single_image wpb_content_element vc_align_center wpb_content_element vc_custom_1768347446871\">\n\t\t\n\t\t<figure class=\"wpb_wrapper vc_figure\">\n\t\t\t<div class=\"vc_single_image-wrapper   vc_box_border_grey\"><img loading=\"lazy\" decoding=\"async\" width=\"992\" height=\"1107\" src=\"https:\/\/vinum.mx\/wp-content\/uploads\/2026\/01\/vinum-wine-bottle-white-splash.webp\" class=\"vc_single_image-img attachment-full\" alt=\"\" title=\"vinum-wine-bottle-white-splash\" srcset=\"https:\/\/vinum.mx\/wp-content\/uploads\/2026\/01\/vinum-wine-bottle-white-splash.webp 992w, https:\/\/vinum.mx\/wp-content\/uploads\/2026\/01\/vinum-wine-bottle-white-splash-269x300.webp 269w, https:\/\/vinum.mx\/wp-content\/uploads\/2026\/01\/vinum-wine-bottle-white-splash-918x1024.webp 918w, https:\/\/vinum.mx\/wp-content\/uploads\/2026\/01\/vinum-wine-bottle-white-splash-768x857.webp 768w\" sizes=\"auto, (max-width: 992px) 100vw, 992px\" \/><\/div>\n\t\t<\/figure>\n\t<\/div>\n<\/div><\/div><\/div><\/div><div class=\"vc_row wpb_row vc_row-fluid vc_custom_1767548972822 vc_row-o-equal-height vc_row-o-content-middle vc_row-flex\"><div class=\"wpb_column vc_column_container vc_col-sm-6 vc_col-has-fill\"><div class=\"vc_column-inner vc_custom_1546222516224\"><div class=\"wpb_wrapper\">\n\t<div  class=\"wpb_single_image wpb_content_element vc_align_center wpb_content_element vc_custom_1768604342458\">\n\t\t\n\t\t<figure class=\"wpb_wrapper vc_figure\">\n\t\t\t<div class=\"vc_single_image-wrapper   vc_box_border_grey\"><img loading=\"lazy\" decoding=\"async\" width=\"992\" height=\"1107\" src=\"https:\/\/vinum.mx\/wp-content\/uploads\/2026\/01\/vinum-wine-bottle-rose-splash.webp\" class=\"vc_single_image-img attachment-full\" alt=\"\" title=\"vinum-wine-bottle-rose-splash\" srcset=\"https:\/\/vinum.mx\/wp-content\/uploads\/2026\/01\/vinum-wine-bottle-rose-splash.webp 992w, https:\/\/vinum.mx\/wp-content\/uploads\/2026\/01\/vinum-wine-bottle-rose-splash-269x300.webp 269w, https:\/\/vinum.mx\/wp-content\/uploads\/2026\/01\/vinum-wine-bottle-rose-splash-918x1024.webp 918w, https:\/\/vinum.mx\/wp-content\/uploads\/2026\/01\/vinum-wine-bottle-rose-splash-768x857.webp 768w\" sizes=\"auto, (max-width: 992px) 100vw, 992px\" \/><\/div>\n\t\t<\/figure>\n\t<\/div>\n<\/div><\/div><\/div><div class=\"wpb_column vc_column_container vc_col-sm-6\"><div class=\"vc_column-inner vc_custom_1546222536731\"><div class=\"wpb_wrapper\">\n\t<div class=\"title-subtitle-box  vc_custom_1768671896074\" style=\" text-align: left;\">\n\t\t<h1 style=\" font-style: normal;\" class=\"special-title\" >\n\t\t<span style=\" color:#c89500; \" class=\"toptitle_has_hor_line\">Our<\/span>Ros\u00e9<\/h1>\n\t\t<div class=\"box-description\"><p><em>A Feast of Cherries, Strawberries, Peaches and Flowers<\/em><\/p>\n<p>A whisper of spring and sunshine that evokes freshness and seduction.<\/p>\n<\/div>\n\t<\/div> \n\t<div class=\"gg_list list_style_none list_border_bottom vc_custom_1775437892212\">\n<ul>\n<li><a href=\"https:\/\/vinum.mx\/en\/product\/clava-quintay-rose-reserva\/\">Clava Quintay Ros\u00e9<\/a><\/li>\n<\/ul>\n<\/div>\n\t<div class=\"gg-special-link-wrapper  text-align-right\"><a  class=\"gg-special-link special-hover underline_effect\" href=\"#\" title=\"Shop all\" target=\"_self\">Go to the Store<\/a><\/div><\/div><\/div><\/div><\/div>\n<\/div>","protected":false},"excerpt":{"rendered":"Nuestras Vin\u00edcolas de:Chile El vino chileno se comenz\u00f3 a producir en el siglo XVI con la llegada de los espa\u00f1oles. Hacia el siglo XIX se comenzaron a cultivar las cepas Cabernet, Merlot y Pinot Noir en el Valle del Maipo. Mientras la plaga de filoxera destru\u00eda los vi\u00f1edos europeos, las cepas chilenas permanecieron intactas, convirtiendo<p class=\"more-link-wrapper\"><a class=\"read-more special-hover right_horizontal_line_effect\" href=\"https:\/\/vinum.mx\/en\/chile\/\">Read More<\/a><\/p>","protected":false},"author":1,"featured_media":0,"parent":0,"menu_order":0,"comment_status":"closed","ping_status":"closed","template":"","meta":{"_acf_changed":false,"footnotes":""},"class_list":["post-4887","page","type-page","status-publish","hentry"],"acf":[],"_links":{"self":[{"href":"https:\/\/vinum.mx\/en\/wp-json\/wp\/v2\/pages\/4887","targetHints":{"allow":["GET"]}}],"collection":[{"href":"https:\/\/vinum.mx\/en\/wp-json\/wp\/v2\/pages"}],"about":[{"href":"https:\/\/vinum.mx\/en\/wp-json\/wp\/v2\/types\/page"}],"author":[{"embeddable":true,"href":"https:\/\/vinum.mx\/en\/wp-json\/wp\/v2\/users\/1"}],"replies":[{"embeddable":true,"href":"https:\/\/vinum.mx\/en\/wp-json\/wp\/v2\/comments?post=4887"}],"version-history":[{"count":16,"href":"https:\/\/vinum.mx\/en\/wp-json\/wp\/v2\/pages\/4887\/revisions"}],"predecessor-version":[{"id":4918,"href":"https:\/\/vinum.mx\/en\/wp-json\/wp\/v2\/pages\/4887\/revisions\/4918"}],"wp:attachment":[{"href":"https:\/\/vinum.mx\/en\/wp-json\/wp\/v2\/media?parent=4887"}],"curies":[{"name":"wp","href":"https:\/\/api.w.org\/{rel}","templated":true}]}}