{"id":4861,"date":"2026-04-05T23:13:33","date_gmt":"2026-04-05T23:13:33","guid":{"rendered":"https:\/\/vinum.mx\/?page_id=4861"},"modified":"2026-04-07T22:12:11","modified_gmt":"2026-04-07T22:12:11","slug":"argentina","status":"publish","type":"page","link":"https:\/\/vinum.mx\/en\/argentina\/","title":{"rendered":"Argentina"},"content":{"rendered":"<div class=\"wpb-content-wrapper\"><div class=\"vc_row wpb_row vc_row-fluid vc_custom_1767548249304\"><div class=\"wpb_column vc_column_container vc_col-sm-2\"><div class=\"vc_column-inner\"><div class=\"wpb_wrapper\"><\/div><\/div><\/div><div class=\"wpb_column vc_column_container vc_col-sm-8\"><div class=\"vc_column-inner\"><div class=\"wpb_wrapper\">\n\t<div class=\"title-subtitle-box  wpb_animate_when_almost_visible wpb_bottom-to-top bottom-to-top vc_custom_1775433529006\" style=\" text-align: center;\">\n\t\t<span class=\"gg-vertical-line\"  ><\/span>\n\t\t<h1 style=\" font-style: normal;\" class=\"special-title\" >\n\t\t<span style=\"\">Our Wineries From<\/span>Argentina<\/h1>\n\t\t<div class=\"box-description\"><p style=\"text-align: center;\">Wine production in Argentina began in the 16th century in Santiago del Estero and Cuyo for religious use. The major transformation occurred between 1860 and 1930 with the large influx of immigrants from Europe who introduced high-quality grape varieties.<br \/>\nFrom 1991 onwards, the wineries modernized, prioritizing quality. Malbec became established as the flagship grape variety, recognized worldwide for its high-altitude wines.<\/p>\n<\/div>\n\t<\/div> <\/div><\/div><\/div><div class=\"wpb_column vc_column_container vc_col-sm-2\"><div class=\"vc_column-inner\"><div class=\"wpb_wrapper\"><\/div><\/div><\/div><\/div><div class=\"vc_row wpb_row vc_row-fluid vc_custom_1767547103423 vc_row-o-content-top vc_row-flex\"><div class=\"wpb_column vc_column_container vc_col-sm-6\"><div class=\"vc_column-inner\"><div class=\"wpb_wrapper\">\n\t<div class=\"title-subtitle-box  wpb_animate_when_almost_visible wpb_bottom-to-top bottom-to-top vc_custom_1775436277133\" style=\" text-align: left;\">\n\t\t<h1 style=\" font-style: normal;\" class=\"special-title\" >\n\t\t<span style=\"\">Winery<\/span>El Molino<\/h1>\n\t\t<p style=\"\" class=\"special-subtitle\">Bt: Trapiche<\/p>\n\t\t<div class=\"box-description\"><p>Founded in 1883 in Mendoza, Trapiche is one of Argentina's leading wine producers, renowned for its focus on terroir diversity and innovation. It combines historic infrastructure with modern technology, and is particularly known for its Malbecs, biodynamic production methods, and its Espacio Trapiche restaurant.<\/p>\n<\/div>\n\t<\/div> \n\t<div class=\"gg-special-link-wrapper  vc_custom_1775433870043 text-align-left\"><a  class=\"gg-special-link special-hover right_horizontal_line_effect\" href=\"#\" title=\"\" target=\"_self\">Discover El Molino Wineries<\/a><\/div>\n\t<div  class=\"wpb_single_image wpb_content_element vc_align_left wpb_content_element wpb_animate_when_almost_visible wpb_bottom-to-top bottom-to-top vc_custom_1775599859359\">\n\t\t\n\t\t<figure class=\"wpb_wrapper vc_figure\">\n\t\t\t<div class=\"vc_single_image-wrapper   vc_box_border_grey\"><img loading=\"lazy\" decoding=\"async\" width=\"800\" height=\"1000\" src=\"https:\/\/vinum.mx\/wp-content\/uploads\/2026\/04\/vinum-by-hedone-bodega-el-molino-5.webp\" class=\"vc_single_image-img attachment-full\" alt=\"\" title=\"vinum-by-hedone-bodega-el-molino-5\" srcset=\"https:\/\/vinum.mx\/wp-content\/uploads\/2026\/04\/vinum-by-hedone-bodega-el-molino-5.webp 800w, https:\/\/vinum.mx\/wp-content\/uploads\/2026\/04\/vinum-by-hedone-bodega-el-molino-5-240x300.webp 240w, https:\/\/vinum.mx\/wp-content\/uploads\/2026\/04\/vinum-by-hedone-bodega-el-molino-5-768x960.webp 768w\" sizes=\"auto, (max-width: 800px) 100vw, 800px\" \/><\/div>\n\t\t<\/figure>\n\t<\/div>\n<\/div><\/div><\/div><div class=\"wpb_column vc_column_container vc_col-sm-6\"><div class=\"vc_column-inner\"><div class=\"wpb_wrapper\">\n\t<div  class=\"wpb_single_image wpb_content_element vc_align_left wpb_content_element wpb_animate_when_almost_visible wpb_bottom-to-top anim-delay-1 bottom-to-top anim-delay-1 vc_custom_1775599888142\">\n\t\t\n\t\t<figure class=\"wpb_wrapper vc_figure\">\n\t\t\t<div class=\"vc_single_image-wrapper   vc_box_border_grey\"><img loading=\"lazy\" decoding=\"async\" width=\"800\" height=\"1000\" src=\"https:\/\/vinum.mx\/wp-content\/uploads\/2026\/04\/vinum-by-hedone-el-esteco-amaru-5.webp\" class=\"vc_single_image-img attachment-full\" alt=\"\" title=\"vinum-by-hedone-el-esteco-amaru-5\" srcset=\"https:\/\/vinum.mx\/wp-content\/uploads\/2026\/04\/vinum-by-hedone-el-esteco-amaru-5.webp 800w, https:\/\/vinum.mx\/wp-content\/uploads\/2026\/04\/vinum-by-hedone-el-esteco-amaru-5-240x300.webp 240w, https:\/\/vinum.mx\/wp-content\/uploads\/2026\/04\/vinum-by-hedone-el-esteco-amaru-5-768x960.webp 768w\" sizes=\"auto, (max-width: 800px) 100vw, 800px\" \/><\/div>\n\t\t<\/figure>\n\t<\/div>\n\n\t<div class=\"title-subtitle-box  wpb_animate_when_almost_visible wpb_bottom-to-top bottom-to-top vc_custom_1775434731904\" style=\" text-align: left;\">\n\t\t<h1 style=\" font-style: normal;\" class=\"special-title\" >\n\t\t<span style=\"\">Winery<\/span>El Esteco<\/h1>\n\t\t<p style=\"\" class=\"special-subtitle\">High Vineyards<\/p>\n\t\t<div class=\"box-description\"><p>Founded in 1892 in Cafayate, Salta, this winery has become a benchmark for high-end wines in the Calchaqu\u00ed Valleys of Argentina. Located at over 1,700 meters above sea level, it produces wines of great character and expression under extreme conditions. It is distinguished by its colonial architecture, its own vineyards, and emblematic grape varieties such as Torront\u00e9s and Malbec.<\/p>\n<\/div>\n\t<\/div> \n\t<div class=\"gg-special-link-wrapper  vc_custom_1775433895914 text-align-left\"><a  class=\"gg-special-link special-hover right_horizontal_line_effect\" href=\"#\" title=\"\" target=\"_self\">Conoce Bodegas El Estero<\/a><\/div><\/div><\/div><\/div><\/div><div class=\"vc_row wpb_row vc_row-fluid vc_custom_1767547103423 vc_row-o-content-top vc_row-flex\"><div class=\"wpb_column vc_column_container vc_col-sm-6\"><div class=\"vc_column-inner\"><div class=\"wpb_wrapper\">\n\t<div class=\"title-subtitle-box  wpb_animate_when_almost_visible wpb_bottom-to-top bottom-to-top vc_custom_1775434880373\" style=\" text-align: left;\">\n\t\t<h1 style=\" font-style: normal;\" class=\"special-title\" >\n\t\t<span style=\"\">Winery<\/span>La Rosa<\/h1>\n\t\t<div class=\"box-description\"><p>Bodegas La Rosa is a historic Argentine winery founded in 1892 in Mendoza, and part of the Pe\u00f1aflor Group. Known for its distinctive wines, with over 100 years of history, it is one of the most traditional wineries in the region. It produces modern wines with great fruit expression.<\/p>\n<\/div>\n\t<\/div> \n\t<div class=\"gg-special-link-wrapper  vc_custom_1775434900585 text-align-left\"><a  class=\"gg-special-link special-hover right_horizontal_line_effect\" href=\"#\" title=\"\" target=\"_self\">Discover Bodegas La Rosa<\/a><\/div><\/div><\/div><\/div><div class=\"wpb_column vc_column_container vc_col-sm-6\"><div class=\"vc_column-inner\"><div class=\"wpb_wrapper\">\n\t<div  class=\"wpb_single_image wpb_content_element vc_align_left wpb_content_element wpb_animate_when_almost_visible wpb_bottom-to-top anim-delay-1 bottom-to-top anim-delay-1 vc_custom_1775599924473\">\n\t\t\n\t\t<figure class=\"wpb_wrapper vc_figure\">\n\t\t\t<div class=\"vc_single_image-wrapper   vc_box_border_grey\"><img loading=\"lazy\" decoding=\"async\" width=\"800\" height=\"1000\" src=\"https:\/\/vinum.mx\/wp-content\/uploads\/2026\/04\/vinum-by-hedone-bodegas-la-rosa-5.webp\" class=\"vc_single_image-img attachment-full\" alt=\"\" title=\"vinum-by-hedone-bodegas-la-rosa-5\" srcset=\"https:\/\/vinum.mx\/wp-content\/uploads\/2026\/04\/vinum-by-hedone-bodegas-la-rosa-5.webp 800w, https:\/\/vinum.mx\/wp-content\/uploads\/2026\/04\/vinum-by-hedone-bodegas-la-rosa-5-240x300.webp 240w, https:\/\/vinum.mx\/wp-content\/uploads\/2026\/04\/vinum-by-hedone-bodegas-la-rosa-5-768x960.webp 768w\" sizes=\"auto, (max-width: 800px) 100vw, 800px\" \/><\/div>\n\t\t<\/figure>\n\t<\/div>\n<\/div><\/div><\/div><\/div><div class=\"vc_row wpb_row vc_row-fluid vc_custom_1767548738513\"><div class=\"wpb_column vc_column_container vc_col-sm-2\"><div class=\"vc_column-inner\"><div class=\"wpb_wrapper\"><\/div><\/div><\/div><div class=\"wpb_column vc_column_container vc_col-sm-8\"><div class=\"vc_column-inner\"><div class=\"wpb_wrapper\">\n\t<div class=\"title-subtitle-box  wpb_animate_when_almost_visible wpb_bottom-to-top bottom-to-top vc_custom_1767548671300\" style=\" text-align: center;\">\n\t\t<span class=\"gg-vertical-line\"  ><\/span>\n\t\t<h1 style=\" font-style: normal;\" class=\"special-title\" >\n\t\t<span style=\"\">Our<\/span>Store<\/h1>\n\t<\/div> <\/div><\/div><\/div><div class=\"wpb_column vc_column_container vc_col-sm-2\"><div class=\"vc_column-inner\"><div class=\"wpb_wrapper\"><\/div><\/div><\/div><\/div><div class=\"vc_row wpb_row vc_row-fluid vc_custom_1767548803675 vc_row-o-equal-height vc_row-o-content-middle vc_row-flex\"><div class=\"wpb_column vc_column_container vc_col-sm-6 vc_col-has-fill\"><div class=\"vc_column-inner vc_custom_1546142208864\"><div class=\"wpb_wrapper\">\n\t<div  class=\"wpb_single_image wpb_content_element vc_align_center wpb_content_element vc_custom_1768347408383\">\n\t\t\n\t\t<figure class=\"wpb_wrapper vc_figure\">\n\t\t\t<div class=\"vc_single_image-wrapper   vc_box_border_grey\"><img loading=\"lazy\" decoding=\"async\" width=\"992\" height=\"1107\" src=\"https:\/\/vinum.mx\/wp-content\/uploads\/2026\/01\/wine-bottle-red-splash.webp\" class=\"vc_single_image-img attachment-full\" alt=\"\" title=\"vinum-wine-bottle-red-splash\" srcset=\"https:\/\/vinum.mx\/wp-content\/uploads\/2026\/01\/wine-bottle-red-splash.webp 992w, https:\/\/vinum.mx\/wp-content\/uploads\/2026\/01\/wine-bottle-red-splash-269x300.webp 269w, https:\/\/vinum.mx\/wp-content\/uploads\/2026\/01\/wine-bottle-red-splash-918x1024.webp 918w, https:\/\/vinum.mx\/wp-content\/uploads\/2026\/01\/wine-bottle-red-splash-768x857.webp 768w\" sizes=\"auto, (max-width: 992px) 100vw, 992px\" \/><\/div>\n\t\t<\/figure>\n\t<\/div>\n<\/div><\/div><\/div><div class=\"wpb_column vc_column_container vc_col-sm-6\"><div class=\"vc_column-inner vc_custom_1546158634451\"><div class=\"wpb_wrapper\">\n\t<div class=\"title-subtitle-box  vc_custom_1768672040121\" style=\" text-align: left;\">\n\t\t<h1 style=\" font-style: normal;\" class=\"special-title\" >\n\t\t<span style=\" color:#c89500; \" class=\"toptitle_has_hor_line\">Our<\/span>Reds<\/h1>\n\t\t<div class=\"box-description\"><p><em>Red Berries, Spices, Leather and Chocolate<\/em><\/p>\n<p>They evoke passion, depth, and mystery. Stories of ripe fruit, damp earth, and oak.<\/p>\n<\/div>\n\t<\/div> \n\t<div class=\"gg_list list_style_none list_border_bottom vc_custom_1775435341395\">\n<ul>\n<li><a href=\"https:\/\/vinum.mx\/en\/product\/amaru-cabernet-sauvignon\/\">Amaru Cabernet<\/a><\/li>\n<li><a href=\"https:\/\/vinum.mx\/en\/product\/amaru-malbec\/\">Amaru Malbec<\/a><\/li>\n<li><a href=\"https:\/\/vinum.mx\/en\/product\/el-molino-cabernet-sauvignon\/\">El Molino Cabernet<\/a><\/li>\n<li><a href=\"https:\/\/vinum.mx\/en\/product\/el-molino-malbec\/\">El Molino Malbec<\/a><\/li>\n<li><a href=\"https:\/\/vinum.mx\/en\/product\/bodegas-la-rosa-cientoquince\/\">La Rosa Cientoquince<\/a><\/li>\n<\/ul>\n<\/div>\n\t<div class=\"gg-special-link-wrapper  text-align-right\"><a  class=\"gg-special-link special-hover underline_effect\" href=\"https:\/\/vinum.mx\/en\/argentina\/\" title=\"\" target=\"_self\">Go to the Store<\/a><\/div><\/div><\/div><\/div><\/div><div class=\"vc_row wpb_row vc_row-fluid vc_custom_1546222487312 vc_row-o-equal-height vc_row-o-content-middle vc_row-flex\"><div class=\"wpb_column vc_column_container vc_col-sm-6\"><div class=\"vc_column-inner vc_custom_1546221574253\"><div class=\"wpb_wrapper\">\n\t<div class=\"title-subtitle-box  vc_custom_1768671848226\" style=\" text-align: left;\">\n\t\t<h1 style=\" font-style: normal;\" class=\"special-title\" >\n\t\t<span style=\" color:#c89500; \" class=\"toptitle_has_hor_line\">Our<\/span>Whites<\/h1>\n\t\t<div class=\"box-description\"><p><em>Great freshness, acidity, minerality and floral notes<\/em><\/p>\n<p>Crystalline and golden hues. They honor citrus fruits, flowers, herbs, and the terroir.<\/p>\n<\/div>\n\t<\/div> \n\t<div class=\"gg_list list_style_none list_border_bottom vc_custom_1775435720386\">\n<ul>\n<li><a href=\"https:\/\/vinum.mx\/en\/product\/el-molino-chardonnay\/\">El Molino Chardonnay<\/a><\/li>\n<\/ul>\n<\/div>\n\t<div class=\"gg-special-link-wrapper  text-align-right\"><a  class=\"gg-special-link special-hover underline_effect\" href=\"https:\/\/vinum.mx\/en\/argentina\/\" title=\"\" target=\"_self\">Go to the Store<\/a><\/div><\/div><\/div><\/div><div class=\"wpb_column vc_column_container vc_col-sm-6 vc_col-has-fill\"><div class=\"vc_column-inner vc_custom_1546213404326\"><div class=\"wpb_wrapper\">\n\t<div  class=\"wpb_single_image wpb_content_element vc_align_center wpb_content_element vc_custom_1768347446871\">\n\t\t\n\t\t<figure class=\"wpb_wrapper vc_figure\">\n\t\t\t<div class=\"vc_single_image-wrapper   vc_box_border_grey\"><img loading=\"lazy\" decoding=\"async\" width=\"992\" height=\"1107\" src=\"https:\/\/vinum.mx\/wp-content\/uploads\/2026\/01\/vinum-wine-bottle-white-splash.webp\" class=\"vc_single_image-img attachment-full\" alt=\"\" title=\"vinum-wine-bottle-white-splash\" srcset=\"https:\/\/vinum.mx\/wp-content\/uploads\/2026\/01\/vinum-wine-bottle-white-splash.webp 992w, https:\/\/vinum.mx\/wp-content\/uploads\/2026\/01\/vinum-wine-bottle-white-splash-269x300.webp 269w, https:\/\/vinum.mx\/wp-content\/uploads\/2026\/01\/vinum-wine-bottle-white-splash-918x1024.webp 918w, https:\/\/vinum.mx\/wp-content\/uploads\/2026\/01\/vinum-wine-bottle-white-splash-768x857.webp 768w\" sizes=\"auto, (max-width: 992px) 100vw, 992px\" \/><\/div>\n\t\t<\/figure>\n\t<\/div>\n<\/div><\/div><\/div><\/div>\n<\/div>","protected":false},"excerpt":{"rendered":"Nuestras Vin\u00edcolas de:Argentina La producci\u00f3n en Argentina inicio en el siglo XVI en Santiago del Estero y Cuyo para uso religioso. La gran transformaci\u00f3n se dio entre los a\u00f1os 1860 y 1930 con la fuerte migraci\u00f3n desde Europa quienes introdujeron cepas de alta calidad. A partir de 1991, las bodegas se modernizaron priorizando la calidad.<p class=\"more-link-wrapper\"><a class=\"read-more special-hover right_horizontal_line_effect\" href=\"https:\/\/vinum.mx\/en\/argentina\/\">Read More<\/a><\/p>","protected":false},"author":1,"featured_media":0,"parent":0,"menu_order":0,"comment_status":"closed","ping_status":"closed","template":"","meta":{"_acf_changed":false,"footnotes":""},"class_list":["post-4861","page","type-page","status-publish","hentry"],"acf":[],"_links":{"self":[{"href":"https:\/\/vinum.mx\/en\/wp-json\/wp\/v2\/pages\/4861","targetHints":{"allow":["GET"]}}],"collection":[{"href":"https:\/\/vinum.mx\/en\/wp-json\/wp\/v2\/pages"}],"about":[{"href":"https:\/\/vinum.mx\/en\/wp-json\/wp\/v2\/types\/page"}],"author":[{"embeddable":true,"href":"https:\/\/vinum.mx\/en\/wp-json\/wp\/v2\/users\/1"}],"replies":[{"embeddable":true,"href":"https:\/\/vinum.mx\/en\/wp-json\/wp\/v2\/comments?post=4861"}],"version-history":[{"count":27,"href":"https:\/\/vinum.mx\/en\/wp-json\/wp\/v2\/pages\/4861\/revisions"}],"predecessor-version":[{"id":4917,"href":"https:\/\/vinum.mx\/en\/wp-json\/wp\/v2\/pages\/4861\/revisions\/4917"}],"wp:attachment":[{"href":"https:\/\/vinum.mx\/en\/wp-json\/wp\/v2\/media?parent=4861"}],"curies":[{"name":"wp","href":"https:\/\/api.w.org\/{rel}","templated":true}]}}