{"id":4090,"date":"2026-02-20T19:25:17","date_gmt":"2026-02-20T19:25:17","guid":{"rendered":"https:\/\/vinum.mx\/?page_id=4090"},"modified":"2026-03-03T20:59:33","modified_gmt":"2026-03-03T20:59:33","slug":"casa-defra","status":"publish","type":"page","link":"https:\/\/vinum.mx\/en\/casa-defra\/","title":{"rendered":"Casa Defr\u00e0"},"content":{"rendered":"<div class=\"wpb-content-wrapper\"><div data-vc-full-width=\"true\" data-vc-full-width-init=\"false\" data-vc-stretch-content=\"true\" class=\"vc_row wpb_row vc_row-fluid vc_custom_1767497609067 vc_row-no-padding\"><div class=\"wpb_column vc_column_container vc_col-sm-12\"><div class=\"vc_column-inner\"><div class=\"wpb_wrapper\"><div class=\"wpb_images_carousel wpb_content_element vc_clearfix vc_custom_1766523832350 wpb_content_element\"><div class=\"wpb_wrapper\"><div id=\"vc_images-carousel-1-1776589549\" data-ride=\"vc_carousel\" data-wrap=\"true\" style=\"width: 100%;\" data-interval=\"5000\" data-auto-height=\"yes\" data-mode=\"horizontal\" data-partial=\"false\" data-per-view=\"1\" data-hide-on-end=\"false\" class=\"vc_slide vc_images_carousel\"><div class=\"vc_carousel-inner\"><div class=\"vc_carousel-slideline\"><div class=\"vc_carousel-slideline-inner\"><div class=\"vc_item\"><div class=\"vc_inner\"><\/div><\/div><div class=\"vc_item\"><div class=\"vc_inner\"><\/div><\/div><div class=\"vc_item\"><div class=\"vc_inner\"><\/div><\/div><\/div><\/div><\/div><a class=\"vc_left vc_carousel-control\" href=\"#vc_images-carousel-1-1776589549\" data-slide=\"prev\"><span class=\"icon-prev\"><\/span><\/a><a class=\"vc_right vc_carousel-control\" href=\"#vc_images-carousel-1-1776589549\" data-slide=\"next\"><span class=\"icon-next\"><\/span><\/a><\/div><\/div><\/div><\/div><\/div><\/div><\/div><div class=\"vc_row-full-width vc_clearfix\"><\/div><div class=\"vc_row wpb_row vc_row-fluid vc_custom_1767497645890\"><div class=\"wpb_column vc_column_container vc_col-sm-12\"><div class=\"vc_column-inner\"><div class=\"wpb_wrapper\">\n\t<div class=\"title-subtitle-box\" style=\" text-align: center;\">\n\t\t<span class=\"gg-vertical-line\"  ><\/span>\n\t\t<h1 style=\" font-style: normal;\" class=\"special-title\" >Facts &amp; Figures<\/h1>\n\t\t<p style=\"\" class=\"special-subtitle\">Wine is for everyone<\/p>\n\t<\/div> <div class=\"vc_row wpb_row vc_inner vc_row-fluid vc_custom_1538489763067 vc_row-has-fill vc_row-o-content-middle vc_row-flex\"><div class=\"wpb_column vc_column_container vc_col-sm-6\"><div class=\"vc_column-inner vc_custom_1538489839699\"><div class=\"wpb_wrapper\"><div class=\"vc_empty_space  visible-on-mobile\"   style=\"height: 1.5em\"><span class=\"vc_empty_space_inner\"><\/span><\/div>\n\t<div class=\"gg-infobox  text-align-left use_horizontal_line\" >\n\t\t<div class=\"infobox-title\" >Vineyards<\/div>\n\t\t<div class=\"infobox-description\" ><p>35 hectares of vineyards + cooperatives<\/p>\n<\/div>\n\t<\/div> \n\t<div class=\"gg-infobox  text-align-left use_horizontal_line\" >\n\t\t<div class=\"infobox-title\" >Wine region<\/div>\n\t\t<div class=\"infobox-description\" ><p>Delle Venezie<\/p>\n<\/div>\n\t<\/div> \n\t<div class=\"gg-infobox  text-align-left use_horizontal_line\" >\n\t\t<div class=\"infobox-title\" >Varietals<\/div>\n\t\t<div class=\"infobox-description\" ><p>Pinot Grigio, Glera, Merlot, Sangiovese, Corvina, Garganega, Grillo<\/p>\n<\/div>\n\t<\/div> \n\t<div class=\"gg-infobox  text-align-left use_horizontal_line\" >\n\t\t<div class=\"infobox-title\" >Production Style<\/div>\n\t\t<div class=\"infobox-description\" ><p>Certified organic vineyards<\/p>\n<\/div>\n\t<\/div> \n\t<div class=\"gg-infobox  text-align-left use_horizontal_line\" >\n\t\t<div class=\"infobox-title\" >Wine Line<\/div>\n\t\t<div class=\"infobox-description\" ><p>Pinot Grigio, Pinot Grigio Ros\u00e9, Prosecco and Prosecco Ros\u00e9<\/p>\n<\/div>\n\t<\/div> <\/div><\/div><\/div><div class=\"wpb_column vc_column_container vc_col-sm-6\"><div class=\"vc_column-inner vc_custom_1538489830950\"><div class=\"wpb_wrapper\">\n\t<div  class=\"wpb_single_image wpb_content_element vc_align_center wpb_content_element vc_custom_1766535195141\">\n\t\t\n\t\t<figure class=\"wpb_wrapper vc_figure\">\n\t\t\t<div class=\"vc_single_image-wrapper   vc_box_border_grey\"><img loading=\"lazy\" decoding=\"async\" width=\"800\" height=\"900\" src=\"https:\/\/vinum.mx\/wp-content\/uploads\/2025\/12\/vinum-by-hedone-chateau-de-berne-5.webp\" class=\"vc_single_image-img attachment-full\" alt=\"\" title=\"vinum-by-hedone-chateau-de-berne-5\" srcset=\"https:\/\/vinum.mx\/wp-content\/uploads\/2025\/12\/vinum-by-hedone-chateau-de-berne-5.webp 800w, https:\/\/vinum.mx\/wp-content\/uploads\/2025\/12\/vinum-by-hedone-chateau-de-berne-5-267x300.webp 267w, https:\/\/vinum.mx\/wp-content\/uploads\/2025\/12\/vinum-by-hedone-chateau-de-berne-5-768x864.webp 768w\" sizes=\"auto, (max-width: 800px) 100vw, 800px\" \/><\/div>\n\t\t<\/figure>\n\t<\/div>\n<\/div><\/div><\/div><\/div><\/div><\/div><\/div><\/div><section class=\"vc_section vc_custom_1767497692464\"><div class=\"vc_row wpb_row vc_row-fluid vc_custom_1767497681034\"><div class=\"wpb_column vc_column_container vc_col-sm-12\"><div class=\"vc_column-inner\"><div class=\"wpb_wrapper\">\n\t<div class=\"title-subtitle-box  vc_custom_1766591030218\" style=\" text-align: center;\">\n\t\t<span class=\"gg-vertical-line\"  ><\/span>\n\t\t<h1 style=\" font-style: normal;\" class=\"special-title\" >Location &amp; Vineyard<\/h1>\n\t\t<p style=\"\" class=\"special-subtitle\">39.7712\u00b0 S, 176.7416\u00b0 E<\/p>\n\t\t<div class=\"box-description\"><p style=\"text-align: center;\"><a href=\"https:\/\/maps.app.goo.gl\/H4qUrgGgZkSMt98T8\">View on Google Maps<\/a><\/p>\n<\/div>\n\t<\/div> <\/div><\/div><\/div><\/div><div class=\"vc_row wpb_row vc_row-fluid vc_custom_1538488236222 vc_row-o-content-middle vc_row-flex\"><div class=\"wpb_column vc_column_container vc_col-sm-6\"><div class=\"vc_column-inner vc_custom_1538488704422\"><div class=\"wpb_wrapper\">\n\t<div class=\"title-subtitle-box  vc_custom_1771617008707\" style=\" text-align: left;\">\n\t\t<h1 style=\" font-style: normal;\" class=\"special-title\" >\n\t\t<span style=\"\">The<\/span>Wineyard<\/h1>\n\t\t<div class=\"box-description\"><p>The vineyards stretch between the provinces of Vicenza and Verona. The land is of volcanic and basaltic origin, and the charm of its landscape has been preserved intact over time. Composed of forests and vineyards, the area has been a UNESCO World Heritage Site for many years.<\/p>\n<p>It is a rich and fertile area that has made this land ideal for viticulture since ancient times. The oldest evidence of Prosecco production can be found here; in fact, Prosecco from Monte Berico is mentioned in a 1754 literary volume entitled \"Roccolo Ditirambo.\"<\/p>\n<\/div>\n\t<\/div> <div class=\"vc_row wpb_row vc_inner vc_row-fluid\"><div class=\"wpb_column vc_column_container vc_col-sm-6\"><div class=\"vc_column-inner\"><div class=\"wpb_wrapper\">\n\t<div class=\"featured-icon-wrapper  style_2 text-align-left\">\n\t<div class=\"featured-icon-media-wrapper\">\n\t<img decoding=\"async\" class=\"featured-image-icon\" src=\"https:\/\/vinum.mx\/wp-content\/uploads\/2018\/10\/sunshine-icn-black-40x40.png\" width=\"40\" height=\"40\" alt=\"sunshine-icn-black\" title=\"sunshine-icn-black\" loading=\"lazy\" \/>\n\t<\/div>\n\t<div class=\"featured-icon-content-wrapper\">\n\t<div class=\"featured-icon-title\">Sun<\/div>\n\t<div class=\"featured-icon-subtitle\">2,865 hrs<\/div>\n\t<\/div>\n\t<\/div><\/div><\/div><\/div><div class=\"wpb_column vc_column_container vc_col-sm-6\"><div class=\"vc_column-inner\"><div class=\"wpb_wrapper\">\n\t<div class=\"featured-icon-wrapper  style_2 text-align-left\">\n\t<div class=\"featured-icon-media-wrapper\">\n\t<img decoding=\"async\" class=\"featured-image-icon\" src=\"https:\/\/vinum.mx\/wp-content\/uploads\/2018\/10\/rain-icn-black-40x40.png\" width=\"40\" height=\"40\" alt=\"rain-icn-black\" title=\"rain-icn-black\" loading=\"lazy\" \/>\n\t<\/div>\n\t<div class=\"featured-icon-content-wrapper\">\n\t<div class=\"featured-icon-title\">Rain<\/div>\n\t<div class=\"featured-icon-subtitle\">710 mm<\/div>\n\t<\/div>\n\t<\/div><\/div><\/div><\/div><\/div><div class=\"vc_empty_space  visible-on-mobile\"   style=\"height: 1.5em\"><span class=\"vc_empty_space_inner\"><\/span><\/div><\/div><\/div><\/div><div class=\"wpb_column vc_column_container vc_col-sm-6\"><div class=\"vc_column-inner vc_custom_1538488213437\"><div class=\"wpb_wrapper\">\n\t<div  class=\"wpb_single_image wpb_content_element vc_align_center wpb_content_element vc_custom_1766535225379\">\n\t\t\n\t\t<figure class=\"wpb_wrapper vc_figure\">\n\t\t\t<div class=\"vc_single_image-wrapper   vc_box_border_grey\"><img loading=\"lazy\" decoding=\"async\" width=\"800\" height=\"900\" src=\"https:\/\/vinum.mx\/wp-content\/uploads\/2025\/12\/vinum-by-hedone-chateau-de-berne-6.webp\" class=\"vc_single_image-img attachment-full\" alt=\"\" title=\"vinum-by-hedone-chateau-de-berne-6\" srcset=\"https:\/\/vinum.mx\/wp-content\/uploads\/2025\/12\/vinum-by-hedone-chateau-de-berne-6.webp 800w, https:\/\/vinum.mx\/wp-content\/uploads\/2025\/12\/vinum-by-hedone-chateau-de-berne-6-267x300.webp 267w, https:\/\/vinum.mx\/wp-content\/uploads\/2025\/12\/vinum-by-hedone-chateau-de-berne-6-768x864.webp 768w\" sizes=\"auto, (max-width: 800px) 100vw, 800px\" \/><\/div>\n\t\t<\/figure>\n\t<\/div>\n<\/div><\/div><\/div><\/div><div class=\"vc_row wpb_row vc_row-fluid vc_custom_1553094225926 vc_row-o-content-middle vc_row-flex\"><div class=\"wpb_column vc_column_container vc_col-sm-6\"><div class=\"vc_column-inner vc_custom_1538488220338\"><div class=\"wpb_wrapper\">\n\t<div  class=\"wpb_single_image wpb_content_element vc_align_center wpb_content_element vc_custom_1766535239992\">\n\t\t\n\t\t<figure class=\"wpb_wrapper vc_figure\">\n\t\t\t<div class=\"vc_single_image-wrapper   vc_box_border_grey\"><img loading=\"lazy\" decoding=\"async\" width=\"800\" height=\"900\" src=\"https:\/\/vinum.mx\/wp-content\/uploads\/2025\/12\/vinum-by-hedone-chateau-de-berne-7.webp\" class=\"vc_single_image-img attachment-full\" alt=\"\" title=\"vinum-by-hedone-chateau-de-berne-7\" srcset=\"https:\/\/vinum.mx\/wp-content\/uploads\/2025\/12\/vinum-by-hedone-chateau-de-berne-7.webp 800w, https:\/\/vinum.mx\/wp-content\/uploads\/2025\/12\/vinum-by-hedone-chateau-de-berne-7-267x300.webp 267w, https:\/\/vinum.mx\/wp-content\/uploads\/2025\/12\/vinum-by-hedone-chateau-de-berne-7-768x864.webp 768w\" sizes=\"auto, (max-width: 800px) 100vw, 800px\" \/><\/div>\n\t\t<\/figure>\n\t<\/div>\n<\/div><\/div><\/div><div class=\"wpb_column vc_column_container vc_col-sm-6\"><div class=\"vc_column-inner vc_custom_1538489357952\"><div class=\"wpb_wrapper\"><div class=\"vc_empty_space  visible-on-mobile\"   style=\"height: 1.5em\"><span class=\"vc_empty_space_inner\"><\/span><\/div>\n\t<div class=\"title-subtitle-box  vc_custom_1771617519589\" style=\" text-align: left;\">\n\t\t<h1 style=\" font-style: normal;\" class=\"special-title\" >\n\t\t<span style=\"\">The<\/span>Terroir<\/h1>\n\t\t<div class=\"box-description\"><p>Delle Venezie is located in northeastern Italy (Veneto, Friuli-Venezia Giulia, and Trentino) and is characterized by the production of primarily white wines. The vineyards are typically planted on hills and plains, with mineral-rich soils that include alluvial deposits, gravel, sand, and limestone. This mixture promotes good drainage and a distinctive minerality in the wines.<\/p>\n<p>The combination of mountain protection, sea breezes, and mineral soils creates an ideal environment for producing fresh, elegant, and balanced white wines.<\/p>\n<\/div>\n\t<\/div> <div class=\"vc_row wpb_row vc_inner vc_row-fluid\"><div class=\"wpb_column vc_column_container vc_col-sm-6\"><div class=\"vc_column-inner\"><div class=\"wpb_wrapper\">\n\t<div class=\"featured-icon-wrapper  style_2 text-align-left\">\n\t<div class=\"featured-icon-media-wrapper\">\n\t<img decoding=\"async\" class=\"featured-image-icon\" src=\"https:\/\/vinum.mx\/wp-content\/uploads\/2018\/10\/temperature-icn-black-40x40.png\" width=\"40\" height=\"40\" alt=\"temperature-icn-black\" title=\"temperature-icn-black\" loading=\"lazy\" \/>\n\t<\/div>\n\t<div class=\"featured-icon-content-wrapper\">\n\t<div class=\"featured-icon-title\">Temperature<\/div>\n\t<div class=\"featured-icon-subtitle\">25.3\u00b0C<\/div>\n\t<\/div>\n\t<\/div><\/div><\/div><\/div><div class=\"wpb_column vc_column_container vc_col-sm-6\"><div class=\"vc_column-inner\"><div class=\"wpb_wrapper\">\n\t<div class=\"featured-icon-wrapper  style_2 text-align-left\">\n\t<div class=\"featured-icon-media-wrapper\">\n\t<img decoding=\"async\" class=\"featured-image-icon\" src=\"https:\/\/vinum.mx\/wp-content\/uploads\/2018\/10\/parcels-icn-black-40x40.png\" width=\"40\" height=\"40\" alt=\"parcels-icn-black\" title=\"parcels-icn-black\" loading=\"lazy\" \/>\n\t<\/div>\n\t<div class=\"featured-icon-content-wrapper\">\n\t<div class=\"featured-icon-title\">Vineyards<\/div>\n\t<div class=\"featured-icon-subtitle\">150 ha<\/div>\n\t<\/div>\n\t<\/div><\/div><\/div><\/div><\/div><\/div><\/div><\/div><\/div><\/section><div data-vc-full-width=\"true\" data-vc-full-width-init=\"false\" class=\"vc_row wpb_row vc_row-fluid background-position-center-top vc_custom_1772548914497 vc_row-has-fill\"><div class=\"wpb_column vc_column_container vc_col-sm-12\"><div class=\"vc_column-inner\"><div class=\"wpb_wrapper\">\n\t<div class=\"title-subtitle-box  vc_custom_1772548998564\" style=\" text-align: center;\">\n\t\t<span class=\"gg-vertical-line\"  ><\/span>\n\t\t<h1 style=\" font-style: normal;\" class=\"special-title\" >Discover Casa Defr\u00e0<\/h1>\n\t\t<p style=\"\" class=\"special-subtitle\">Exceptional wines from Italy<\/p>\n\t<\/div> \n\t<div class=\"gg-special-button-wrapper  vc_custom_1772549146294 special-button-align-center special-button-style-btn-primary gradient-outline\"><a class=\"btn btn-primary gradient-outline\" href=\"https:\/\/vinum.mx\/en\/product-category\/pais\/italia\/\" title=\"Our Wines from Italy\" target=\"_self\">Our Wines from Italy<\/a><\/div>\n\t<div  class=\"wpb_single_image wpb_content_element vc_align_center wpb_content_element vc_custom_1772571570037\">\n\t\t\n\t\t<figure class=\"wpb_wrapper vc_figure\">\n\t\t\t<div class=\"vc_single_image-wrapper   vc_box_border_grey\"><img loading=\"lazy\" decoding=\"async\" width=\"300\" height=\"97\" src=\"https:\/\/vinum.mx\/wp-content\/uploads\/2026\/03\/vinum-by-hedone-casa-defra-5-300x97.webp\" class=\"vc_single_image-img attachment-medium\" alt=\"\" title=\"vinum-by-hedone-casa-defra-5\" srcset=\"https:\/\/vinum.mx\/wp-content\/uploads\/2026\/03\/vinum-by-hedone-casa-defra-5-300x97.webp 300w, https:\/\/vinum.mx\/wp-content\/uploads\/2026\/03\/vinum-by-hedone-casa-defra-5-1024x331.webp 1024w, https:\/\/vinum.mx\/wp-content\/uploads\/2026\/03\/vinum-by-hedone-casa-defra-5-768x249.webp 768w, https:\/\/vinum.mx\/wp-content\/uploads\/2026\/03\/vinum-by-hedone-casa-defra-5.webp 1384w\" sizes=\"auto, (max-width: 300px) 100vw, 300px\" \/><\/div>\n\t\t<\/figure>\n\t<\/div>\n<\/div><\/div><\/div><\/div><div class=\"vc_row-full-width vc_clearfix\"><\/div>\n<\/div>","protected":false},"excerpt":{"rendered":"Datos &amp; Cifras El Vino es para todos Vi\u00f1edos 35 hect\u00e1reas de vi\u00f1edos + cooperativas Regi\u00f3n vin\u00edcola Delle Venezie Varietales Pinot Grigio, Glera, Merlot, Sangiovese, Corvina, Garganega, Grillo Tipo de Producci\u00f3n Vi\u00f1edos ecol\u00f3gicos certificados L\u00ednea de Vinos Pinot Grigio, Pinot Grigio Ros\u00e9, Prosecco y Prosecco Ros\u00e9 Ubicaci\u00f3n &amp; Vi\u00f1edo 39.7712\u00b0 S, 176.7416\u00b0 E Ver en<p class=\"more-link-wrapper\"><a class=\"read-more special-hover right_horizontal_line_effect\" href=\"https:\/\/vinum.mx\/en\/casa-defra\/\">Read More<\/a><\/p>","protected":false},"author":1,"featured_media":4577,"parent":0,"menu_order":0,"comment_status":"closed","ping_status":"closed","template":"","meta":{"_acf_changed":false,"footnotes":""},"class_list":["post-4090","page","type-page","status-publish","has-post-thumbnail","hentry","has_thumb"],"acf":[],"_links":{"self":[{"href":"https:\/\/vinum.mx\/en\/wp-json\/wp\/v2\/pages\/4090","targetHints":{"allow":["GET"]}}],"collection":[{"href":"https:\/\/vinum.mx\/en\/wp-json\/wp\/v2\/pages"}],"about":[{"href":"https:\/\/vinum.mx\/en\/wp-json\/wp\/v2\/types\/page"}],"author":[{"embeddable":true,"href":"https:\/\/vinum.mx\/en\/wp-json\/wp\/v2\/users\/1"}],"replies":[{"embeddable":true,"href":"https:\/\/vinum.mx\/en\/wp-json\/wp\/v2\/comments?post=4090"}],"version-history":[{"count":11,"href":"https:\/\/vinum.mx\/en\/wp-json\/wp\/v2\/pages\/4090\/revisions"}],"predecessor-version":[{"id":4581,"href":"https:\/\/vinum.mx\/en\/wp-json\/wp\/v2\/pages\/4090\/revisions\/4581"}],"wp:featuredmedia":[{"embeddable":true,"href":"https:\/\/vinum.mx\/en\/wp-json\/wp\/v2\/media\/4577"}],"wp:attachment":[{"href":"https:\/\/vinum.mx\/en\/wp-json\/wp\/v2\/media?parent=4090"}],"curies":[{"name":"wp","href":"https:\/\/api.w.org\/{rel}","templated":true}]}}