{"id":4072,"date":"2026-02-20T16:56:01","date_gmt":"2026-02-20T16:56:01","guid":{"rendered":"https:\/\/vinum.mx\/?page_id=4072"},"modified":"2026-04-05T23:00:52","modified_gmt":"2026-04-05T23:00:52","slug":"italia","status":"publish","type":"page","link":"https:\/\/vinum.mx\/en\/italia\/","title":{"rendered":"Italy"},"content":{"rendered":"<div class=\"wpb-content-wrapper\"><div class=\"vc_row wpb_row vc_row-fluid vc_custom_1767548249304\"><div class=\"wpb_column vc_column_container vc_col-sm-2\"><div class=\"vc_column-inner\"><div class=\"wpb_wrapper\"><\/div><\/div><\/div><div class=\"wpb_column vc_column_container vc_col-sm-8\"><div class=\"vc_column-inner\"><div class=\"wpb_wrapper\">\n\t<div class=\"title-subtitle-box  wpb_animate_when_almost_visible wpb_bottom-to-top bottom-to-top vc_custom_1772472803321\" style=\" text-align: center;\">\n\t\t<span class=\"gg-vertical-line\"  ><\/span>\n\t\t<h1 style=\" font-style: normal;\" class=\"special-title\" >\n\t\t<span style=\"\">Our Wineries From<\/span>Italy<\/h1>\n\t\t<div class=\"box-description\"><p>Italy boasts over 500 indigenous grape varieties and a rich, millennia-old winemaking culture. Regions like Tuscany, Piedmont, and Veneto are internationally renowned for their high-quality wines. Italy has cultivated vines for millennia. The Romans developed techniques such as the use of wooden barrels.<\/p>\n<\/div>\n\t<\/div> <\/div><\/div><\/div><div class=\"wpb_column vc_column_container vc_col-sm-2\"><div class=\"vc_column-inner\"><div class=\"wpb_wrapper\"><\/div><\/div><\/div><\/div><div class=\"vc_row wpb_row vc_row-fluid vc_custom_1767547103423 vc_row-o-content-top vc_row-flex\"><div class=\"wpb_column vc_column_container vc_col-sm-6\"><div class=\"vc_column-inner\"><div class=\"wpb_wrapper\">\n\t<div class=\"title-subtitle-box  wpb_animate_when_almost_visible wpb_bottom-to-top bottom-to-top vc_custom_1772417450841\" style=\" text-align: left;\">\n\t\t<h1 style=\" font-style: normal;\" class=\"special-title\" >\n\t\t<span style=\"\">Casa<\/span>Defr\u00e0<\/h1>\n\t\t<div class=\"box-description\"><p>Located at the foot of the Vicentini Hills, this winery was established in 1908. It is the genesis of a project spanning four generations that has crossed borders to expand globally. It produces wines with grapes grown in the Vicenza area by winegrowers who have been linked to their land for generations.<\/p>\n<\/div>\n\t<\/div> \n\t<div class=\"gg-special-link-wrapper  vc_custom_1772473032332 text-align-left\"><a  class=\"gg-special-link special-hover right_horizontal_line_effect\" href=\"https:\/\/vinum.mx\/en\/casa-defra\/\" title=\"\" target=\"_self\">Discover Casa Defra<\/a><\/div>\n\t<div  class=\"wpb_single_image wpb_content_element vc_align_left wpb_content_element wpb_animate_when_almost_visible wpb_bottom-to-top bottom-to-top vc_custom_1772545281955\">\n\t\t\n\t\t<figure class=\"wpb_wrapper vc_figure\">\n\t\t\t<div class=\"vc_single_image-wrapper   vc_box_border_grey\"><img loading=\"lazy\" decoding=\"async\" width=\"800\" height=\"1000\" src=\"https:\/\/vinum.mx\/wp-content\/uploads\/2026\/03\/vinum-by-hedone-casa-defra-1.webp\" class=\"vc_single_image-img attachment-full\" alt=\"\" title=\"vinum-by-hedone-casa-defra-1\" srcset=\"https:\/\/vinum.mx\/wp-content\/uploads\/2026\/03\/vinum-by-hedone-casa-defra-1.webp 800w, https:\/\/vinum.mx\/wp-content\/uploads\/2026\/03\/vinum-by-hedone-casa-defra-1-240x300.webp 240w, https:\/\/vinum.mx\/wp-content\/uploads\/2026\/03\/vinum-by-hedone-casa-defra-1-768x960.webp 768w\" sizes=\"auto, (max-width: 800px) 100vw, 800px\" \/><\/div>\n\t\t<\/figure>\n\t<\/div>\n<\/div><\/div><\/div><div class=\"wpb_column vc_column_container vc_col-sm-6\"><div class=\"vc_column-inner\"><div class=\"wpb_wrapper\">\n\t<div  class=\"wpb_single_image wpb_content_element vc_align_left wpb_content_element wpb_animate_when_almost_visible wpb_bottom-to-top anim-delay-1 bottom-to-top anim-delay-1 vc_custom_1772545299860\">\n\t\t\n\t\t<figure class=\"wpb_wrapper vc_figure\">\n\t\t\t<div class=\"vc_single_image-wrapper   vc_box_border_grey\"><img loading=\"lazy\" decoding=\"async\" width=\"800\" height=\"1000\" src=\"https:\/\/vinum.mx\/wp-content\/uploads\/2026\/03\/vinum-by-hedone-cielo-e-terra-1.webp\" class=\"vc_single_image-img attachment-full\" alt=\"\" title=\"vinum-by-hedone-cielo-e-terra-1\" srcset=\"https:\/\/vinum.mx\/wp-content\/uploads\/2026\/03\/vinum-by-hedone-cielo-e-terra-1.webp 800w, https:\/\/vinum.mx\/wp-content\/uploads\/2026\/03\/vinum-by-hedone-cielo-e-terra-1-240x300.webp 240w, https:\/\/vinum.mx\/wp-content\/uploads\/2026\/03\/vinum-by-hedone-cielo-e-terra-1-768x960.webp 768w\" sizes=\"auto, (max-width: 800px) 100vw, 800px\" \/><\/div>\n\t\t<\/figure>\n\t<\/div>\n\n\t<div class=\"title-subtitle-box  wpb_animate_when_almost_visible wpb_bottom-to-top bottom-to-top vc_custom_1772417604866\" style=\" text-align: left;\">\n\t\t<h1 style=\" font-style: normal;\" class=\"special-title\" >\n\t\t<span style=\"\">Cielo e<\/span>Terra<\/h1>\n\t\t<div class=\"box-description\"><p>Cielo e Terra has two roots in the Veneto region: the Cielo family and the winegrowers of Cantine dei Colli Berici, which dates back to 1908, in the Vicenza countryside near the castles of Romeo and Juliet. They take pride in being in a fertile, ancient, and lush region for producing great Prosecco.<\/p>\n<\/div>\n\t<\/div> \n\t<div class=\"gg-special-link-wrapper  vc_custom_1772473043314 text-align-left\"><a  class=\"gg-special-link special-hover right_horizontal_line_effect\" href=\"#\" title=\"\" target=\"_self\">Discover Cielo e Terra<\/a><\/div><\/div><\/div><\/div><\/div><div class=\"vc_row wpb_row vc_row-fluid vc_custom_1767548738513\"><div class=\"wpb_column vc_column_container vc_col-sm-2\"><div class=\"vc_column-inner\"><div class=\"wpb_wrapper\"><\/div><\/div><\/div><div class=\"wpb_column vc_column_container vc_col-sm-8\"><div class=\"vc_column-inner\"><div class=\"wpb_wrapper\">\n\t<div class=\"title-subtitle-box  wpb_animate_when_almost_visible wpb_bottom-to-top bottom-to-top vc_custom_1767548671300\" style=\" text-align: center;\">\n\t\t<span class=\"gg-vertical-line\"  ><\/span>\n\t\t<h1 style=\" font-style: normal;\" class=\"special-title\" >\n\t\t<span style=\"\">Our<\/span>Store<\/h1>\n\t<\/div> <\/div><\/div><\/div><div class=\"wpb_column vc_column_container vc_col-sm-2\"><div class=\"vc_column-inner\"><div class=\"wpb_wrapper\"><\/div><\/div><\/div><\/div><div class=\"vc_row wpb_row vc_row-fluid vc_custom_1767548803675 vc_row-o-equal-height vc_row-o-content-middle vc_row-flex\"><div class=\"wpb_column vc_column_container vc_col-sm-6 vc_col-has-fill\"><div class=\"vc_column-inner vc_custom_1546142208864\"><div class=\"wpb_wrapper\">\n\t<div  class=\"wpb_single_image wpb_content_element vc_align_center wpb_content_element vc_custom_1768604160487\">\n\t\t\n\t\t<figure class=\"wpb_wrapper vc_figure\">\n\t\t\t<div class=\"vc_single_image-wrapper   vc_box_border_grey\"><img loading=\"lazy\" decoding=\"async\" width=\"992\" height=\"1107\" src=\"https:\/\/vinum.mx\/wp-content\/uploads\/2026\/01\/wine-bottle-red-splash.webp\" class=\"vc_single_image-img attachment-full\" alt=\"\" title=\"vinum-wine-bottle-red-splash\" srcset=\"https:\/\/vinum.mx\/wp-content\/uploads\/2026\/01\/wine-bottle-red-splash.webp 992w, https:\/\/vinum.mx\/wp-content\/uploads\/2026\/01\/wine-bottle-red-splash-269x300.webp 269w, https:\/\/vinum.mx\/wp-content\/uploads\/2026\/01\/wine-bottle-red-splash-918x1024.webp 918w, https:\/\/vinum.mx\/wp-content\/uploads\/2026\/01\/wine-bottle-red-splash-768x857.webp 768w\" sizes=\"auto, (max-width: 992px) 100vw, 992px\" \/><\/div>\n\t\t<\/figure>\n\t<\/div>\n<\/div><\/div><\/div><div class=\"wpb_column vc_column_container vc_col-sm-6\"><div class=\"vc_column-inner vc_custom_1546158634451\"><div class=\"wpb_wrapper\">\n\t<div class=\"title-subtitle-box  vc_custom_1768672008904\" style=\" text-align: left;\">\n\t\t<h1 style=\" font-style: normal;\" class=\"special-title\" >\n\t\t<span style=\" color:#c89500; \" class=\"toptitle_has_hor_line\">Our<\/span>Reds<\/h1>\n\t\t<div class=\"box-description\"><p><em>Red Berries, Spices, Leather and Chocolate<\/em><\/p>\n<p>They evoke passion, depth, and mystery. Stories of ripe fruit, damp earth, and oak.<\/p>\n<\/div>\n\t<\/div> \n\t<div class=\"gg_list list_style_none list_border_bottom vc_custom_1775428937249\">\n<ul>\n<li><a href=\"https:\/\/vinum.mx\/en\/product\/3-passo-rosso-organic\/\">3 Passo Rosso<\/a><\/li>\n<li><a href=\"https:\/\/vinum.mx\/en\/product\/alcesti-nesos-nero-davola\/\">Alcesti Nero d&#8217;Avola<\/a><\/li>\n<li><a href=\"https:\/\/vinum.mx\/en\/product\/bella-storia-merlot\/\">Bella Storia Merlot<\/a><\/li>\n<li><a href=\"https:\/\/vinum.mx\/en\/product\/casa-defra-ripasso-della-valpolicella\/\">Casa Defr\u00e0 Ripasso<\/a><\/li>\n<li><a href=\"https:\/\/vinum.mx\/en\/product\/casa-defra-amarone-della-valpolicella\/\">Casa Defr\u00e0 Amarone<\/a><\/li>\n<li><a href=\"https:\/\/vinum.mx\/en\/product\/losi-cavalier-tranquilo-rosso\/\">Losi Cavalier Tranquillo<\/a><\/li>\n<li><a href=\"https:\/\/vinum.mx\/en\/product\/losi-la-capanna-sangiovese\/\">Losi La Capanna Sangiovese<\/a><\/li>\n<li><a href=\"https:\/\/vinum.mx\/en\/product\/losi-querciavalle-chianti-classico\/\">Losi Chianti Classico<\/a><\/li>\n<li><a href=\"https:\/\/vinum.mx\/en\/product\/losi-querciavalle-chianti-classico-riserva\/\">Losi Chianti Classico Riserva<\/a><\/li>\n<li><a href=\"https:\/\/vinum.mx\/en\/product\/vigne-del-maestro-primitivo\/\">Maestro Primitivo<\/a><\/li>\n<li><a href=\"https:\/\/vinum.mx\/en\/product\/vigne-del-maestro-primitivo-copia\/\">Maestro Rosso<\/a><\/li>\n<li><a href=\"https:\/\/vinum.mx\/en\/product\/passaia-grand-tuscan\/\">Passaia Grand Tuscan<\/a><\/li>\n<li><a href=\"https:\/\/vinum.mx\/en\/product\/roberto-riga-barolo\/\">Roberto Riga Barolo<\/a><\/li>\n<li><a href=\"https:\/\/vinum.mx\/en\/product\/roberto-riga-rosso\/\">Roberto Riga Rosso<\/a><\/li>\n<li><a href=\"https:\/\/vinum.mx\/en\/product\/terraferma-montelpuciano-dabruzzo\/\">Terraferma Montepulciano<\/a><\/li>\n<\/ul>\n<\/div>\n\t<div class=\"gg-special-link-wrapper  text-align-right\"><a  class=\"gg-special-link special-hover underline_effect\" href=\"https:\/\/vinum.mx\/en\/product-category\/pais\/italia\/\" title=\"\" target=\"_self\">Go to the Store<\/a><\/div><\/div><\/div><\/div><\/div><div class=\"vc_row wpb_row vc_row-fluid vc_custom_1546222487312 vc_row-o-equal-height vc_row-o-content-middle vc_row-flex\"><div class=\"wpb_column vc_column_container vc_col-sm-6\"><div class=\"vc_column-inner vc_custom_1546221574253\"><div class=\"wpb_wrapper\">\n\t<div class=\"title-subtitle-box  vc_custom_1768670816236\" style=\" text-align: left;\">\n\t\t<h1 style=\" font-style: normal;\" class=\"special-title\" >\n\t\t<span style=\" color:#c89500; \" class=\"toptitle_has_hor_line\">Our<\/span>Whites<\/h1>\n\t\t<div class=\"box-description\"><p><em>Great freshness, acidity, minerality and floral notes<\/em><\/p>\n<p>Crystalline and golden hues. They honor citrus fruits, flowers, herbs, and the terroir.<\/p>\n<\/div>\n\t<\/div> \n\t<div class=\"gg_list list_style_none list_border_bottom vc_custom_1775430048333\">\n<ul>\n<li><a href=\"https:\/\/vinum.mx\/en\/product\/3-passo-bianco-organic\/\">3 Passo Bianco<\/a><\/li>\n<li><a href=\"https:\/\/vinum.mx\/en\/product\/alcestis-edema\/\">Alcestis Edesia Grillo<\/a><\/li>\n<li><a href=\"https:\/\/vinum.mx\/en\/product\/baccolo-bianco\/\">Baccolo Bianco<\/a><\/li>\n<li><a href=\"https:\/\/vinum.mx\/en\/product\/bella-storia-chardonnay\/\">Bella Storia Chardonnay<\/a><\/li>\n<li><a href=\"https:\/\/vinum.mx\/en\/product\/casa-defra-pinot-grigio\/\">Casa Defr\u00e0 Pinot Grigio<\/a><\/li>\n<li><a href=\"https:\/\/vinum.mx\/en\/product\/bella-storia-bubbles\/\">Bella Storia Bubbles<\/a><\/li>\n<li><a href=\"https:\/\/vinum.mx\/en\/product\/casa-defra-lessini-durello\/\">Casa Defr\u00e0 Lessini Durello<\/a><\/li>\n<li><a href=\"https:\/\/vinum.mx\/en\/product\/casa-defra-prosecco\/\">Casa Defr\u00e0 Prosecco<\/a><\/li>\n<li><a href=\"https:\/\/vinum.mx\/en\/product\/losi-querciavalle-vinsanto\/\">Losi Vinsanto del Chianti<\/a><\/li>\n<\/ul>\n<\/div>\n\t<div class=\"gg-special-link-wrapper  text-align-right\"><a  class=\"gg-special-link special-hover underline_effect\" href=\"https:\/\/vinum.mx\/en\/product-category\/pais\/italia\/\" title=\"\" target=\"_self\">Go to the Store<\/a><\/div><\/div><\/div><\/div><div class=\"wpb_column vc_column_container vc_col-sm-6 vc_col-has-fill\"><div class=\"vc_column-inner vc_custom_1546213404326\"><div class=\"wpb_wrapper\">\n\t<div  class=\"wpb_single_image wpb_content_element vc_align_center wpb_content_element vc_custom_1768604323379\">\n\t\t\n\t\t<figure class=\"wpb_wrapper vc_figure\">\n\t\t\t<div class=\"vc_single_image-wrapper   vc_box_border_grey\"><img loading=\"lazy\" decoding=\"async\" width=\"992\" height=\"1107\" src=\"https:\/\/vinum.mx\/wp-content\/uploads\/2026\/01\/vinum-wine-bottle-white-splash.webp\" class=\"vc_single_image-img attachment-full\" alt=\"\" title=\"vinum-wine-bottle-white-splash\" srcset=\"https:\/\/vinum.mx\/wp-content\/uploads\/2026\/01\/vinum-wine-bottle-white-splash.webp 992w, https:\/\/vinum.mx\/wp-content\/uploads\/2026\/01\/vinum-wine-bottle-white-splash-269x300.webp 269w, https:\/\/vinum.mx\/wp-content\/uploads\/2026\/01\/vinum-wine-bottle-white-splash-918x1024.webp 918w, https:\/\/vinum.mx\/wp-content\/uploads\/2026\/01\/vinum-wine-bottle-white-splash-768x857.webp 768w\" sizes=\"auto, (max-width: 992px) 100vw, 992px\" \/><\/div>\n\t\t<\/figure>\n\t<\/div>\n<\/div><\/div><\/div><\/div><div class=\"vc_row wpb_row vc_row-fluid vc_custom_1767548972822 vc_row-o-equal-height vc_row-o-content-middle vc_row-flex\"><div class=\"wpb_column vc_column_container vc_col-sm-6 vc_col-has-fill\"><div class=\"vc_column-inner vc_custom_1546222516224\"><div class=\"wpb_wrapper\">\n\t<div  class=\"wpb_single_image wpb_content_element vc_align_center wpb_content_element vc_custom_1768604342458\">\n\t\t\n\t\t<figure class=\"wpb_wrapper vc_figure\">\n\t\t\t<div class=\"vc_single_image-wrapper   vc_box_border_grey\"><img loading=\"lazy\" decoding=\"async\" width=\"992\" height=\"1107\" src=\"https:\/\/vinum.mx\/wp-content\/uploads\/2026\/01\/vinum-wine-bottle-rose-splash.webp\" class=\"vc_single_image-img attachment-full\" alt=\"\" title=\"vinum-wine-bottle-rose-splash\" srcset=\"https:\/\/vinum.mx\/wp-content\/uploads\/2026\/01\/vinum-wine-bottle-rose-splash.webp 992w, https:\/\/vinum.mx\/wp-content\/uploads\/2026\/01\/vinum-wine-bottle-rose-splash-269x300.webp 269w, https:\/\/vinum.mx\/wp-content\/uploads\/2026\/01\/vinum-wine-bottle-rose-splash-918x1024.webp 918w, https:\/\/vinum.mx\/wp-content\/uploads\/2026\/01\/vinum-wine-bottle-rose-splash-768x857.webp 768w\" sizes=\"auto, (max-width: 992px) 100vw, 992px\" \/><\/div>\n\t\t<\/figure>\n\t<\/div>\n<\/div><\/div><\/div><div class=\"wpb_column vc_column_container vc_col-sm-6\"><div class=\"vc_column-inner vc_custom_1546222536731\"><div class=\"wpb_wrapper\">\n\t<div class=\"title-subtitle-box  vc_custom_1768671896074\" style=\" text-align: left;\">\n\t\t<h1 style=\" font-style: normal;\" class=\"special-title\" >\n\t\t<span style=\" color:#c89500; \" class=\"toptitle_has_hor_line\">Our<\/span>Ros\u00e9<\/h1>\n\t\t<div class=\"box-description\"><p><em>A Feast of Cherries, Strawberries, Peaches and Flowers<\/em><\/p>\n<p>A whisper of spring and sunshine that evokes freshness and seduction.<\/p>\n<\/div>\n\t<\/div> \n\t<div class=\"gg_list list_style_none list_border_bottom vc_custom_1771608901247\">\n<ul>\n<li><a href=\"https:\/\/vinum.mx\/en\/product\/casa-defra-pinot-grigio-rose\/\">Defr\u00e0 Pinot Grigio Ros\u00e9<\/a><\/li>\n<li><a href=\"https:\/\/vinum.mx\/en\/product\/casa-defra-prosecco-rose\/\">Defr\u00e0 Prosecco Ros\u00e9<\/a><\/li>\n<\/ul>\n<\/div>\n\t<div class=\"gg-special-link-wrapper  text-align-right\"><a  class=\"gg-special-link special-hover underline_effect\" href=\"#\" title=\"Shop all\" target=\"_self\">Go to the Store<\/a><\/div><\/div><\/div><\/div><\/div>\n<\/div>","protected":false},"excerpt":{"rendered":"Nuestras Vin\u00edcolas de:Italia Italia cuenta con m\u00e1s de 500 variedades de uvas aut\u00f3ctonas y una cultura milenaria. Regiones como Toscana, Piamonte y V\u00e9neto son reconocidas internacionalmente por sus vinos de alta calidad. Italia ha cultivado la vid durante milenios. Los romanos desarrollaron t\u00e9cnicas como el uso de barricas de madera. CasaDefr\u00e0 Se ubica a los<p class=\"more-link-wrapper\"><a class=\"read-more special-hover right_horizontal_line_effect\" href=\"https:\/\/vinum.mx\/en\/italia\/\">Read More<\/a><\/p>","protected":false},"author":1,"featured_media":0,"parent":0,"menu_order":0,"comment_status":"closed","ping_status":"closed","template":"","meta":{"_acf_changed":false,"footnotes":""},"class_list":["post-4072","page","type-page","status-publish","hentry"],"acf":[],"_links":{"self":[{"href":"https:\/\/vinum.mx\/en\/wp-json\/wp\/v2\/pages\/4072","targetHints":{"allow":["GET"]}}],"collection":[{"href":"https:\/\/vinum.mx\/en\/wp-json\/wp\/v2\/pages"}],"about":[{"href":"https:\/\/vinum.mx\/en\/wp-json\/wp\/v2\/types\/page"}],"author":[{"embeddable":true,"href":"https:\/\/vinum.mx\/en\/wp-json\/wp\/v2\/users\/1"}],"replies":[{"embeddable":true,"href":"https:\/\/vinum.mx\/en\/wp-json\/wp\/v2\/comments?post=4072"}],"version-history":[{"count":31,"href":"https:\/\/vinum.mx\/en\/wp-json\/wp\/v2\/pages\/4072\/revisions"}],"predecessor-version":[{"id":4860,"href":"https:\/\/vinum.mx\/en\/wp-json\/wp\/v2\/pages\/4072\/revisions\/4860"}],"wp:attachment":[{"href":"https:\/\/vinum.mx\/en\/wp-json\/wp\/v2\/media?parent=4072"}],"curies":[{"name":"wp","href":"https:\/\/api.w.org\/{rel}","templated":true}]}}