{"id":3619,"date":"2026-01-04T20:05:52","date_gmt":"2026-01-04T20:05:52","guid":{"rendered":"https:\/\/vinum.mx\/?page_id=3619"},"modified":"2026-04-05T22:14:44","modified_gmt":"2026-04-05T22:14:44","slug":"francia","status":"publish","type":"page","link":"https:\/\/vinum.mx\/en\/francia\/","title":{"rendered":"France"},"content":{"rendered":"<div class=\"wpb-content-wrapper\"><div class=\"vc_row wpb_row vc_row-fluid vc_custom_1767548249304\"><div class=\"wpb_column vc_column_container vc_col-sm-2\"><div class=\"vc_column-inner\"><div class=\"wpb_wrapper\"><\/div><\/div><\/div><div class=\"wpb_column vc_column_container vc_col-sm-8\"><div class=\"vc_column-inner\"><div class=\"wpb_wrapper\">\n\t<div class=\"title-subtitle-box  wpb_animate_when_almost_visible wpb_bottom-to-top bottom-to-top vc_custom_1772472834198\" style=\" text-align: center;\">\n\t\t<span class=\"gg-vertical-line\"  ><\/span>\n\t\t<h1 style=\" font-style: normal;\" class=\"special-title\" >\n\t\t<span style=\"\">Our Wineries From<\/span>France<\/h1>\n\t\t<div class=\"box-description\"><p>France is the mecca of wine, the country everyone looks to when seeking quality and tradition. Its vineyards are rich and varied, as is the style of its wines. From Bordeaux and Burgundy to Champagne, passing through Provence or the Rh\u00f4ne and Loire valleys, France seems to offer endless possibilities.<\/p>\n<\/div>\n\t<\/div> <\/div><\/div><\/div><div class=\"wpb_column vc_column_container vc_col-sm-2\"><div class=\"vc_column-inner\"><div class=\"wpb_wrapper\"><\/div><\/div><\/div><\/div><div class=\"vc_row wpb_row vc_row-fluid vc_custom_1767547103423 vc_row-o-content-top vc_row-flex\"><div class=\"wpb_column vc_column_container vc_col-sm-6\"><div class=\"vc_column-inner\"><div class=\"wpb_wrapper\">\n\t<div class=\"title-subtitle-box  wpb_animate_when_almost_visible wpb_bottom-to-top bottom-to-top vc_custom_1772416896720\" style=\" text-align: left;\">\n\t\t<h1 style=\" font-style: normal;\" class=\"special-title\" >\n\t\t<span style=\"\">Ch\u00e2teau<\/span>Berne<\/h1>\n\t\t<div class=\"box-description\"><p>The Ch\u00e2teau de Berne winery produces red, ros\u00e9 and white wines from C\u00f4tes de Provence, recognized as among the best in the region.<br \/>\nDiscover the mysteries of our terroir, converted to organic farming, and our innovative facilities.<\/p>\n<\/div>\n\t<\/div> \n\t<div class=\"gg-special-link-wrapper  vc_custom_1772416863889 text-align-left\"><a  class=\"gg-special-link special-hover right_horizontal_line_effect\" href=\"https:\/\/vinum.mx\/en\/chateau-berne\/\" title=\"\" target=\"_self\">Discover Ch\u00e2teau Berne<\/a><\/div>\n\t<div  class=\"wpb_single_image wpb_content_element vc_align_left wpb_content_element wpb_animate_when_almost_visible wpb_bottom-to-top bottom-to-top vc_custom_1767558874134\">\n\t\t\n\t\t<figure class=\"wpb_wrapper vc_figure\">\n\t\t\t<div class=\"vc_single_image-wrapper   vc_box_border_grey\"><img loading=\"lazy\" decoding=\"async\" width=\"800\" height=\"1000\" src=\"https:\/\/vinum.mx\/wp-content\/uploads\/2026\/01\/vinum-by-hedone-ultimate-provence.webp\" class=\"vc_single_image-img attachment-full\" alt=\"\" title=\"vinum-by-hedone-ultimate-provence\" srcset=\"https:\/\/vinum.mx\/wp-content\/uploads\/2026\/01\/vinum-by-hedone-ultimate-provence.webp 800w, https:\/\/vinum.mx\/wp-content\/uploads\/2026\/01\/vinum-by-hedone-ultimate-provence-240x300.webp 240w, https:\/\/vinum.mx\/wp-content\/uploads\/2026\/01\/vinum-by-hedone-ultimate-provence-768x960.webp 768w\" sizes=\"auto, (max-width: 800px) 100vw, 800px\" \/><\/div>\n\t\t<\/figure>\n\t<\/div>\n<\/div><\/div><\/div><div class=\"wpb_column vc_column_container vc_col-sm-6\"><div class=\"vc_column-inner\"><div class=\"wpb_wrapper\">\n\t<div  class=\"wpb_single_image wpb_content_element vc_align_left wpb_content_element wpb_animate_when_almost_visible wpb_bottom-to-top anim-delay-1 bottom-to-top anim-delay-1 vc_custom_1772417144997\">\n\t\t\n\t\t<figure class=\"wpb_wrapper vc_figure\">\n\t\t\t<div class=\"vc_single_image-wrapper   vc_box_border_grey\"><img loading=\"lazy\" decoding=\"async\" width=\"800\" height=\"1000\" src=\"https:\/\/vinum.mx\/wp-content\/uploads\/2026\/01\/vinum-by-hedone-edmond-rentz.webp\" class=\"vc_single_image-img attachment-full\" alt=\"\" title=\"vinum-by-hedone-edmond-rentz\" srcset=\"https:\/\/vinum.mx\/wp-content\/uploads\/2026\/01\/vinum-by-hedone-edmond-rentz.webp 800w, https:\/\/vinum.mx\/wp-content\/uploads\/2026\/01\/vinum-by-hedone-edmond-rentz-240x300.webp 240w, https:\/\/vinum.mx\/wp-content\/uploads\/2026\/01\/vinum-by-hedone-edmond-rentz-768x960.webp 768w\" sizes=\"auto, (max-width: 800px) 100vw, 800px\" \/><\/div>\n\t\t<\/figure>\n\t<\/div>\n\n\t<div class=\"title-subtitle-box  wpb_animate_when_almost_visible wpb_bottom-to-top bottom-to-top vc_custom_1772417122170\" style=\" text-align: left;\">\n\t\t<h1 style=\" font-style: normal;\" class=\"special-title\" >\n\t\t<span style=\"\">Edmond<\/span>Rentz<\/h1>\n\t\t<div class=\"box-description\"><p>From 1785, Thomas Rentz was fascinated by winemaking, establishing his own vineyard. From 1920 onwards, Edmond Rentz expanded his vineyard. His son, Raymond Rentz, took over the estate in 1953 and expanded the vineyard to include Zellenberg, Riquewihr, Hunawihr, Ribeauvill\u00e9, and Bergheim.<\/p>\n<\/div>\n\t<\/div> \n\t<div class=\"gg-special-link-wrapper  vc_custom_1772472915477 text-align-left\"><a  class=\"gg-special-link special-hover right_horizontal_line_effect\" href=\"https:\/\/vinum.mx\/en\/edmond-rentz\/\" title=\"\" target=\"_self\">Discover Edmond Rentz<\/a><\/div><\/div><\/div><\/div><\/div><div class=\"vc_row wpb_row vc_row-fluid vc_custom_1767548738513\"><div class=\"wpb_column vc_column_container vc_col-sm-2\"><div class=\"vc_column-inner\"><div class=\"wpb_wrapper\"><\/div><\/div><\/div><div class=\"wpb_column vc_column_container vc_col-sm-8\"><div class=\"vc_column-inner\"><div class=\"wpb_wrapper\">\n\t<div class=\"title-subtitle-box  wpb_animate_when_almost_visible wpb_bottom-to-top bottom-to-top vc_custom_1767548671300\" style=\" text-align: center;\">\n\t\t<span class=\"gg-vertical-line\"  ><\/span>\n\t\t<h1 style=\" font-style: normal;\" class=\"special-title\" >\n\t\t<span style=\"\">Our<\/span>Store<\/h1>\n\t<\/div> <\/div><\/div><\/div><div class=\"wpb_column vc_column_container vc_col-sm-2\"><div class=\"vc_column-inner\"><div class=\"wpb_wrapper\"><\/div><\/div><\/div><\/div><div class=\"vc_row wpb_row vc_row-fluid vc_custom_1767548803675 vc_row-o-equal-height vc_row-o-content-middle vc_row-flex\"><div class=\"wpb_column vc_column_container vc_col-sm-6 vc_col-has-fill\"><div class=\"vc_column-inner vc_custom_1546142208864\"><div class=\"wpb_wrapper\">\n\t<div  class=\"wpb_single_image wpb_content_element vc_align_center wpb_content_element vc_custom_1768604160487\">\n\t\t\n\t\t<figure class=\"wpb_wrapper vc_figure\">\n\t\t\t<div class=\"vc_single_image-wrapper   vc_box_border_grey\"><img loading=\"lazy\" decoding=\"async\" width=\"992\" height=\"1107\" src=\"https:\/\/vinum.mx\/wp-content\/uploads\/2026\/01\/wine-bottle-red-splash.webp\" class=\"vc_single_image-img attachment-full\" alt=\"\" title=\"vinum-wine-bottle-red-splash\" srcset=\"https:\/\/vinum.mx\/wp-content\/uploads\/2026\/01\/wine-bottle-red-splash.webp 992w, https:\/\/vinum.mx\/wp-content\/uploads\/2026\/01\/wine-bottle-red-splash-269x300.webp 269w, https:\/\/vinum.mx\/wp-content\/uploads\/2026\/01\/wine-bottle-red-splash-918x1024.webp 918w, https:\/\/vinum.mx\/wp-content\/uploads\/2026\/01\/wine-bottle-red-splash-768x857.webp 768w\" sizes=\"auto, (max-width: 992px) 100vw, 992px\" \/><\/div>\n\t\t<\/figure>\n\t<\/div>\n<\/div><\/div><\/div><div class=\"wpb_column vc_column_container vc_col-sm-6\"><div class=\"vc_column-inner vc_custom_1546158634451\"><div class=\"wpb_wrapper\">\n\t<div class=\"title-subtitle-box  vc_custom_1768672008904\" style=\" text-align: left;\">\n\t\t<h1 style=\" font-style: normal;\" class=\"special-title\" >\n\t\t<span style=\" color:#c89500; \" class=\"toptitle_has_hor_line\">Our<\/span>Reds<\/h1>\n\t\t<div class=\"box-description\"><p><em>Red Berries, Spices, Leather and Chocolate<\/em><\/p>\n<p>They evoke passion, depth, and mystery. Stories of ripe fruit, damp earth, and oak.<\/p>\n<\/div>\n\t<\/div> \n\t<div class=\"gg_list list_style_none list_border_bottom vc_custom_1775427000092\">\n<ul>\n<li><a href=\"https:\/\/vinum.mx\/en\/product\/artis-merlot-zero-alcohol\/\">Artis Merlot Zero Alcohol<\/a><\/li>\n<li><a href=\"https:\/\/vinum.mx\/en\/product\/ultimate-provence-rouge\/\">Up Provence Rouge<\/a><\/li>\n<\/ul>\n<\/div>\n\t<div class=\"gg-special-link-wrapper  text-align-right\"><a  class=\"gg-special-link special-hover underline_effect\" href=\"https:\/\/vinum.mx\/en\/product-category\/pais\/francia\/\" title=\"\" target=\"_self\">Go to the Store<\/a><\/div><\/div><\/div><\/div><\/div><div class=\"vc_row wpb_row vc_row-fluid vc_custom_1546222487312 vc_row-o-equal-height vc_row-o-content-middle vc_row-flex\"><div class=\"wpb_column vc_column_container vc_col-sm-6\"><div class=\"vc_column-inner vc_custom_1546221574253\"><div class=\"wpb_wrapper\">\n\t<div class=\"title-subtitle-box  vc_custom_1768670816236\" style=\" text-align: left;\">\n\t\t<h1 style=\" font-style: normal;\" class=\"special-title\" >\n\t\t<span style=\" color:#c89500; \" class=\"toptitle_has_hor_line\">Our<\/span>Whites<\/h1>\n\t\t<div class=\"box-description\"><p><em>Great freshness, acidity, minerality and floral notes<\/em><\/p>\n<p>Crystalline and golden hues. They honor citrus fruits, flowers, herbs, and the terroir.<\/p>\n<\/div>\n\t<\/div> \n\t<div class=\"gg_list list_style_none list_border_bottom vc_custom_1775427130379\">\n<ul>\n<li><a href=\"https:\/\/vinum.mx\/en\/shop-2\/?_category=francia\">Artis Chardonnay Zero Alcohol<\/a><\/li>\n<li><a href=\"https:\/\/vinum.mx\/en\/product\/edmond-rentz-sylvaner\/\">Rentz Sylvaner<\/a><\/li>\n<li><a href=\"https:\/\/vinum.mx\/en\/product\/edmond-rentz-riesling\/\">Rentz Riesling<\/a><\/li>\n<li><a href=\"https:\/\/vinum.mx\/en\/product\/edmond-rentz-riesling-les-comtes\/\">Rentz Riesling Les Comtes<\/a><\/li>\n<li><a href=\"https:\/\/vinum.mx\/en\/product\/edmond-rentz-gewurztraminer\/\">Rentz Gewurztraminer Rotenburg<\/a><\/li>\n<li><a href=\"https:\/\/vinum.mx\/en\/product\/ultimate-provence-blanc\/\">Up Provence Blanc<\/a><\/li>\n<\/ul>\n<\/div>\n\t<div class=\"gg-special-link-wrapper  text-align-right\"><a  class=\"gg-special-link special-hover underline_effect\" href=\"https:\/\/vinum.mx\/en\/product-category\/pais\/francia\/\" title=\"\" target=\"_self\">Go to the Store<\/a><\/div><\/div><\/div><\/div><div class=\"wpb_column vc_column_container vc_col-sm-6 vc_col-has-fill\"><div class=\"vc_column-inner vc_custom_1546213404326\"><div class=\"wpb_wrapper\">\n\t<div  class=\"wpb_single_image wpb_content_element vc_align_center wpb_content_element vc_custom_1768604323379\">\n\t\t\n\t\t<figure class=\"wpb_wrapper vc_figure\">\n\t\t\t<div class=\"vc_single_image-wrapper   vc_box_border_grey\"><img loading=\"lazy\" decoding=\"async\" width=\"992\" height=\"1107\" src=\"https:\/\/vinum.mx\/wp-content\/uploads\/2026\/01\/vinum-wine-bottle-white-splash.webp\" class=\"vc_single_image-img attachment-full\" alt=\"\" title=\"vinum-wine-bottle-white-splash\" srcset=\"https:\/\/vinum.mx\/wp-content\/uploads\/2026\/01\/vinum-wine-bottle-white-splash.webp 992w, https:\/\/vinum.mx\/wp-content\/uploads\/2026\/01\/vinum-wine-bottle-white-splash-269x300.webp 269w, https:\/\/vinum.mx\/wp-content\/uploads\/2026\/01\/vinum-wine-bottle-white-splash-918x1024.webp 918w, https:\/\/vinum.mx\/wp-content\/uploads\/2026\/01\/vinum-wine-bottle-white-splash-768x857.webp 768w\" sizes=\"auto, (max-width: 992px) 100vw, 992px\" \/><\/div>\n\t\t<\/figure>\n\t<\/div>\n<\/div><\/div><\/div><\/div><div class=\"vc_row wpb_row vc_row-fluid vc_custom_1767548972822 vc_row-o-equal-height vc_row-o-content-middle vc_row-flex\"><div class=\"wpb_column vc_column_container vc_col-sm-6 vc_col-has-fill\"><div class=\"vc_column-inner vc_custom_1546222516224\"><div class=\"wpb_wrapper\">\n\t<div  class=\"wpb_single_image wpb_content_element vc_align_center wpb_content_element vc_custom_1768604342458\">\n\t\t\n\t\t<figure class=\"wpb_wrapper vc_figure\">\n\t\t\t<div class=\"vc_single_image-wrapper   vc_box_border_grey\"><img loading=\"lazy\" decoding=\"async\" width=\"992\" height=\"1107\" src=\"https:\/\/vinum.mx\/wp-content\/uploads\/2026\/01\/vinum-wine-bottle-rose-splash.webp\" class=\"vc_single_image-img attachment-full\" alt=\"\" title=\"vinum-wine-bottle-rose-splash\" srcset=\"https:\/\/vinum.mx\/wp-content\/uploads\/2026\/01\/vinum-wine-bottle-rose-splash.webp 992w, https:\/\/vinum.mx\/wp-content\/uploads\/2026\/01\/vinum-wine-bottle-rose-splash-269x300.webp 269w, https:\/\/vinum.mx\/wp-content\/uploads\/2026\/01\/vinum-wine-bottle-rose-splash-918x1024.webp 918w, https:\/\/vinum.mx\/wp-content\/uploads\/2026\/01\/vinum-wine-bottle-rose-splash-768x857.webp 768w\" sizes=\"auto, (max-width: 992px) 100vw, 992px\" \/><\/div>\n\t\t<\/figure>\n\t<\/div>\n<\/div><\/div><\/div><div class=\"wpb_column vc_column_container vc_col-sm-6\"><div class=\"vc_column-inner vc_custom_1546222536731\"><div class=\"wpb_wrapper\">\n\t<div class=\"title-subtitle-box  vc_custom_1768671896074\" style=\" text-align: left;\">\n\t\t<h1 style=\" font-style: normal;\" class=\"special-title\" >\n\t\t<span style=\" color:#c89500; \" class=\"toptitle_has_hor_line\">Our<\/span>Ros\u00e9<\/h1>\n\t\t<div class=\"box-description\"><p><em>A Feast of Cherries, Strawberries, Peaches and Flowers<\/em><\/p>\n<p>A whisper of spring and sunshine that evokes freshness and seduction.<\/p>\n<\/div>\n\t<\/div> \n\t<div class=\"gg_list list_style_none list_border_bottom vc_custom_1775427273188\">\n<ul>\n<li><a href=\"https:\/\/vinum.mx\/en\/product\/artis-rose-zero-alcohol\/\">Artis Ros\u00e9 Zero Alcohol<\/a><\/li>\n<li><a href=\"https:\/\/vinum.mx\/en\/product\/berne-romance\/\">Berne Romance<\/a><\/li>\n<li><a href=\"https:\/\/vinum.mx\/en\/product\/berne-inspiration\/\">Berne Inspiration<\/a><\/li>\n<li><a href=\"https:\/\/vinum.mx\/en\/product\/ultimate-provence-rose\/\">Up Provence Ros\u00e9<\/a><\/li>\n<\/ul>\n<\/div>\n\t<div class=\"gg-special-link-wrapper  text-align-right\"><a  class=\"gg-special-link special-hover underline_effect\" href=\"https:\/\/vinum.mx\/en\/product-category\/pais\/francia\/\" title=\"\" target=\"_self\">Go to the Store<\/a><\/div><\/div><\/div><\/div><\/div>\n<\/div>","protected":false},"excerpt":{"rendered":"Nuestras Vin\u00edcolas de:Francia Francia es la meca del vino, el pa\u00eds al que todos miran cuando se busca calidad y tradici\u00f3n. Sus vi\u00f1edos son ricos y variados, as\u00ed como el estilo de sus vinos. Desde Burdeos y Borgo\u00f1a, hasta la Champa\u00f1a, pasando por la Provenza o los valles del R\u00f3dano y del Loira, Francia parece<p class=\"more-link-wrapper\"><a class=\"read-more special-hover right_horizontal_line_effect\" href=\"https:\/\/vinum.mx\/en\/francia\/\">Read More<\/a><\/p>","protected":false},"author":1,"featured_media":0,"parent":0,"menu_order":0,"comment_status":"closed","ping_status":"closed","template":"","meta":{"_acf_changed":false,"footnotes":""},"class_list":["post-3619","page","type-page","status-publish","hentry"],"acf":[],"_links":{"self":[{"href":"https:\/\/vinum.mx\/en\/wp-json\/wp\/v2\/pages\/3619","targetHints":{"allow":["GET"]}}],"collection":[{"href":"https:\/\/vinum.mx\/en\/wp-json\/wp\/v2\/pages"}],"about":[{"href":"https:\/\/vinum.mx\/en\/wp-json\/wp\/v2\/types\/page"}],"author":[{"embeddable":true,"href":"https:\/\/vinum.mx\/en\/wp-json\/wp\/v2\/users\/1"}],"replies":[{"embeddable":true,"href":"https:\/\/vinum.mx\/en\/wp-json\/wp\/v2\/comments?post=3619"}],"version-history":[{"count":118,"href":"https:\/\/vinum.mx\/en\/wp-json\/wp\/v2\/pages\/3619\/revisions"}],"predecessor-version":[{"id":4851,"href":"https:\/\/vinum.mx\/en\/wp-json\/wp\/v2\/pages\/3619\/revisions\/4851"}],"wp:attachment":[{"href":"https:\/\/vinum.mx\/en\/wp-json\/wp\/v2\/media?parent=3619"}],"curies":[{"name":"wp","href":"https:\/\/api.w.org\/{rel}","templated":true}]}}