{"id":3436,"date":"2025-12-30T19:03:00","date_gmt":"2025-12-30T19:03:00","guid":{"rendered":"https:\/\/vinum.mx\/?page_id=3436"},"modified":"2026-03-03T13:53:50","modified_gmt":"2026-03-03T13:53:50","slug":"leo-hillinger","status":"publish","type":"page","link":"https:\/\/vinum.mx\/en\/leo-hillinger\/","title":{"rendered":"Leo Hillinger"},"content":{"rendered":"<div class=\"wpb-content-wrapper\"><div class=\"vc_row wpb_row vc_row-fluid vc_custom_1767497395910\"><div class=\"wpb_column vc_column_container vc_col-sm-12\"><div class=\"vc_column-inner\"><div class=\"wpb_wrapper\">\n\t<div class=\"title-subtitle-box\" style=\" text-align: center;\">\n\t\t<span class=\"gg-vertical-line\"  ><\/span>\n\t\t<h1 style=\" font-style: normal;\" class=\"special-title\" >Facts &amp; Figures<\/h1>\n\t\t<p style=\"\" class=\"special-subtitle\">Wine is for everyone<\/p>\n\t<\/div> <div class=\"vc_row wpb_row vc_inner vc_row-fluid vc_custom_1538489763067 vc_row-has-fill vc_row-o-content-middle vc_row-flex\"><div class=\"wpb_column vc_column_container vc_col-sm-6\"><div class=\"vc_column-inner vc_custom_1538489839699\"><div class=\"wpb_wrapper\"><div class=\"vc_empty_space  visible-on-mobile\"   style=\"height: 1.5em\"><span class=\"vc_empty_space_inner\"><\/span><\/div>\n\t<div class=\"gg-infobox  text-align-left use_horizontal_line\" >\n\t\t<div class=\"infobox-title\" >Vineyards<\/div>\n\t\t<div class=\"infobox-description\" ><p>92 hectares of vineyards<\/p>\n<\/div>\n\t<\/div> \n\t<div class=\"gg-infobox  text-align-left use_horizontal_line\" >\n\t\t<div class=\"infobox-title\" >Wine region<\/div>\n\t\t<div class=\"infobox-description\" ><p>Leithaberg and Burgenland in Austria<\/p>\n<\/div>\n\t<\/div> \n\t<div class=\"gg-infobox  text-align-left use_horizontal_line\" >\n\t\t<div class=\"infobox-title\" >Varietals<\/div>\n\t\t<div class=\"infobox-description\" ><p>Blaufr\u00e4nkisch, Zweigelt, St. Laurent, Merlot, Syrah, Cabernet Sauvignon and Gr\u00fcner Veltliner<\/p>\n<\/div>\n\t<\/div> \n\t<div class=\"gg-infobox  text-align-left use_horizontal_line\" >\n\t\t<div class=\"infobox-title\" >Production Style<\/div>\n\t\t<div class=\"infobox-description\" ><p>Certified organic vineyards since 2010<\/p>\n<\/div>\n\t<\/div> \n\t<div class=\"gg-infobox  text-align-left use_horizontal_line\" >\n\t\t<div class=\"infobox-title\" >Wine Line<\/div>\n\t\t<div class=\"infobox-description\" ><p>Gelber Muskateller, Blaufr\u00e4nkisch, Small Hill, Blaufr\u00e4nkisch \u201cLeithaberg\u201d, Hill 1 and Hill 2<\/p>\n<\/div>\n\t<\/div> <\/div><\/div><\/div><div class=\"wpb_column vc_column_container vc_col-sm-6\"><div class=\"vc_column-inner vc_custom_1538489830950\"><div class=\"wpb_wrapper\">\n\t<div  class=\"wpb_single_image wpb_content_element vc_align_center wpb_content_element vc_custom_1767121538430\">\n\t\t\n\t\t<figure class=\"wpb_wrapper vc_figure\">\n\t\t\t<div class=\"vc_single_image-wrapper   vc_box_border_grey\"><img loading=\"lazy\" decoding=\"async\" width=\"800\" height=\"900\" src=\"https:\/\/vinum.mx\/wp-content\/uploads\/2025\/12\/vinum-by-hedone-leo-hillinger-5.webp\" class=\"vc_single_image-img attachment-full\" alt=\"\" title=\"vinum-by-hedone-leo-hillinger-5\" srcset=\"https:\/\/vinum.mx\/wp-content\/uploads\/2025\/12\/vinum-by-hedone-leo-hillinger-5.webp 800w, https:\/\/vinum.mx\/wp-content\/uploads\/2025\/12\/vinum-by-hedone-leo-hillinger-5-267x300.webp 267w, https:\/\/vinum.mx\/wp-content\/uploads\/2025\/12\/vinum-by-hedone-leo-hillinger-5-768x864.webp 768w\" sizes=\"auto, (max-width: 800px) 100vw, 800px\" \/><\/div>\n\t\t<\/figure>\n\t<\/div>\n<\/div><\/div><\/div><\/div><\/div><\/div><\/div><\/div><section class=\"vc_section vc_custom_1767497553413\"><div class=\"vc_row wpb_row vc_row-fluid vc_custom_1538488048958\"><div class=\"wpb_column vc_column_container vc_col-sm-12\"><div class=\"vc_column-inner\"><div class=\"wpb_wrapper\">\n\t<div class=\"title-subtitle-box  vc_custom_1767140171361\" style=\" text-align: center;\">\n\t\t<span class=\"gg-vertical-line\"  ><\/span>\n\t\t<h1 style=\" font-style: normal;\" class=\"special-title\" >Location &amp; Vineyard<\/h1>\n\t\t<p style=\"\" class=\"special-subtitle\">39.7712\u00b0 S, 176.7416\u00b0 E<\/p>\n\t\t<div class=\"box-description\"><p style=\"text-align: center;\"><a href=\"https:\/\/maps.app.goo.gl\/GCiyg42XmmyW1mW18\">View on Google Maps<\/a><\/p>\n<\/div>\n\t<\/div> <\/div><\/div><\/div><\/div><div class=\"vc_row wpb_row vc_row-fluid vc_custom_1538488236222 vc_row-o-content-middle vc_row-flex\"><div class=\"wpb_column vc_column_container vc_col-sm-6\"><div class=\"vc_column-inner vc_custom_1538488704422\"><div class=\"wpb_wrapper\">\n\t<div class=\"title-subtitle-box  vc_custom_1767139688920\" style=\" text-align: left;\">\n\t\t<h1 style=\" font-style: normal;\" class=\"special-title\" >\n\t\t<span style=\"\">The<\/span>Wineyard<\/h1>\n\t\t<div class=\"box-description\"><p>They are characterized by their organic and biodynamic viticulture in the Austrian region of Burgenland, producing distinctive wines that reflect the terroir, with a focus on quality, balance between fruit and acidity, and a wide range of white and red varieties, standing out for their freshness, aromatic complexity and modernity, with lines such as \"Small Hill\" for a young audience.<\/p>\n<p>They cultivate more than 100 hectares in harmony with nature, becoming organic in 2010 and seeking the maximum expression of the grape.<br \/>\nThey seek wines that express their origin, with great drinking pleasure, such as fresh and fruity \"Small Hill\" wines, or complex red wines.<\/p>\n<\/div>\n\t<\/div> <div class=\"vc_row wpb_row vc_inner vc_row-fluid\"><div class=\"wpb_column vc_column_container vc_col-sm-6\"><div class=\"vc_column-inner\"><div class=\"wpb_wrapper\">\n\t<div class=\"featured-icon-wrapper  style_2 text-align-left\">\n\t<div class=\"featured-icon-media-wrapper\">\n\t<img decoding=\"async\" class=\"featured-image-icon\" src=\"https:\/\/vinum.mx\/wp-content\/uploads\/2018\/10\/sunshine-icn-black-40x40.png\" width=\"40\" height=\"40\" alt=\"sunshine-icn-black\" title=\"sunshine-icn-black\" loading=\"lazy\" \/>\n\t<\/div>\n\t<div class=\"featured-icon-content-wrapper\">\n\t<div class=\"featured-icon-title\">Sun<\/div>\n\t<div class=\"featured-icon-subtitle\">1,917 hrs<\/div>\n\t<\/div>\n\t<\/div><\/div><\/div><\/div><div class=\"wpb_column vc_column_container vc_col-sm-6\"><div class=\"vc_column-inner\"><div class=\"wpb_wrapper\">\n\t<div class=\"featured-icon-wrapper  style_2 text-align-left\">\n\t<div class=\"featured-icon-media-wrapper\">\n\t<img decoding=\"async\" class=\"featured-image-icon\" src=\"https:\/\/vinum.mx\/wp-content\/uploads\/2018\/10\/rain-icn-black-40x40.png\" width=\"40\" height=\"40\" alt=\"rain-icn-black\" title=\"rain-icn-black\" loading=\"lazy\" \/>\n\t<\/div>\n\t<div class=\"featured-icon-content-wrapper\">\n\t<div class=\"featured-icon-title\">Rain<\/div>\n\t<div class=\"featured-icon-subtitle\">980 mm<\/div>\n\t<\/div>\n\t<\/div><\/div><\/div><\/div><\/div><div class=\"vc_empty_space  visible-on-mobile\"   style=\"height: 1.5em\"><span class=\"vc_empty_space_inner\"><\/span><\/div><\/div><\/div><\/div><div class=\"wpb_column vc_column_container vc_col-sm-6\"><div class=\"vc_column-inner vc_custom_1538488213437\"><div class=\"wpb_wrapper\">\n\t<div  class=\"wpb_single_image wpb_content_element vc_align_center wpb_content_element vc_custom_1767121556520\">\n\t\t\n\t\t<figure class=\"wpb_wrapper vc_figure\">\n\t\t\t<div class=\"vc_single_image-wrapper   vc_box_border_grey\"><img loading=\"lazy\" decoding=\"async\" width=\"800\" height=\"900\" src=\"https:\/\/vinum.mx\/wp-content\/uploads\/2025\/12\/vinum-by-hedone-leo-hillinger-6.webp\" class=\"vc_single_image-img attachment-full\" alt=\"\" title=\"vinum-by-hedone-leo-hillinger-6\" srcset=\"https:\/\/vinum.mx\/wp-content\/uploads\/2025\/12\/vinum-by-hedone-leo-hillinger-6.webp 800w, https:\/\/vinum.mx\/wp-content\/uploads\/2025\/12\/vinum-by-hedone-leo-hillinger-6-267x300.webp 267w, https:\/\/vinum.mx\/wp-content\/uploads\/2025\/12\/vinum-by-hedone-leo-hillinger-6-768x864.webp 768w\" sizes=\"auto, (max-width: 800px) 100vw, 800px\" \/><\/div>\n\t\t<\/figure>\n\t<\/div>\n<\/div><\/div><\/div><\/div><div class=\"vc_row wpb_row vc_row-fluid vc_custom_1553094225926 vc_row-o-content-middle vc_row-flex\"><div class=\"wpb_column vc_column_container vc_col-sm-6\"><div class=\"vc_column-inner vc_custom_1538488220338\"><div class=\"wpb_wrapper\">\n\t<div  class=\"wpb_single_image wpb_content_element vc_align_center wpb_content_element vc_custom_1767121571925\">\n\t\t\n\t\t<figure class=\"wpb_wrapper vc_figure\">\n\t\t\t<div class=\"vc_single_image-wrapper   vc_box_border_grey\"><img loading=\"lazy\" decoding=\"async\" width=\"799\" height=\"900\" src=\"https:\/\/vinum.mx\/wp-content\/uploads\/2025\/12\/vinum-by-hedone-leo-hillinger-7.webp\" class=\"vc_single_image-img attachment-full\" alt=\"\" title=\"vinum-by-hedone-leo-hillinger-7\" srcset=\"https:\/\/vinum.mx\/wp-content\/uploads\/2025\/12\/vinum-by-hedone-leo-hillinger-7.webp 799w, https:\/\/vinum.mx\/wp-content\/uploads\/2025\/12\/vinum-by-hedone-leo-hillinger-7-266x300.webp 266w, https:\/\/vinum.mx\/wp-content\/uploads\/2025\/12\/vinum-by-hedone-leo-hillinger-7-768x865.webp 768w\" sizes=\"auto, (max-width: 799px) 100vw, 799px\" \/><\/div>\n\t\t<\/figure>\n\t<\/div>\n<\/div><\/div><\/div><div class=\"wpb_column vc_column_container vc_col-sm-6\"><div class=\"vc_column-inner vc_custom_1538489357952\"><div class=\"wpb_wrapper\"><div class=\"vc_empty_space  visible-on-mobile\"   style=\"height: 1.5em\"><span class=\"vc_empty_space_inner\"><\/span><\/div>\n\t<div class=\"title-subtitle-box  vc_custom_1767140022342\" style=\" text-align: left;\">\n\t\t<h1 style=\" font-style: normal;\" class=\"special-title\" >\n\t\t<span style=\"\">The<\/span>Terroir<\/h1>\n\t\t<div class=\"box-description\"><p>It combines diverse soils (clay, limestone, schist, black earth) with sunny climates, resulting in ripe grapes and distinctive wines, organically managed with an individualized approach for each plot and variety, highlighting the harmonious interaction between nature and expert viticulture.<\/p>\n<p>They employ meticulous canopy management and expert pruning, tailored to each individual vineyard. One of their mottos is: \u201cdo as little as possible and as necessary,\u201d allowing the grapes to reach their maximum ripeness on the vine.<br \/>\nThey have a large, skilled workforce to treat each vine according to its needs, seeking high-quality grapes.<\/p>\n<\/div>\n\t<\/div> <div class=\"vc_row wpb_row vc_inner vc_row-fluid\"><div class=\"wpb_column vc_column_container vc_col-sm-6\"><div class=\"vc_column-inner\"><div class=\"wpb_wrapper\">\n\t<div class=\"featured-icon-wrapper  style_2 text-align-left\">\n\t<div class=\"featured-icon-media-wrapper\">\n\t<img decoding=\"async\" class=\"featured-image-icon\" src=\"https:\/\/vinum.mx\/wp-content\/uploads\/2018\/10\/temperature-icn-black-40x40.png\" width=\"40\" height=\"40\" alt=\"temperature-icn-black\" title=\"temperature-icn-black\" loading=\"lazy\" \/>\n\t<\/div>\n\t<div class=\"featured-icon-content-wrapper\">\n\t<div class=\"featured-icon-title\">Temperature<\/div>\n\t<div class=\"featured-icon-subtitle\">21.0\u00b0C<\/div>\n\t<\/div>\n\t<\/div><\/div><\/div><\/div><div class=\"wpb_column vc_column_container vc_col-sm-6\"><div class=\"vc_column-inner\"><div class=\"wpb_wrapper\">\n\t<div class=\"featured-icon-wrapper  style_2 text-align-left\">\n\t<div class=\"featured-icon-media-wrapper\">\n\t<img decoding=\"async\" class=\"featured-image-icon\" src=\"https:\/\/vinum.mx\/wp-content\/uploads\/2018\/10\/parcels-icn-black-40x40.png\" width=\"40\" height=\"40\" alt=\"parcels-icn-black\" title=\"parcels-icn-black\" loading=\"lazy\" \/>\n\t<\/div>\n\t<div class=\"featured-icon-content-wrapper\">\n\t<div class=\"featured-icon-title\">Vineyards<\/div>\n\t<div class=\"featured-icon-subtitle\">92 ha<\/div>\n\t<\/div>\n\t<\/div><\/div><\/div><\/div><\/div><\/div><\/div><\/div><\/div><\/section><div data-vc-full-width=\"true\" data-vc-full-width-init=\"false\" class=\"vc_row wpb_row vc_row-fluid background-position-center-top vc_custom_1772482256794 vc_row-has-fill\"><div class=\"wpb_column vc_column_container vc_col-sm-12\"><div class=\"vc_column-inner\"><div class=\"wpb_wrapper\">\n\t<div class=\"title-subtitle-box  vc_custom_1767121593974\" style=\" text-align: center;\">\n\t\t<span class=\"gg-vertical-line\"  ><\/span>\n\t\t<h1 style=\" font-style: normal;\" class=\"special-title\" >Discover Leo Hillinger<\/h1>\n\t\t<p style=\"\" class=\"special-subtitle\">Exceptional wines from Austria<\/p>\n\t<\/div> \n\t<div class=\"gg-special-button-wrapper  vc_custom_1772546028106 special-button-align-center special-button-style-btn-primary gradient-outline\"><a class=\"btn btn-primary gradient-outline\" href=\"https:\/\/vinum.mx\/en\/product-category\/pais\/austria\/\" title=\"Our Wines from Austria\" target=\"_self\">Our Wines from Austria<\/a><\/div>\n\t<div  class=\"wpb_single_image wpb_content_element vc_align_center wpb_content_element vc_custom_1772481439546\">\n\t\t\n\t\t<figure class=\"wpb_wrapper vc_figure\">\n\t\t\t<div class=\"vc_single_image-wrapper   vc_box_border_grey\"><img loading=\"lazy\" decoding=\"async\" width=\"300\" height=\"86\" src=\"https:\/\/vinum.mx\/wp-content\/uploads\/2025\/12\/vinum_by_hedone-leo_hillinger-8-300x86.png\" class=\"vc_single_image-img attachment-medium\" alt=\"\" title=\"vinum_by_hedone-leo_hillinger-8\" srcset=\"https:\/\/vinum.mx\/wp-content\/uploads\/2025\/12\/vinum_by_hedone-leo_hillinger-8-300x86.png 300w, https:\/\/vinum.mx\/wp-content\/uploads\/2025\/12\/vinum_by_hedone-leo_hillinger-8-1024x295.png 1024w, https:\/\/vinum.mx\/wp-content\/uploads\/2025\/12\/vinum_by_hedone-leo_hillinger-8-768x221.png 768w, https:\/\/vinum.mx\/wp-content\/uploads\/2025\/12\/vinum_by_hedone-leo_hillinger-8.png 1384w\" sizes=\"auto, (max-width: 300px) 100vw, 300px\" \/><\/div>\n\t\t<\/figure>\n\t<\/div>\n<\/div><\/div><\/div><\/div><div class=\"vc_row-full-width vc_clearfix\"><\/div>\n<\/div>","protected":false},"excerpt":{"rendered":"Datos &amp; Cifras El Vino es para todos Vi\u00f1edos 92 hect\u00e1reas de vi\u00f1edos Regi\u00f3n vin\u00edcola Leithaberg y Burgenland en Austria Varietales Blaufr\u00e4nkisch, Zweigelt, St. Laurent, Merlot, Syrah, Cabernet Sauvignon y Gr\u00fcner Veltliner Tipo de Producci\u00f3n Vi\u00f1edos ecol\u00f3gicos certificados desde 2010 L\u00ednea de Vinos Gelber Muskateller, Blaufr\u00e4nkisch, Small Hill, Blaufr\u00e4nkisch \"Leithaberg\", Hill 1 y Hill 2<p class=\"more-link-wrapper\"><a class=\"read-more special-hover right_horizontal_line_effect\" href=\"https:\/\/vinum.mx\/en\/leo-hillinger\/\">Read More<\/a><\/p>","protected":false},"author":1,"featured_media":3541,"parent":0,"menu_order":0,"comment_status":"closed","ping_status":"closed","template":"","meta":{"_acf_changed":false,"footnotes":""},"class_list":["post-3436","page","type-page","status-publish","has-post-thumbnail","hentry","has_thumb"],"acf":[],"_links":{"self":[{"href":"https:\/\/vinum.mx\/en\/wp-json\/wp\/v2\/pages\/3436","targetHints":{"allow":["GET"]}}],"collection":[{"href":"https:\/\/vinum.mx\/en\/wp-json\/wp\/v2\/pages"}],"about":[{"href":"https:\/\/vinum.mx\/en\/wp-json\/wp\/v2\/types\/page"}],"author":[{"embeddable":true,"href":"https:\/\/vinum.mx\/en\/wp-json\/wp\/v2\/users\/1"}],"replies":[{"embeddable":true,"href":"https:\/\/vinum.mx\/en\/wp-json\/wp\/v2\/comments?post=3436"}],"version-history":[{"count":51,"href":"https:\/\/vinum.mx\/en\/wp-json\/wp\/v2\/pages\/3436\/revisions"}],"predecessor-version":[{"id":3564,"href":"https:\/\/vinum.mx\/en\/wp-json\/wp\/v2\/pages\/3436\/revisions\/3564"}],"wp:featuredmedia":[{"embeddable":true,"href":"https:\/\/vinum.mx\/en\/wp-json\/wp\/v2\/media\/3541"}],"wp:attachment":[{"href":"https:\/\/vinum.mx\/en\/wp-json\/wp\/v2\/media?parent=3436"}],"curies":[{"name":"wp","href":"https:\/\/api.w.org\/{rel}","templated":true}]}}