{"id":3430,"date":"2025-12-30T18:54:46","date_gmt":"2025-12-30T18:54:46","guid":{"rendered":"https:\/\/vinum.mx\/?page_id=3430"},"modified":"2026-03-31T02:39:24","modified_gmt":"2026-03-31T02:39:24","slug":"austria","status":"publish","type":"page","link":"https:\/\/vinum.mx\/en\/austria\/","title":{"rendered":"Austria"},"content":{"rendered":"<div class=\"wpb-content-wrapper\"><div class=\"vc_row wpb_row vc_row-fluid vc_custom_1767548249304\"><div class=\"wpb_column vc_column_container vc_col-sm-2\"><div class=\"vc_column-inner\"><div class=\"wpb_wrapper\"><\/div><\/div><\/div><div class=\"wpb_column vc_column_container vc_col-sm-8\"><div class=\"vc_column-inner\"><div class=\"wpb_wrapper\">\n\t<div class=\"title-subtitle-box  wpb_animate_when_almost_visible wpb_bottom-to-top bottom-to-top vc_custom_1772472776987\" style=\" text-align: center;\">\n\t\t<span class=\"gg-vertical-line\"  ><\/span>\n\t\t<h1 style=\" font-style: normal;\" class=\"special-title\" >\n\t\t<span style=\"\">Our Wineries From<\/span>Austria<\/h1>\n\t\t<div class=\"box-description\"><p>Grape cultivation and wine production in Austria have deep roots dating back to Celtic and Roman times (around 700 BC), but flourished significantly under the Romans and was then boosted by monks in the Middle Ages, with vineyards documented from the 5th century and monastic establishments in the 12th century.<\/p>\n<\/div>\n\t<\/div> <\/div><\/div><\/div><div class=\"wpb_column vc_column_container vc_col-sm-2\"><div class=\"vc_column-inner\"><div class=\"wpb_wrapper\"><\/div><\/div><\/div><\/div><div class=\"vc_row wpb_row vc_row-fluid vc_custom_1767547103423 vc_row-o-content-top vc_row-flex\"><div class=\"wpb_column vc_column_container vc_col-sm-6\"><div class=\"vc_column-inner\"><div class=\"wpb_wrapper\">\n\t<div class=\"title-subtitle-box  wpb_animate_when_almost_visible wpb_bottom-to-top bottom-to-top vc_custom_1772415626241\" style=\" text-align: left;\">\n\t\t<h1 style=\" font-style: normal;\" class=\"special-title\" >\n\t\t<span style=\"\">Leo<\/span>Hillinger<\/h1>\n\t\t<div class=\"box-description\"><p>Grown in the Austrian wine region of Leithaberg, in northern Burgenland, they are currently exported to some twenty countries worldwide. Leo Hillinger runs his internationally renowned business with passion and dedication.<\/p>\n<\/div>\n\t<\/div> \n\t<div class=\"gg-special-link-wrapper  vc_custom_1772472959342 text-align-left\"><a  class=\"gg-special-link special-hover right_horizontal_line_effect\" href=\"https:\/\/vinum.mx\/en\/leo-hillinger\/\" title=\"\" target=\"_self\">Discover Leo Hillinger<\/a><\/div>\n\t<div  class=\"wpb_single_image wpb_content_element vc_align_left wpb_content_element wpb_animate_when_almost_visible wpb_bottom-to-top bottom-to-top vc_custom_1767146319555\">\n\t\t\n\t\t<figure class=\"wpb_wrapper vc_figure\">\n\t\t\t<div class=\"vc_single_image-wrapper   vc_box_border_grey\"><img loading=\"lazy\" decoding=\"async\" width=\"799\" height=\"1000\" src=\"https:\/\/vinum.mx\/wp-content\/uploads\/2025\/12\/vinum-by-hedone-austria-leo-hilinger-1.webp\" class=\"vc_single_image-img attachment-full\" alt=\"\" title=\"vinum-by-hedone-austria-leo-hilinger-1\" srcset=\"https:\/\/vinum.mx\/wp-content\/uploads\/2025\/12\/vinum-by-hedone-austria-leo-hilinger-1.webp 799w, https:\/\/vinum.mx\/wp-content\/uploads\/2025\/12\/vinum-by-hedone-austria-leo-hilinger-1-240x300.webp 240w, https:\/\/vinum.mx\/wp-content\/uploads\/2025\/12\/vinum-by-hedone-austria-leo-hilinger-1-768x961.webp 768w\" sizes=\"auto, (max-width: 799px) 100vw, 799px\" \/><\/div>\n\t\t<\/figure>\n\t<\/div>\n<\/div><\/div><\/div><div class=\"wpb_column vc_column_container vc_col-sm-6\"><div class=\"vc_column-inner\"><div class=\"wpb_wrapper\">\n\t<div  class=\"wpb_single_image wpb_content_element vc_align_left wpb_content_element wpb_animate_when_almost_visible wpb_bottom-to-top anim-delay-1 bottom-to-top anim-delay-1 vc_custom_1772415731471\">\n\t\t\n\t\t<figure class=\"wpb_wrapper vc_figure\">\n\t\t\t<div class=\"vc_single_image-wrapper   vc_box_border_grey\"><img loading=\"lazy\" decoding=\"async\" width=\"800\" height=\"1000\" src=\"https:\/\/vinum.mx\/wp-content\/uploads\/2025\/12\/vinum-by-hedone-austria-martin-pasler-1.webp\" class=\"vc_single_image-img attachment-full\" alt=\"\" title=\"vinum-by-hedone-austria-martin-pasler-1\" srcset=\"https:\/\/vinum.mx\/wp-content\/uploads\/2025\/12\/vinum-by-hedone-austria-martin-pasler-1.webp 800w, https:\/\/vinum.mx\/wp-content\/uploads\/2025\/12\/vinum-by-hedone-austria-martin-pasler-1-240x300.webp 240w, https:\/\/vinum.mx\/wp-content\/uploads\/2025\/12\/vinum-by-hedone-austria-martin-pasler-1-768x960.webp 768w\" sizes=\"auto, (max-width: 800px) 100vw, 800px\" \/><\/div>\n\t\t<\/figure>\n\t<\/div>\n\n\t<div class=\"title-subtitle-box  wpb_animate_when_almost_visible wpb_bottom-to-top bottom-to-top vc_custom_1772415777440\" style=\" text-align: left;\">\n\t\t<h1 style=\" font-style: normal;\" class=\"special-title\" >\n\t\t<span style=\"\">Martin<\/span>Pasler<\/h1>\n\t\t<div class=\"box-description\"><p>Martin Pasler is passionate and deeply committed to his wines. His mind is full of visions, always searching for new ideas. Spontaneity comes naturally to him, but consistency is also an important value in his life.<\/p>\n<\/div>\n\t<\/div> \n\t<div class=\"gg-special-link-wrapper  vc_custom_1772472950803 text-align-left\"><a  class=\"gg-special-link special-hover right_horizontal_line_effect\" href=\"https:\/\/vinum.mx\/en\/martin-pasler\/\" title=\"\" target=\"_self\">Discover Martin Pasler<\/a><\/div><\/div><\/div><\/div><\/div><div class=\"vc_row wpb_row vc_row-fluid vc_custom_1767548738513\"><div class=\"wpb_column vc_column_container vc_col-sm-2\"><div class=\"vc_column-inner\"><div class=\"wpb_wrapper\"><\/div><\/div><\/div><div class=\"wpb_column vc_column_container vc_col-sm-8\"><div class=\"vc_column-inner\"><div class=\"wpb_wrapper\">\n\t<div class=\"title-subtitle-box  wpb_animate_when_almost_visible wpb_bottom-to-top bottom-to-top vc_custom_1767548671300\" style=\" text-align: center;\">\n\t\t<span class=\"gg-vertical-line\"  ><\/span>\n\t\t<h1 style=\" font-style: normal;\" class=\"special-title\" >\n\t\t<span style=\"\">Our<\/span>Store<\/h1>\n\t<\/div> <\/div><\/div><\/div><div class=\"wpb_column vc_column_container vc_col-sm-2\"><div class=\"vc_column-inner\"><div class=\"wpb_wrapper\"><\/div><\/div><\/div><\/div><div class=\"vc_row wpb_row vc_row-fluid vc_custom_1767548803675 vc_row-o-equal-height vc_row-o-content-middle vc_row-flex\"><div class=\"wpb_column vc_column_container vc_col-sm-6 vc_col-has-fill\"><div class=\"vc_column-inner vc_custom_1546142208864\"><div class=\"wpb_wrapper\">\n\t<div  class=\"wpb_single_image wpb_content_element vc_align_center wpb_content_element vc_custom_1768347408383\">\n\t\t\n\t\t<figure class=\"wpb_wrapper vc_figure\">\n\t\t\t<div class=\"vc_single_image-wrapper   vc_box_border_grey\"><img loading=\"lazy\" decoding=\"async\" width=\"992\" height=\"1107\" src=\"https:\/\/vinum.mx\/wp-content\/uploads\/2026\/01\/wine-bottle-red-splash.webp\" class=\"vc_single_image-img attachment-full\" alt=\"\" title=\"vinum-wine-bottle-red-splash\" srcset=\"https:\/\/vinum.mx\/wp-content\/uploads\/2026\/01\/wine-bottle-red-splash.webp 992w, https:\/\/vinum.mx\/wp-content\/uploads\/2026\/01\/wine-bottle-red-splash-269x300.webp 269w, https:\/\/vinum.mx\/wp-content\/uploads\/2026\/01\/wine-bottle-red-splash-918x1024.webp 918w, https:\/\/vinum.mx\/wp-content\/uploads\/2026\/01\/wine-bottle-red-splash-768x857.webp 768w\" sizes=\"auto, (max-width: 992px) 100vw, 992px\" \/><\/div>\n\t\t<\/figure>\n\t<\/div>\n<\/div><\/div><\/div><div class=\"wpb_column vc_column_container vc_col-sm-6\"><div class=\"vc_column-inner vc_custom_1546158634451\"><div class=\"wpb_wrapper\">\n\t<div class=\"title-subtitle-box  vc_custom_1768672040121\" style=\" text-align: left;\">\n\t\t<h1 style=\" font-style: normal;\" class=\"special-title\" >\n\t\t<span style=\" color:#c89500; \" class=\"toptitle_has_hor_line\">Our<\/span>Reds<\/h1>\n\t\t<div class=\"box-description\"><p><em>Red Berries, Spices, Leather and Chocolate<\/em><\/p>\n<p>They evoke passion, depth, and mystery. Stories of ripe fruit, damp earth, and oak.<\/p>\n<\/div>\n\t<\/div> \n\t<div class=\"gg_list list_style_none list_border_bottom vc_custom_1769377103989\">\n<ul>\n<li><a href=\"https:\/\/vinum.mx\/en\/product\/leo-hillinger-blaufrankisch\/\">Hillinger Blaufr\u00e4nkisch <\/a><\/li>\n<li><a href=\"https:\/\/vinum.mx\/en\/product\/leo-hillinger-blaufrankisch-leithaberg\/\">Hillinger Leithaberg<\/a><\/li>\n<li><a href=\"https:\/\/vinum.mx\/en\/product\/leo-hillinger-hill-1\/\">Hillinger Hill 1<\/a><\/li>\n<li><a href=\"https:\/\/vinum.mx\/en\/product\/martin-pasler-jois\/\">Pasler Jois<\/a><\/li>\n<li><a href=\"https:\/\/vinum.mx\/en\/product\/martin-pasler-zweigelt\/\">Pasler Zweigelt<\/a><\/li>\n<li><a href=\"https:\/\/vinum.mx\/en\/product\/martin-pasler-blaufrankish\/\">Pasler Blaufr\u00e4nkish<\/a><\/li>\n<\/ul>\n<\/div>\n\t<div class=\"gg-special-link-wrapper  text-align-right\"><a  class=\"gg-special-link special-hover underline_effect\" href=\"https:\/\/vinum.mx\/en\/product-category\/pais\/austria\/\" title=\"\" target=\"_self\">Go to the Store<\/a><\/div><\/div><\/div><\/div><\/div><div class=\"vc_row wpb_row vc_row-fluid vc_custom_1546222487312 vc_row-o-equal-height vc_row-o-content-middle vc_row-flex\"><div class=\"wpb_column vc_column_container vc_col-sm-6\"><div class=\"vc_column-inner vc_custom_1546221574253\"><div class=\"wpb_wrapper\">\n\t<div class=\"title-subtitle-box  vc_custom_1768671848226\" style=\" text-align: left;\">\n\t\t<h1 style=\" font-style: normal;\" class=\"special-title\" >\n\t\t<span style=\" color:#c89500; \" class=\"toptitle_has_hor_line\">Our<\/span>Whites<\/h1>\n\t\t<div class=\"box-description\"><p><em>Great freshness, acidity, minerality and floral notes<\/em><\/p>\n<p>Crystalline and golden hues. They honor citrus fruits, flowers, herbs, and the terroir.<\/p>\n<\/div>\n\t<\/div> \n\t<div class=\"gg_list list_style_none list_border_bottom vc_custom_1769377263269\">\n<ul>\n<li><a href=\"https:\/\/vinum.mx\/en\/product\/leo-hillinger-gelber-muskateller\/\">Hillinger Gelber<\/a><\/li>\n<li><a href=\"https:\/\/vinum.mx\/en\/product\/leo-hillinger-small-hill\/\">Hillinger Small Hill<\/a><\/li>\n<li><a href=\"https:\/\/vinum.mx\/en\/product\/leo-hillinger-hill-2\/\">Hillinger Hill 2<\/a><\/li>\n<li><a href=\"https:\/\/vinum.mx\/en\/product\/martin-pasler-gruner-veltliner\/\">Pasler Gr\u00fcner<\/a><\/li>\n<li><a href=\"https:\/\/vinum.mx\/en\/product\/martin-pasler-muschelkalk\/\">Pasler Muschelkalk<\/a><\/li>\n<li><a href=\"https:\/\/vinum.mx\/en\/product\/martin-pasler-chardonnay\/\">Pasler Chardonnay<\/a><\/li>\n<li><a href=\"https:\/\/vinum.mx\/en\/product\/martin-pasler-chardonnay-leithaberg\/\">Pasler Leithaberg<\/a><\/li>\n<li><a href=\"https:\/\/vinum.mx\/en\/product\/martin-pasler-beerenauslese\/\">Pasler Beerenauslese <\/a><\/li>\n<\/ul>\n<\/div>\n\t<div class=\"gg-special-link-wrapper  text-align-right\"><a  class=\"gg-special-link special-hover underline_effect\" href=\"https:\/\/vinum.mx\/en\/product-category\/pais\/austria\/\" title=\"\" target=\"_self\">Go to the Store<\/a><\/div><\/div><\/div><\/div><div class=\"wpb_column vc_column_container vc_col-sm-6 vc_col-has-fill\"><div class=\"vc_column-inner vc_custom_1546213404326\"><div class=\"wpb_wrapper\">\n\t<div  class=\"wpb_single_image wpb_content_element vc_align_center wpb_content_element vc_custom_1768347446871\">\n\t\t\n\t\t<figure class=\"wpb_wrapper vc_figure\">\n\t\t\t<div class=\"vc_single_image-wrapper   vc_box_border_grey\"><img loading=\"lazy\" decoding=\"async\" width=\"992\" height=\"1107\" src=\"https:\/\/vinum.mx\/wp-content\/uploads\/2026\/01\/vinum-wine-bottle-white-splash.webp\" class=\"vc_single_image-img attachment-full\" alt=\"\" title=\"vinum-wine-bottle-white-splash\" srcset=\"https:\/\/vinum.mx\/wp-content\/uploads\/2026\/01\/vinum-wine-bottle-white-splash.webp 992w, https:\/\/vinum.mx\/wp-content\/uploads\/2026\/01\/vinum-wine-bottle-white-splash-269x300.webp 269w, https:\/\/vinum.mx\/wp-content\/uploads\/2026\/01\/vinum-wine-bottle-white-splash-918x1024.webp 918w, https:\/\/vinum.mx\/wp-content\/uploads\/2026\/01\/vinum-wine-bottle-white-splash-768x857.webp 768w\" sizes=\"auto, (max-width: 992px) 100vw, 992px\" \/><\/div>\n\t\t<\/figure>\n\t<\/div>\n<\/div><\/div><\/div><\/div>\n<\/div>","protected":false},"excerpt":{"rendered":"Nuestras Vin\u00edcolas de:Austria El cultivo de uvas y la producci\u00f3n de vino en Austria tienen ra\u00edces profundas que se remontan a la \u00e9poca celta y romana (alrededor del 700 a.C.), pero floreci\u00f3 significativamente bajo los romanos y luego fue impulsado por los monjes en la Edad Media, con vi\u00f1edos documentados desde el siglo V y<p class=\"more-link-wrapper\"><a class=\"read-more special-hover right_horizontal_line_effect\" href=\"https:\/\/vinum.mx\/en\/austria\/\">Read More<\/a><\/p>","protected":false},"author":1,"featured_media":0,"parent":0,"menu_order":0,"comment_status":"closed","ping_status":"closed","template":"","meta":{"_acf_changed":false,"footnotes":""},"class_list":["post-3430","page","type-page","status-publish","hentry"],"acf":[],"_links":{"self":[{"href":"https:\/\/vinum.mx\/en\/wp-json\/wp\/v2\/pages\/3430","targetHints":{"allow":["GET"]}}],"collection":[{"href":"https:\/\/vinum.mx\/en\/wp-json\/wp\/v2\/pages"}],"about":[{"href":"https:\/\/vinum.mx\/en\/wp-json\/wp\/v2\/types\/page"}],"author":[{"embeddable":true,"href":"https:\/\/vinum.mx\/en\/wp-json\/wp\/v2\/users\/1"}],"replies":[{"embeddable":true,"href":"https:\/\/vinum.mx\/en\/wp-json\/wp\/v2\/comments?post=3430"}],"version-history":[{"count":110,"href":"https:\/\/vinum.mx\/en\/wp-json\/wp\/v2\/pages\/3430\/revisions"}],"predecessor-version":[{"id":4747,"href":"https:\/\/vinum.mx\/en\/wp-json\/wp\/v2\/pages\/3430\/revisions\/4747"}],"wp:attachment":[{"href":"https:\/\/vinum.mx\/en\/wp-json\/wp\/v2\/media?parent=3430"}],"curies":[{"name":"wp","href":"https:\/\/api.w.org\/{rel}","templated":true}]}}