{"id":3405,"date":"2025-12-30T18:28:08","date_gmt":"2025-12-30T18:28:08","guid":{"rendered":"https:\/\/vinum.mx\/?page_id=3405"},"modified":"2026-03-03T13:55:54","modified_gmt":"2026-03-03T13:55:54","slug":"martin-pasler","status":"publish","type":"page","link":"https:\/\/vinum.mx\/en\/martin-pasler\/","title":{"rendered":"Martin Pasler"},"content":{"rendered":"<div class=\"wpb-content-wrapper\"><div class=\"vc_row wpb_row vc_row-fluid vc_custom_1767497284671\"><div class=\"wpb_column vc_column_container vc_col-sm-12\"><div class=\"vc_column-inner\"><div class=\"wpb_wrapper\">\n\t<div class=\"title-subtitle-box\" style=\" text-align: center;\">\n\t\t<span class=\"gg-vertical-line\"  ><\/span>\n\t\t<h1 style=\" font-style: normal;\" class=\"special-title\" >Facts &amp; Figures<\/h1>\n\t\t<p style=\"\" class=\"special-subtitle\">Wine is for everyone<\/p>\n\t<\/div> <div class=\"vc_row wpb_row vc_inner vc_row-fluid vc_custom_1538489763067 vc_row-has-fill vc_row-o-content-middle vc_row-flex\"><div class=\"wpb_column vc_column_container vc_col-sm-6\"><div class=\"vc_column-inner vc_custom_1538489839699\"><div class=\"wpb_wrapper\"><div class=\"vc_empty_space  visible-on-mobile\"   style=\"height: 1.5em\"><span class=\"vc_empty_space_inner\"><\/span><\/div>\n\t<div class=\"gg-infobox  text-align-left use_horizontal_line\" >\n\t\t<div class=\"infobox-title\" >Vineyards<\/div>\n\t\t<div class=\"infobox-description\" ><p>15 hectares of vineyards<\/p>\n<\/div>\n\t<\/div> \n\t<div class=\"gg-infobox  text-align-left use_horizontal_line\" >\n\t\t<div class=\"infobox-title\" >Wine region<\/div>\n\t\t<div class=\"infobox-description\" ><p>Jois, on the west shore of Lake Neusiedlersee<\/p>\n<\/div>\n\t<\/div> \n\t<div class=\"gg-infobox  text-align-left use_horizontal_line\" >\n\t\t<div class=\"infobox-title\" >Varietals<\/div>\n\t\t<div class=\"infobox-description\" ><p>Zweigelt, Gr\u00fcner Veltliner, Welschriesling, Blaufr\u00e4nkisch, Chardonnay and Pinot Blanc<\/p>\n<\/div>\n\t<\/div> \n\t<div class=\"gg-infobox  text-align-left use_horizontal_line\" >\n\t\t<div class=\"infobox-title\" >Production Style<\/div>\n\t\t<div class=\"infobox-description\" ><p>Certified organic vineyards<\/p>\n<\/div>\n\t<\/div> \n\t<div class=\"gg-infobox  text-align-left use_horizontal_line\" >\n\t\t<div class=\"infobox-title\" >Wine Line<\/div>\n\t\t<div class=\"infobox-description\" ><p>Gr\u00fcner Veltliner, Muschelkalk, Chardonnay, Chardonnay \u201cLeithaberg\u201d, Jois, Zweigelt, Blaufr\u00e4nkish and Beerenauslese<\/p>\n<\/div>\n\t<\/div> <\/div><\/div><\/div><div class=\"wpb_column vc_column_container vc_col-sm-6\"><div class=\"vc_column-inner vc_custom_1538489830950\"><div class=\"wpb_wrapper\">\n\t<div  class=\"wpb_single_image wpb_content_element vc_align_center wpb_content_element vc_custom_1767119996353\">\n\t\t\n\t\t<figure class=\"wpb_wrapper vc_figure\">\n\t\t\t<div class=\"vc_single_image-wrapper   vc_box_border_grey\"><img loading=\"lazy\" decoding=\"async\" width=\"800\" height=\"900\" src=\"https:\/\/vinum.mx\/wp-content\/uploads\/2025\/12\/vinum-by-hedone-martin-pasler-5.webp\" class=\"vc_single_image-img attachment-full\" alt=\"\" title=\"vinum-by-hedone-martin-pasler-5\" srcset=\"https:\/\/vinum.mx\/wp-content\/uploads\/2025\/12\/vinum-by-hedone-martin-pasler-5.webp 800w, https:\/\/vinum.mx\/wp-content\/uploads\/2025\/12\/vinum-by-hedone-martin-pasler-5-267x300.webp 267w, https:\/\/vinum.mx\/wp-content\/uploads\/2025\/12\/vinum-by-hedone-martin-pasler-5-768x864.webp 768w\" sizes=\"auto, (max-width: 800px) 100vw, 800px\" \/><\/div>\n\t\t<\/figure>\n\t<\/div>\n<\/div><\/div><\/div><\/div><\/div><\/div><\/div><\/div><section class=\"vc_section vc_custom_1767496500124\"><div class=\"vc_row wpb_row vc_row-fluid\"><div class=\"wpb_column vc_column_container vc_col-sm-12\"><div class=\"vc_column-inner\"><div class=\"wpb_wrapper\">\n\t<div class=\"title-subtitle-box  vc_custom_1767140380559\" style=\" text-align: center;\">\n\t\t<span class=\"gg-vertical-line\"  ><\/span>\n\t\t<h1 style=\" font-style: normal;\" class=\"special-title\" >Location &amp; Vineyard<\/h1>\n\t\t<p style=\"\" class=\"special-subtitle\">39.7712\u00b0 S, 176.7416\u00b0 E<\/p>\n\t\t<div class=\"box-description\"><p style=\"text-align: center;\"><a href=\"https:\/\/maps.app.goo.gl\/AN7UKYh3fLG2S4sk7\">View on Google Maps<\/a><\/p>\n<\/div>\n\t<\/div> <\/div><\/div><\/div><\/div><div class=\"vc_row wpb_row vc_row-fluid vc_custom_1538488236222 vc_row-o-content-middle vc_row-flex\"><div class=\"wpb_column vc_column_container vc_col-sm-6\"><div class=\"vc_column-inner vc_custom_1538488704422\"><div class=\"wpb_wrapper\">\n\t<div class=\"title-subtitle-box  vc_custom_1767141152053\" style=\" text-align: left;\">\n\t\t<h1 style=\" font-style: normal;\" class=\"special-title\" >\n\t\t<span style=\"\">The<\/span>Wineyard<\/h1>\n\t\t<div class=\"box-description\"><p>Martin Pasler's vineyards, located in the Neusiedlersee region of Austria, are characterized by their organic approach, the cultivation of indigenous varieties such as Zweigelt and Gr\u00fcner Veltliner, and a strong minerality derived from calcareous and slate soils, resulting in fresh, fruity and complex wines with notes of citrus, peach, black berries, spices and a distinctive mineral touch, reflecting their terroir and careful winemaking.<br \/>\nThey have an emphasis on precision viticulture, selective pruning, yield reduction, and manual harvesting.<\/p>\n<\/div>\n\t<\/div> <div class=\"vc_row wpb_row vc_inner vc_row-fluid\"><div class=\"wpb_column vc_column_container vc_col-sm-6\"><div class=\"vc_column-inner\"><div class=\"wpb_wrapper\">\n\t<div class=\"featured-icon-wrapper  style_2 text-align-left\">\n\t<div class=\"featured-icon-media-wrapper\">\n\t<img decoding=\"async\" class=\"featured-image-icon\" src=\"https:\/\/vinum.mx\/wp-content\/uploads\/2018\/10\/sunshine-icn-black-40x40.png\" width=\"40\" height=\"40\" alt=\"sunshine-icn-black\" title=\"sunshine-icn-black\" loading=\"lazy\" \/>\n\t<\/div>\n\t<div class=\"featured-icon-content-wrapper\">\n\t<div class=\"featured-icon-title\">Sun<\/div>\n\t<div class=\"featured-icon-subtitle\">1,917 hrs<\/div>\n\t<\/div>\n\t<\/div><\/div><\/div><\/div><div class=\"wpb_column vc_column_container vc_col-sm-6\"><div class=\"vc_column-inner\"><div class=\"wpb_wrapper\">\n\t<div class=\"featured-icon-wrapper  style_2 text-align-left\">\n\t<div class=\"featured-icon-media-wrapper\">\n\t<img decoding=\"async\" class=\"featured-image-icon\" src=\"https:\/\/vinum.mx\/wp-content\/uploads\/2018\/10\/rain-icn-black-40x40.png\" width=\"40\" height=\"40\" alt=\"rain-icn-black\" title=\"rain-icn-black\" loading=\"lazy\" \/>\n\t<\/div>\n\t<div class=\"featured-icon-content-wrapper\">\n\t<div class=\"featured-icon-title\">Rain<\/div>\n\t<div class=\"featured-icon-subtitle\">980 mm<\/div>\n\t<\/div>\n\t<\/div><\/div><\/div><\/div><\/div><div class=\"vc_empty_space  visible-on-mobile\"   style=\"height: 1.5em\"><span class=\"vc_empty_space_inner\"><\/span><\/div><\/div><\/div><\/div><div class=\"wpb_column vc_column_container vc_col-sm-6\"><div class=\"vc_column-inner vc_custom_1538488213437\"><div class=\"wpb_wrapper\">\n\t<div  class=\"wpb_single_image wpb_content_element vc_align_center wpb_content_element vc_custom_1767120016672\">\n\t\t\n\t\t<figure class=\"wpb_wrapper vc_figure\">\n\t\t\t<div class=\"vc_single_image-wrapper   vc_box_border_grey\"><img loading=\"lazy\" decoding=\"async\" width=\"800\" height=\"900\" src=\"https:\/\/vinum.mx\/wp-content\/uploads\/2025\/12\/vinum-by-hedone-martin-pasler-6.webp\" class=\"vc_single_image-img attachment-full\" alt=\"\" title=\"vinum-by-hedone-martin-pasler-6\" srcset=\"https:\/\/vinum.mx\/wp-content\/uploads\/2025\/12\/vinum-by-hedone-martin-pasler-6.webp 800w, https:\/\/vinum.mx\/wp-content\/uploads\/2025\/12\/vinum-by-hedone-martin-pasler-6-267x300.webp 267w, https:\/\/vinum.mx\/wp-content\/uploads\/2025\/12\/vinum-by-hedone-martin-pasler-6-768x864.webp 768w\" sizes=\"auto, (max-width: 800px) 100vw, 800px\" \/><\/div>\n\t\t<\/figure>\n\t<\/div>\n<\/div><\/div><\/div><\/div><div class=\"vc_row wpb_row vc_row-fluid vc_custom_1553094225926 vc_row-o-content-middle vc_row-flex\"><div class=\"wpb_column vc_column_container vc_col-sm-6\"><div class=\"vc_column-inner vc_custom_1538488220338\"><div class=\"wpb_wrapper\">\n\t<div  class=\"wpb_single_image wpb_content_element vc_align_center wpb_content_element vc_custom_1767120033096\">\n\t\t\n\t\t<figure class=\"wpb_wrapper vc_figure\">\n\t\t\t<div class=\"vc_single_image-wrapper   vc_box_border_grey\"><img loading=\"lazy\" decoding=\"async\" width=\"800\" height=\"900\" src=\"https:\/\/vinum.mx\/wp-content\/uploads\/2025\/12\/vinum-by-hedone-martin-pasler-7.webp\" class=\"vc_single_image-img attachment-full\" alt=\"\" title=\"vinum-by-hedone-martin-pasler-7\" srcset=\"https:\/\/vinum.mx\/wp-content\/uploads\/2025\/12\/vinum-by-hedone-martin-pasler-7.webp 800w, https:\/\/vinum.mx\/wp-content\/uploads\/2025\/12\/vinum-by-hedone-martin-pasler-7-267x300.webp 267w, https:\/\/vinum.mx\/wp-content\/uploads\/2025\/12\/vinum-by-hedone-martin-pasler-7-768x864.webp 768w\" sizes=\"auto, (max-width: 800px) 100vw, 800px\" \/><\/div>\n\t\t<\/figure>\n\t<\/div>\n<\/div><\/div><\/div><div class=\"wpb_column vc_column_container vc_col-sm-6\"><div class=\"vc_column-inner vc_custom_1538489357952\"><div class=\"wpb_wrapper\"><div class=\"vc_empty_space  visible-on-mobile\"   style=\"height: 1.5em\"><span class=\"vc_empty_space_inner\"><\/span><\/div>\n\t<div class=\"title-subtitle-box  vc_custom_1767495824233\" style=\" text-align: left;\">\n\t\t<h1 style=\" font-style: normal;\" class=\"special-title\" >\n\t\t<span style=\"\">The<\/span>Terroir<\/h1>\n\t\t<div class=\"box-description\"><p>The terroir of Martin Pasler Vineyards is characterized by the unique fusion of Leithaberg and Lake Neusiedl, creating mica slate and limestone soils that allow deep roots and dense wines, resulting in wines with great minerality, freshness and complexity, from black fruits and spices in reds like Zweigelt, to notes of honey, citrus and flowers in whites like Gr\u00fcner Veltliner and Chardonnay, all under an approach of organic and traditional Austrian viticulture.<br \/>\nLos suelos tienen una combinaci\u00f3n de mica pizarra (aportando profundidad y estructura) y caliza (dando densidad y mineralidad). En resumen, el terroir de Martin Pasler es una mezcla de geolog\u00eda \u00fanica, microclima especial y pr\u00e1cticas vitivin\u00edcolas respetuosas, que se traduce en vinos austriacos frescos, minerales y muy expresivos<\/p>\n<\/div>\n\t<\/div> <div class=\"vc_row wpb_row vc_inner vc_row-fluid\"><div class=\"wpb_column vc_column_container vc_col-sm-6\"><div class=\"vc_column-inner\"><div class=\"wpb_wrapper\">\n\t<div class=\"featured-icon-wrapper  style_2 text-align-left\">\n\t<div class=\"featured-icon-media-wrapper\">\n\t<img decoding=\"async\" class=\"featured-image-icon\" src=\"https:\/\/vinum.mx\/wp-content\/uploads\/2018\/10\/temperature-icn-black-40x40.png\" width=\"40\" height=\"40\" alt=\"temperature-icn-black\" title=\"temperature-icn-black\" loading=\"lazy\" \/>\n\t<\/div>\n\t<div class=\"featured-icon-content-wrapper\">\n\t<div class=\"featured-icon-title\">Temperature<\/div>\n\t<div class=\"featured-icon-subtitle\">21.0\u00b0C<\/div>\n\t<\/div>\n\t<\/div><\/div><\/div><\/div><div class=\"wpb_column vc_column_container vc_col-sm-6\"><div class=\"vc_column-inner\"><div class=\"wpb_wrapper\">\n\t<div class=\"featured-icon-wrapper  style_2 text-align-left\">\n\t<div class=\"featured-icon-media-wrapper\">\n\t<img decoding=\"async\" class=\"featured-image-icon\" src=\"https:\/\/vinum.mx\/wp-content\/uploads\/2018\/10\/parcels-icn-black-40x40.png\" width=\"40\" height=\"40\" alt=\"parcels-icn-black\" title=\"parcels-icn-black\" loading=\"lazy\" \/>\n\t<\/div>\n\t<div class=\"featured-icon-content-wrapper\">\n\t<div class=\"featured-icon-title\">Vineyards<\/div>\n\t<div class=\"featured-icon-subtitle\">15 ha<\/div>\n\t<\/div>\n\t<\/div><\/div><\/div><\/div><\/div><\/div><\/div><\/div><\/div><\/section><div data-vc-full-width=\"true\" data-vc-full-width-init=\"false\" class=\"vc_row wpb_row vc_row-fluid background-position-center-top vc_custom_1772545711665 vc_row-has-fill\"><div class=\"wpb_column vc_column_container vc_col-sm-12\"><div class=\"vc_column-inner\"><div class=\"wpb_wrapper\">\n\t<div class=\"title-subtitle-box  vc_custom_1767120169037\" style=\" text-align: center;\">\n\t\t<span class=\"gg-vertical-line\"  ><\/span>\n\t\t<h1 style=\" font-style: normal;\" class=\"special-title\" >Discover Martin Pasler<\/h1>\n\t\t<p style=\"\" class=\"special-subtitle\">Exceptional wines from Austria<\/p>\n\t<\/div> \n\t<div class=\"gg-special-button-wrapper  vc_custom_1772546150631 special-button-align-center special-button-style-btn-primary gradient-outline\"><a class=\"btn btn-primary gradient-outline\" href=\"https:\/\/vinum.mx\/en\/product-category\/pais\/austria\/\" title=\"Our Wines from Austria\" target=\"_self\">Our Wines from Austria<\/a><\/div>\n\t<div  class=\"wpb_single_image wpb_content_element vc_align_center wpb_content_element vc_custom_1772545910105\">\n\t\t\n\t\t<figure class=\"wpb_wrapper vc_figure\">\n\t\t\t<div class=\"vc_single_image-wrapper   vc_box_border_grey\"><img loading=\"lazy\" decoding=\"async\" width=\"300\" height=\"83\" src=\"https:\/\/vinum.mx\/wp-content\/uploads\/2025\/12\/vinum-by-hedone-martin-pasler-8-300x83.webp\" class=\"vc_single_image-img attachment-medium\" alt=\"\" title=\"vinum-by-hedone-martin-pasler-8\" srcset=\"https:\/\/vinum.mx\/wp-content\/uploads\/2025\/12\/vinum-by-hedone-martin-pasler-8-300x83.webp 300w, https:\/\/vinum.mx\/wp-content\/uploads\/2025\/12\/vinum-by-hedone-martin-pasler-8-1024x285.webp 1024w, https:\/\/vinum.mx\/wp-content\/uploads\/2025\/12\/vinum-by-hedone-martin-pasler-8-768x214.webp 768w, https:\/\/vinum.mx\/wp-content\/uploads\/2025\/12\/vinum-by-hedone-martin-pasler-8.webp 1384w\" sizes=\"auto, (max-width: 300px) 100vw, 300px\" \/><\/div>\n\t\t<\/figure>\n\t<\/div>\n<\/div><\/div><\/div><\/div><div class=\"vc_row-full-width vc_clearfix\"><\/div>\n<\/div>","protected":false},"excerpt":{"rendered":"Datos &amp; Cifras El Vino es para todos Vi\u00f1edos 15 hect\u00e1reas de vi\u00f1edos Regi\u00f3n vin\u00edcola Jois, en la costa oeste del lago Neusiedlersee Varietales Zweigelt, Gr\u00fcner Veltliner, Welschriesling, Blaufr\u00e4nkisch, Chardonnay y Pinot Blanc Tipo de Producci\u00f3n Vi\u00f1edos ecol\u00f3gicos certificados L\u00ednea de Vinos Gr\u00fcner Veltliner, Muschelkalk, Chardonnay, Chardonnay \"Leithaberg\", Jois, Zweigelt, Blaufr\u00e4nkish y Beerenauslese Ubicaci\u00f3n &amp;<p class=\"more-link-wrapper\"><a class=\"read-more special-hover right_horizontal_line_effect\" href=\"https:\/\/vinum.mx\/en\/martin-pasler\/\">Read More<\/a><\/p>","protected":false},"author":1,"featured_media":3542,"parent":0,"menu_order":0,"comment_status":"closed","ping_status":"closed","template":"","meta":{"_acf_changed":false,"footnotes":""},"class_list":["post-3405","page","type-page","status-publish","has-post-thumbnail","hentry","has_thumb"],"acf":[],"_links":{"self":[{"href":"https:\/\/vinum.mx\/en\/wp-json\/wp\/v2\/pages\/3405","targetHints":{"allow":["GET"]}}],"collection":[{"href":"https:\/\/vinum.mx\/en\/wp-json\/wp\/v2\/pages"}],"about":[{"href":"https:\/\/vinum.mx\/en\/wp-json\/wp\/v2\/types\/page"}],"author":[{"embeddable":true,"href":"https:\/\/vinum.mx\/en\/wp-json\/wp\/v2\/users\/1"}],"replies":[{"embeddable":true,"href":"https:\/\/vinum.mx\/en\/wp-json\/wp\/v2\/comments?post=3405"}],"version-history":[{"count":63,"href":"https:\/\/vinum.mx\/en\/wp-json\/wp\/v2\/pages\/3405\/revisions"}],"predecessor-version":[{"id":4491,"href":"https:\/\/vinum.mx\/en\/wp-json\/wp\/v2\/pages\/3405\/revisions\/4491"}],"wp:featuredmedia":[{"embeddable":true,"href":"https:\/\/vinum.mx\/en\/wp-json\/wp\/v2\/media\/3542"}],"wp:attachment":[{"href":"https:\/\/vinum.mx\/en\/wp-json\/wp\/v2\/media?parent=3405"}],"curies":[{"name":"wp","href":"https:\/\/api.w.org\/{rel}","templated":true}]}}