{"id":3384,"date":"2025-12-24T18:49:10","date_gmt":"2025-12-24T18:49:10","guid":{"rendered":"https:\/\/vinum.mx\/?page_id=3384"},"modified":"2026-03-03T14:17:24","modified_gmt":"2026-03-03T14:17:24","slug":"edmond-rentz","status":"publish","type":"page","link":"https:\/\/vinum.mx\/en\/edmond-rentz\/","title":{"rendered":"Edmond Rentz"},"content":{"rendered":"<div class=\"wpb-content-wrapper\"><div class=\"vc_row wpb_row vc_row-fluid vc_custom_1767497803977\"><div class=\"wpb_column vc_column_container vc_col-sm-12\"><div class=\"vc_column-inner\"><div class=\"wpb_wrapper\">\n\t<div class=\"title-subtitle-box\" style=\" text-align: center;\">\n\t\t<span class=\"gg-vertical-line\"  ><\/span>\n\t\t<h1 style=\" font-style: normal;\" class=\"special-title\" >Facts &amp; Figures<\/h1>\n\t\t<p style=\"\" class=\"special-subtitle\">Wine is for everyone<\/p>\n\t<\/div> <div class=\"vc_row wpb_row vc_inner vc_row-fluid vc_custom_1538489763067 vc_row-has-fill vc_row-o-content-middle vc_row-flex\"><div class=\"wpb_column vc_column_container vc_col-sm-6\"><div class=\"vc_column-inner vc_custom_1538489839699\"><div class=\"wpb_wrapper\"><div class=\"vc_empty_space  visible-on-mobile\"   style=\"height: 1.5em\"><span class=\"vc_empty_space_inner\"><\/span><\/div>\n\t<div class=\"gg-infobox  text-align-left use_horizontal_line\" >\n\t\t<div class=\"infobox-title\" >Vineyards<\/div>\n\t\t<div class=\"infobox-description\" ><p>27 hectares of vineyards distributed across more than 100 plots<\/p>\n<\/div>\n\t<\/div> \n\t<div class=\"gg-infobox  text-align-left use_horizontal_line\" >\n\t\t<div class=\"infobox-title\" >Wine region<\/div>\n\t\t<div class=\"infobox-description\" ><p>Alsace, France<\/p>\n<\/div>\n\t<\/div> \n\t<div class=\"gg-infobox  text-align-left use_horizontal_line\" >\n\t\t<div class=\"infobox-title\" >Varietals<\/div>\n\t\t<div class=\"infobox-description\" ><p>Sylvaner, Riesling and Gew\u00fcrztraminer<\/p>\n<\/div>\n\t<\/div> \n\t<div class=\"gg-infobox  text-align-left use_horizontal_line\" >\n\t\t<div class=\"infobox-title\" >Production Style<\/div>\n\t\t<div class=\"infobox-description\" ><p>Certified organic vineyards<\/p>\n<\/div>\n\t<\/div> \n\t<div class=\"gg-infobox  text-align-left use_horizontal_line\" >\n\t\t<div class=\"infobox-title\" >Wine Line<\/div>\n\t\t<div class=\"infobox-description\" ><p>Sylvaner, Riesling, Riesling Les Comtes and Gew\u00fcrztraminer<\/p>\n<\/div>\n\t<\/div> <\/div><\/div><\/div><div class=\"wpb_column vc_column_container vc_col-sm-6\"><div class=\"vc_column-inner vc_custom_1538489830950\"><div class=\"wpb_wrapper\">\n\t<div  class=\"wpb_single_image wpb_content_element vc_align_center wpb_content_element vc_custom_1766602513019\">\n\t\t\n\t\t<figure class=\"wpb_wrapper vc_figure\">\n\t\t\t<div class=\"vc_single_image-wrapper   vc_box_border_grey\"><img loading=\"lazy\" decoding=\"async\" width=\"800\" height=\"900\" src=\"https:\/\/vinum.mx\/wp-content\/uploads\/2025\/12\/vinum-by-hedone-edmond-rentz-5.webp\" class=\"vc_single_image-img attachment-full\" alt=\"\" title=\"vinum-by-hedone-edmond-rentz-5\" srcset=\"https:\/\/vinum.mx\/wp-content\/uploads\/2025\/12\/vinum-by-hedone-edmond-rentz-5.webp 800w, https:\/\/vinum.mx\/wp-content\/uploads\/2025\/12\/vinum-by-hedone-edmond-rentz-5-267x300.webp 267w, https:\/\/vinum.mx\/wp-content\/uploads\/2025\/12\/vinum-by-hedone-edmond-rentz-5-768x864.webp 768w\" sizes=\"auto, (max-width: 800px) 100vw, 800px\" \/><\/div>\n\t\t<\/figure>\n\t<\/div>\n<\/div><\/div><\/div><\/div><\/div><\/div><\/div><\/div><section class=\"vc_section vc_custom_1767497877530\"><div class=\"vc_row wpb_row vc_row-fluid vc_custom_1538488048958\"><div class=\"wpb_column vc_column_container vc_col-sm-12\"><div class=\"vc_column-inner\"><div class=\"wpb_wrapper\">\n\t<div class=\"title-subtitle-box  vc_custom_1766943637104\" style=\" text-align: center;\">\n\t\t<span class=\"gg-vertical-line\"  ><\/span>\n\t\t<h1 style=\" font-style: normal;\" class=\"special-title\" >Location &amp; Vineyard<\/h1>\n\t\t<p style=\"\" class=\"special-subtitle\">39.7712\u00b0 S, 176.7416\u00b0 E<\/p>\n\t\t<div class=\"box-description\"><p style=\"text-align: center;\"><a href=\"https:\/\/maps.app.goo.gl\/LHCgo7shyowvEHiQ7\">View on Google Maps<\/a><\/p>\n<\/div>\n\t<\/div> <\/div><\/div><\/div><\/div><div class=\"vc_row wpb_row vc_row-fluid vc_custom_1538488236222 vc_row-o-content-middle vc_row-flex\"><div class=\"wpb_column vc_column_container vc_col-sm-6\"><div class=\"vc_column-inner vc_custom_1538488704422\"><div class=\"wpb_wrapper\">\n\t<div class=\"title-subtitle-box  vc_custom_1767545889406\" style=\" text-align: left;\">\n\t\t<h1 style=\" font-style: normal;\" class=\"special-title\" >\n\t\t<span style=\"\">The<\/span>Wineyard<\/h1>\n\t\t<div class=\"box-description\"><p>For more than 20 years, Catherine and Patrick have strived to develop more environmentally friendly farming practices and today they have committed to a High Environmental Value (HEV) process which, like the eco-label, is an accreditation that recognizes the preservation of the environment.<\/p>\n<p>This accreditation, with results-based obligations in the areas of biodiversity, vine protection, fertilization and water resource protection, fully complies with the objectives of the Grenelle Environment Forum.<\/p>\n<p>This philosophy allows them to practice their winemaking craft with serenity, producing healthy and authentic wines that express the aromatic purity of the vine and reveal the spirit of the terroir. All their wines also benefit from the advantages of being a Denomination of Controlled Origin (DOC) and adhere to the Independent Winemaker Charter.<\/p>\n<\/div>\n\t<\/div> <div class=\"vc_row wpb_row vc_inner vc_row-fluid\"><div class=\"wpb_column vc_column_container vc_col-sm-6\"><div class=\"vc_column-inner\"><div class=\"wpb_wrapper\">\n\t<div class=\"featured-icon-wrapper  style_2 text-align-left\">\n\t<div class=\"featured-icon-media-wrapper\">\n\t<img decoding=\"async\" class=\"featured-image-icon\" src=\"https:\/\/vinum.mx\/wp-content\/uploads\/2018\/10\/sunshine-icn-black-40x40.png\" width=\"40\" height=\"40\" alt=\"sunshine-icn-black\" title=\"sunshine-icn-black\" loading=\"lazy\" \/>\n\t<\/div>\n\t<div class=\"featured-icon-content-wrapper\">\n\t<div class=\"featured-icon-title\">Sun<\/div>\n\t<div class=\"featured-icon-subtitle\">1,850 hrs<\/div>\n\t<\/div>\n\t<\/div><\/div><\/div><\/div><div class=\"wpb_column vc_column_container vc_col-sm-6\"><div class=\"vc_column-inner\"><div class=\"wpb_wrapper\">\n\t<div class=\"featured-icon-wrapper  style_2 text-align-left\">\n\t<div class=\"featured-icon-media-wrapper\">\n\t<img decoding=\"async\" class=\"featured-image-icon\" src=\"https:\/\/vinum.mx\/wp-content\/uploads\/2018\/10\/rain-icn-black-40x40.png\" width=\"40\" height=\"40\" alt=\"rain-icn-black\" title=\"rain-icn-black\" loading=\"lazy\" \/>\n\t<\/div>\n\t<div class=\"featured-icon-content-wrapper\">\n\t<div class=\"featured-icon-title\">Rain<\/div>\n\t<div class=\"featured-icon-subtitle\">665 mm<\/div>\n\t<\/div>\n\t<\/div><\/div><\/div><\/div><\/div><div class=\"vc_empty_space  visible-on-mobile\"   style=\"height: 1.5em\"><span class=\"vc_empty_space_inner\"><\/span><\/div><\/div><\/div><\/div><div class=\"wpb_column vc_column_container vc_col-sm-6\"><div class=\"vc_column-inner vc_custom_1538488213437\"><div class=\"wpb_wrapper\">\n\t<div  class=\"wpb_single_image wpb_content_element vc_align_center wpb_content_element vc_custom_1766602535473\">\n\t\t\n\t\t<figure class=\"wpb_wrapper vc_figure\">\n\t\t\t<div class=\"vc_single_image-wrapper   vc_box_border_grey\"><img loading=\"lazy\" decoding=\"async\" width=\"800\" height=\"900\" src=\"https:\/\/vinum.mx\/wp-content\/uploads\/2025\/12\/vinum-by-hedone-edmond-rentz-6.webp\" class=\"vc_single_image-img attachment-full\" alt=\"\" title=\"vinum-by-hedone-edmond-rentz-6\" srcset=\"https:\/\/vinum.mx\/wp-content\/uploads\/2025\/12\/vinum-by-hedone-edmond-rentz-6.webp 800w, https:\/\/vinum.mx\/wp-content\/uploads\/2025\/12\/vinum-by-hedone-edmond-rentz-6-267x300.webp 267w, https:\/\/vinum.mx\/wp-content\/uploads\/2025\/12\/vinum-by-hedone-edmond-rentz-6-768x864.webp 768w\" sizes=\"auto, (max-width: 800px) 100vw, 800px\" \/><\/div>\n\t\t<\/figure>\n\t<\/div>\n<\/div><\/div><\/div><\/div><div class=\"vc_row wpb_row vc_row-fluid vc_custom_1553094225926 vc_row-o-content-middle vc_row-flex\"><div class=\"wpb_column vc_column_container vc_col-sm-6\"><div class=\"vc_column-inner vc_custom_1538488220338\"><div class=\"wpb_wrapper\">\n\t<div  class=\"wpb_single_image wpb_content_element vc_align_center wpb_content_element vc_custom_1766602549560\">\n\t\t\n\t\t<figure class=\"wpb_wrapper vc_figure\">\n\t\t\t<div class=\"vc_single_image-wrapper   vc_box_border_grey\"><img loading=\"lazy\" decoding=\"async\" width=\"800\" height=\"900\" src=\"https:\/\/vinum.mx\/wp-content\/uploads\/2025\/12\/vinum-by-hedone-edmond-rentz-7.webp\" class=\"vc_single_image-img attachment-full\" alt=\"\" title=\"vinum-by-hedone-edmond-rentz-7\" srcset=\"https:\/\/vinum.mx\/wp-content\/uploads\/2025\/12\/vinum-by-hedone-edmond-rentz-7.webp 800w, https:\/\/vinum.mx\/wp-content\/uploads\/2025\/12\/vinum-by-hedone-edmond-rentz-7-267x300.webp 267w, https:\/\/vinum.mx\/wp-content\/uploads\/2025\/12\/vinum-by-hedone-edmond-rentz-7-768x864.webp 768w\" sizes=\"auto, (max-width: 800px) 100vw, 800px\" \/><\/div>\n\t\t<\/figure>\n\t<\/div>\n<\/div><\/div><\/div><div class=\"wpb_column vc_column_container vc_col-sm-6\"><div class=\"vc_column-inner vc_custom_1538489357952\"><div class=\"wpb_wrapper\"><div class=\"vc_empty_space  visible-on-mobile\"   style=\"height: 1.5em\"><span class=\"vc_empty_space_inner\"><\/span><\/div>\n\t<div class=\"title-subtitle-box  vc_custom_1767545910257\" style=\" text-align: left;\">\n\t\t<h1 style=\" font-style: normal;\" class=\"special-title\" >\n\t\t<span style=\"\">The<\/span>Terroir<\/h1>\n\t\t<div class=\"box-description\"><p>ROTENBURG<br \/>\nIt comes from two steeply sloping vineyards (Rotenberg and Burg), with east and south exposures. Its limestone soil gives it a brick-red hue, and the brightly colored marls form on top of gravel. The blend of these two terroirs results in a variety of pleasantly fragrant aromas on the nose and a complex, powerful, and long-lasting structure on the palate.<\/p>\n<p>LES COMTES<br \/>\nThe terroir is located on a gentle slope, at altitudes between 220 and 280 meters, with a southeast exposure. The soil is composed of clay-limestone marls with alluvial deposits on the surface. This composition contributes complexity to the wine. It produces a wine with a persistent structure and elegant, intense nuances of white-fleshed fruit.<\/p>\n<\/div>\n\t<\/div> <div class=\"vc_row wpb_row vc_inner vc_row-fluid\"><div class=\"wpb_column vc_column_container vc_col-sm-6\"><div class=\"vc_column-inner\"><div class=\"wpb_wrapper\">\n\t<div class=\"featured-icon-wrapper  style_2 text-align-left\">\n\t<div class=\"featured-icon-media-wrapper\">\n\t<img decoding=\"async\" class=\"featured-image-icon\" src=\"https:\/\/vinum.mx\/wp-content\/uploads\/2018\/10\/temperature-icn-black-40x40.png\" width=\"40\" height=\"40\" alt=\"temperature-icn-black\" title=\"temperature-icn-black\" loading=\"lazy\" \/>\n\t<\/div>\n\t<div class=\"featured-icon-content-wrapper\">\n\t<div class=\"featured-icon-title\">Temperature<\/div>\n\t<div class=\"featured-icon-subtitle\">10.8\u00b0C<\/div>\n\t<\/div>\n\t<\/div><\/div><\/div><\/div><div class=\"wpb_column vc_column_container vc_col-sm-6\"><div class=\"vc_column-inner\"><div class=\"wpb_wrapper\">\n\t<div class=\"featured-icon-wrapper  style_2 text-align-left\">\n\t<div class=\"featured-icon-media-wrapper\">\n\t<img decoding=\"async\" class=\"featured-image-icon\" src=\"https:\/\/vinum.mx\/wp-content\/uploads\/2018\/10\/parcels-icn-black-40x40.png\" width=\"40\" height=\"40\" alt=\"parcels-icn-black\" title=\"parcels-icn-black\" loading=\"lazy\" \/>\n\t<\/div>\n\t<div class=\"featured-icon-content-wrapper\">\n\t<div class=\"featured-icon-title\">Vineyards<\/div>\n\t<div class=\"featured-icon-subtitle\">27 ha<\/div>\n\t<\/div>\n\t<\/div><\/div><\/div><\/div><\/div><\/div><\/div><\/div><\/div><\/section><div data-vc-full-width=\"true\" data-vc-full-width-init=\"false\" class=\"vc_row wpb_row vc_row-fluid background-position-center-top vc_custom_1772547316414 vc_row-has-fill\"><div class=\"wpb_column vc_column_container vc_col-sm-12\"><div class=\"vc_column-inner\"><div class=\"wpb_wrapper\">\n\t<div class=\"title-subtitle-box  vc_custom_1766944777835\" style=\" text-align: center;\">\n\t\t<span class=\"gg-vertical-line\"  ><\/span>\n\t\t<h1 style=\" font-style: normal;\" class=\"special-title\" >Discover Edmond Rentz<\/h1>\n\t\t<p style=\"\" class=\"special-subtitle\">Exceptional wines from Alsace in France.<\/p>\n\t<\/div> \n\t<div class=\"gg-special-button-wrapper  vc_custom_1772547430697 special-button-align-center special-button-style-btn-primary gradient-outline\"><a class=\"btn btn-primary gradient-outline\" href=\"https:\/\/vinum.mx\/en\/product-category\/pais\/francia\/\" title=\"Our Wines from France\" target=\"_self\">Our Wines from France<\/a><\/div>\n\t<div  class=\"wpb_single_image wpb_content_element vc_align_center wpb_content_element vc_custom_1772547441275\">\n\t\t\n\t\t<figure class=\"wpb_wrapper vc_figure\">\n\t\t\t<div class=\"vc_single_image-wrapper   vc_box_border_grey\"><img loading=\"lazy\" decoding=\"async\" width=\"300\" height=\"70\" src=\"https:\/\/vinum.mx\/wp-content\/uploads\/2025\/12\/vinum-by-hedone-edmond-rentz-8-300x70.webp\" class=\"vc_single_image-img attachment-medium\" alt=\"\" title=\"vinum-by-hedone-edmond-rentz-8\" srcset=\"https:\/\/vinum.mx\/wp-content\/uploads\/2025\/12\/vinum-by-hedone-edmond-rentz-8-300x70.webp 300w, https:\/\/vinum.mx\/wp-content\/uploads\/2025\/12\/vinum-by-hedone-edmond-rentz-8-1024x240.webp 1024w, https:\/\/vinum.mx\/wp-content\/uploads\/2025\/12\/vinum-by-hedone-edmond-rentz-8-768x180.webp 768w, https:\/\/vinum.mx\/wp-content\/uploads\/2025\/12\/vinum-by-hedone-edmond-rentz-8.webp 1384w\" sizes=\"auto, (max-width: 300px) 100vw, 300px\" \/><\/div>\n\t\t<\/figure>\n\t<\/div>\n<\/div><\/div><\/div><\/div><div class=\"vc_row-full-width vc_clearfix\"><\/div>\n<\/div>","protected":false},"excerpt":{"rendered":"Datos &amp; Cifras El Vino es para todos Vi\u00f1edos 27 hect\u00e1reas de vi\u00f1edos distribuidas en m\u00e1s de 100 parcelas Regi\u00f3n vin\u00edcola Alsacia, Francia Varietales Sylvaner, Riesling y Gew\u00fcrztraminer Tipo de Producci\u00f3n Vi\u00f1edos ecol\u00f3gicos certificados L\u00ednea de Vinos Sylvaner, Riesling, Riesling Les Comtes y Gew\u00fcrztraminer Ubicaci\u00f3n &amp; Vi\u00f1edo 39.7712\u00b0 S, 176.7416\u00b0 E Ver en Google Maps<p class=\"more-link-wrapper\"><a class=\"read-more special-hover right_horizontal_line_effect\" href=\"https:\/\/vinum.mx\/en\/edmond-rentz\/\">Read More<\/a><\/p>","protected":false},"author":1,"featured_media":3540,"parent":0,"menu_order":0,"comment_status":"closed","ping_status":"closed","template":"","meta":{"_acf_changed":false,"footnotes":""},"class_list":["post-3384","page","type-page","status-publish","has-post-thumbnail","hentry","has_thumb"],"acf":[],"_links":{"self":[{"href":"https:\/\/vinum.mx\/en\/wp-json\/wp\/v2\/pages\/3384","targetHints":{"allow":["GET"]}}],"collection":[{"href":"https:\/\/vinum.mx\/en\/wp-json\/wp\/v2\/pages"}],"about":[{"href":"https:\/\/vinum.mx\/en\/wp-json\/wp\/v2\/types\/page"}],"author":[{"embeddable":true,"href":"https:\/\/vinum.mx\/en\/wp-json\/wp\/v2\/users\/1"}],"replies":[{"embeddable":true,"href":"https:\/\/vinum.mx\/en\/wp-json\/wp\/v2\/comments?post=3384"}],"version-history":[{"count":27,"href":"https:\/\/vinum.mx\/en\/wp-json\/wp\/v2\/pages\/3384\/revisions"}],"predecessor-version":[{"id":4497,"href":"https:\/\/vinum.mx\/en\/wp-json\/wp\/v2\/pages\/3384\/revisions\/4497"}],"wp:featuredmedia":[{"embeddable":true,"href":"https:\/\/vinum.mx\/en\/wp-json\/wp\/v2\/media\/3540"}],"wp:attachment":[{"href":"https:\/\/vinum.mx\/en\/wp-json\/wp\/v2\/media?parent=3384"}],"curies":[{"name":"wp","href":"https:\/\/api.w.org\/{rel}","templated":true}]}}