{"id":3320,"date":"2025-12-20T14:47:35","date_gmt":"2025-12-20T14:47:35","guid":{"rendered":"https:\/\/vinum.mx\/?page_id=3320"},"modified":"2026-03-03T14:11:42","modified_gmt":"2026-03-03T14:11:42","slug":"chateau-berne","status":"publish","type":"page","link":"https:\/\/vinum.mx\/en\/chateau-berne\/","title":{"rendered":"Ch\u00e2teau Berne"},"content":{"rendered":"<div class=\"wpb-content-wrapper\"><div data-vc-full-width=\"true\" data-vc-full-width-init=\"false\" data-vc-stretch-content=\"true\" class=\"vc_row wpb_row vc_row-fluid vc_custom_1767497609067 vc_row-no-padding\"><div class=\"wpb_column vc_column_container vc_col-sm-12\"><div class=\"vc_column-inner\"><div class=\"wpb_wrapper\"><div class=\"wpb_images_carousel wpb_content_element vc_clearfix vc_custom_1766523832350 wpb_content_element\"><div class=\"wpb_wrapper\"><div id=\"vc_images-carousel-1-1776590444\" data-ride=\"vc_carousel\" data-wrap=\"true\" style=\"width: 100%;\" data-interval=\"5000\" data-auto-height=\"yes\" data-mode=\"horizontal\" data-partial=\"false\" data-per-view=\"1\" data-hide-on-end=\"false\" class=\"vc_slide vc_images_carousel\"><div class=\"vc_carousel-inner\"><div class=\"vc_carousel-slideline\"><div class=\"vc_carousel-slideline-inner\"><div class=\"vc_item\"><div class=\"vc_inner\"><\/div><\/div><div class=\"vc_item\"><div class=\"vc_inner\"><\/div><\/div><div class=\"vc_item\"><div class=\"vc_inner\"><\/div><\/div><\/div><\/div><\/div><a class=\"vc_left vc_carousel-control\" href=\"#vc_images-carousel-1-1776590444\" data-slide=\"prev\"><span class=\"icon-prev\"><\/span><\/a><a class=\"vc_right vc_carousel-control\" href=\"#vc_images-carousel-1-1776590444\" data-slide=\"next\"><span class=\"icon-next\"><\/span><\/a><\/div><\/div><\/div><\/div><\/div><\/div><\/div><div class=\"vc_row-full-width vc_clearfix\"><\/div><div class=\"vc_row wpb_row vc_row-fluid vc_custom_1767497645890\"><div class=\"wpb_column vc_column_container vc_col-sm-12\"><div class=\"vc_column-inner\"><div class=\"wpb_wrapper\">\n\t<div class=\"title-subtitle-box\" style=\" text-align: center;\">\n\t\t<span class=\"gg-vertical-line\"  ><\/span>\n\t\t<h1 style=\" font-style: normal;\" class=\"special-title\" >Facts &amp; Figures<\/h1>\n\t\t<p style=\"\" class=\"special-subtitle\">Wine is for everyone<\/p>\n\t<\/div> <div class=\"vc_row wpb_row vc_inner vc_row-fluid vc_custom_1538489763067 vc_row-has-fill vc_row-o-content-middle vc_row-flex\"><div class=\"wpb_column vc_column_container vc_col-sm-6\"><div class=\"vc_column-inner vc_custom_1538489839699\"><div class=\"wpb_wrapper\"><div class=\"vc_empty_space  visible-on-mobile\"   style=\"height: 1.5em\"><span class=\"vc_empty_space_inner\"><\/span><\/div>\n\t<div class=\"gg-infobox  text-align-left use_horizontal_line\" >\n\t\t<div class=\"infobox-title\" >Vineyards<\/div>\n\t\t<div class=\"infobox-description\" ><p>150 hectares of vineyards and 800 of forests<\/p>\n<\/div>\n\t<\/div> \n\t<div class=\"gg-infobox  text-align-left use_horizontal_line\" >\n\t\t<div class=\"infobox-title\" >Wine region<\/div>\n\t\t<div class=\"infobox-description\" ><p>C\u00f4tes de Provence<\/p>\n<\/div>\n\t<\/div> \n\t<div class=\"gg-infobox  text-align-left use_horizontal_line\" >\n\t\t<div class=\"infobox-title\" >Varietals<\/div>\n\t\t<div class=\"infobox-description\" ><p>Cinsault, Grenache Noir, Syrah, Rolle, Syrah, Cabernet-Sauvignon, S\u00e9millon<\/p>\n<\/div>\n\t<\/div> \n\t<div class=\"gg-infobox  text-align-left use_horizontal_line\" >\n\t\t<div class=\"infobox-title\" >Production Style<\/div>\n\t\t<div class=\"infobox-description\" ><p>Certified organic vineyards<\/p>\n<\/div>\n\t<\/div> \n\t<div class=\"gg-infobox  text-align-left use_horizontal_line\" >\n\t\t<div class=\"infobox-title\" >Wine Line<\/div>\n\t\t<div class=\"infobox-description\" ><p>Ch\u00e2teau de Berne, Ultimate Provence, Romance Ros\u00e9 and Inspiration Ros\u00e9<\/p>\n<\/div>\n\t<\/div> <\/div><\/div><\/div><div class=\"wpb_column vc_column_container vc_col-sm-6\"><div class=\"vc_column-inner vc_custom_1538489830950\"><div class=\"wpb_wrapper\">\n\t<div  class=\"wpb_single_image wpb_content_element vc_align_center wpb_content_element vc_custom_1766535195141\">\n\t\t\n\t\t<figure class=\"wpb_wrapper vc_figure\">\n\t\t\t<div class=\"vc_single_image-wrapper   vc_box_border_grey\"><img loading=\"lazy\" decoding=\"async\" width=\"800\" height=\"900\" src=\"https:\/\/vinum.mx\/wp-content\/uploads\/2025\/12\/vinum-by-hedone-chateau-de-berne-5.webp\" class=\"vc_single_image-img attachment-full\" alt=\"\" title=\"vinum-by-hedone-chateau-de-berne-5\" srcset=\"https:\/\/vinum.mx\/wp-content\/uploads\/2025\/12\/vinum-by-hedone-chateau-de-berne-5.webp 800w, https:\/\/vinum.mx\/wp-content\/uploads\/2025\/12\/vinum-by-hedone-chateau-de-berne-5-267x300.webp 267w, https:\/\/vinum.mx\/wp-content\/uploads\/2025\/12\/vinum-by-hedone-chateau-de-berne-5-768x864.webp 768w\" sizes=\"auto, (max-width: 800px) 100vw, 800px\" \/><\/div>\n\t\t<\/figure>\n\t<\/div>\n<\/div><\/div><\/div><\/div><\/div><\/div><\/div><\/div><section class=\"vc_section vc_custom_1767497692464\"><div class=\"vc_row wpb_row vc_row-fluid vc_custom_1767497681034\"><div class=\"wpb_column vc_column_container vc_col-sm-12\"><div class=\"vc_column-inner\"><div class=\"wpb_wrapper\">\n\t<div class=\"title-subtitle-box  vc_custom_1766591030218\" style=\" text-align: center;\">\n\t\t<span class=\"gg-vertical-line\"  ><\/span>\n\t\t<h1 style=\" font-style: normal;\" class=\"special-title\" >Location &amp; Vineyard<\/h1>\n\t\t<p style=\"\" class=\"special-subtitle\">39.7712\u00b0 S, 176.7416\u00b0 E<\/p>\n\t\t<div class=\"box-description\"><p style=\"text-align: center;\"><a href=\"https:\/\/maps.app.goo.gl\/H4qUrgGgZkSMt98T8\">View on Google Maps<\/a><\/p>\n<\/div>\n\t<\/div> <\/div><\/div><\/div><\/div><div class=\"vc_row wpb_row vc_row-fluid vc_custom_1538488236222 vc_row-o-content-middle vc_row-flex\"><div class=\"wpb_column vc_column_container vc_col-sm-6\"><div class=\"vc_column-inner vc_custom_1538488704422\"><div class=\"wpb_wrapper\">\n\t<div class=\"title-subtitle-box  vc_custom_1766590149456\" style=\" text-align: left;\">\n\t\t<h1 style=\" font-style: normal;\" class=\"special-title\" >\n\t\t<span style=\"\">The<\/span>Wineyard<\/h1>\n\t\t<div class=\"box-description\"><p>Since February 2021, the estate's 150 hectares have been certified organic. This approach reflects Ch\u00e2teau de Berne's commitment to protecting not only its exceptionally bountiful natural environment but also the people who work there.<\/p>\n<p>It has also held the High Environmental Value (HVE) level 3 certification for several years, thus responding to the needs expressed during the work of the Grenelle Environmental Forum on the economic, environmental and social aspects of an agricultural holding.<\/p>\n<\/div>\n\t<\/div> <div class=\"vc_row wpb_row vc_inner vc_row-fluid\"><div class=\"wpb_column vc_column_container vc_col-sm-6\"><div class=\"vc_column-inner\"><div class=\"wpb_wrapper\">\n\t<div class=\"featured-icon-wrapper  style_2 text-align-left\">\n\t<div class=\"featured-icon-media-wrapper\">\n\t<img decoding=\"async\" class=\"featured-image-icon\" src=\"https:\/\/vinum.mx\/wp-content\/uploads\/2018\/10\/sunshine-icn-black-40x40.png\" width=\"40\" height=\"40\" alt=\"sunshine-icn-black\" title=\"sunshine-icn-black\" loading=\"lazy\" \/>\n\t<\/div>\n\t<div class=\"featured-icon-content-wrapper\">\n\t<div class=\"featured-icon-title\">Sun<\/div>\n\t<div class=\"featured-icon-subtitle\">2,865 hrs<\/div>\n\t<\/div>\n\t<\/div><\/div><\/div><\/div><div class=\"wpb_column vc_column_container vc_col-sm-6\"><div class=\"vc_column-inner\"><div class=\"wpb_wrapper\">\n\t<div class=\"featured-icon-wrapper  style_2 text-align-left\">\n\t<div class=\"featured-icon-media-wrapper\">\n\t<img decoding=\"async\" class=\"featured-image-icon\" src=\"https:\/\/vinum.mx\/wp-content\/uploads\/2018\/10\/rain-icn-black-40x40.png\" width=\"40\" height=\"40\" alt=\"rain-icn-black\" title=\"rain-icn-black\" loading=\"lazy\" \/>\n\t<\/div>\n\t<div class=\"featured-icon-content-wrapper\">\n\t<div class=\"featured-icon-title\">Rain<\/div>\n\t<div class=\"featured-icon-subtitle\">710 mm<\/div>\n\t<\/div>\n\t<\/div><\/div><\/div><\/div><\/div><div class=\"vc_empty_space  visible-on-mobile\"   style=\"height: 1.5em\"><span class=\"vc_empty_space_inner\"><\/span><\/div><\/div><\/div><\/div><div class=\"wpb_column vc_column_container vc_col-sm-6\"><div class=\"vc_column-inner vc_custom_1538488213437\"><div class=\"wpb_wrapper\">\n\t<div  class=\"wpb_single_image wpb_content_element vc_align_center wpb_content_element vc_custom_1766535225379\">\n\t\t\n\t\t<figure class=\"wpb_wrapper vc_figure\">\n\t\t\t<div class=\"vc_single_image-wrapper   vc_box_border_grey\"><img loading=\"lazy\" decoding=\"async\" width=\"800\" height=\"900\" src=\"https:\/\/vinum.mx\/wp-content\/uploads\/2025\/12\/vinum-by-hedone-chateau-de-berne-6.webp\" class=\"vc_single_image-img attachment-full\" alt=\"\" title=\"vinum-by-hedone-chateau-de-berne-6\" srcset=\"https:\/\/vinum.mx\/wp-content\/uploads\/2025\/12\/vinum-by-hedone-chateau-de-berne-6.webp 800w, https:\/\/vinum.mx\/wp-content\/uploads\/2025\/12\/vinum-by-hedone-chateau-de-berne-6-267x300.webp 267w, https:\/\/vinum.mx\/wp-content\/uploads\/2025\/12\/vinum-by-hedone-chateau-de-berne-6-768x864.webp 768w\" sizes=\"auto, (max-width: 800px) 100vw, 800px\" \/><\/div>\n\t\t<\/figure>\n\t<\/div>\n<\/div><\/div><\/div><\/div><div class=\"vc_row wpb_row vc_row-fluid vc_custom_1553094225926 vc_row-o-content-middle vc_row-flex\"><div class=\"wpb_column vc_column_container vc_col-sm-6\"><div class=\"vc_column-inner vc_custom_1538488220338\"><div class=\"wpb_wrapper\">\n\t<div  class=\"wpb_single_image wpb_content_element vc_align_center wpb_content_element vc_custom_1766535239992\">\n\t\t\n\t\t<figure class=\"wpb_wrapper vc_figure\">\n\t\t\t<div class=\"vc_single_image-wrapper   vc_box_border_grey\"><img loading=\"lazy\" decoding=\"async\" width=\"800\" height=\"900\" src=\"https:\/\/vinum.mx\/wp-content\/uploads\/2025\/12\/vinum-by-hedone-chateau-de-berne-7.webp\" class=\"vc_single_image-img attachment-full\" alt=\"\" title=\"vinum-by-hedone-chateau-de-berne-7\" srcset=\"https:\/\/vinum.mx\/wp-content\/uploads\/2025\/12\/vinum-by-hedone-chateau-de-berne-7.webp 800w, https:\/\/vinum.mx\/wp-content\/uploads\/2025\/12\/vinum-by-hedone-chateau-de-berne-7-267x300.webp 267w, https:\/\/vinum.mx\/wp-content\/uploads\/2025\/12\/vinum-by-hedone-chateau-de-berne-7-768x864.webp 768w\" sizes=\"auto, (max-width: 800px) 100vw, 800px\" \/><\/div>\n\t\t<\/figure>\n\t<\/div>\n<\/div><\/div><\/div><div class=\"wpb_column vc_column_container vc_col-sm-6\"><div class=\"vc_column-inner vc_custom_1538489357952\"><div class=\"wpb_wrapper\"><div class=\"vc_empty_space  visible-on-mobile\"   style=\"height: 1.5em\"><span class=\"vc_empty_space_inner\"><\/span><\/div>\n\t<div class=\"title-subtitle-box  vc_custom_1766590422978\" style=\" text-align: left;\">\n\t\t<h1 style=\" font-style: normal;\" class=\"special-title\" >\n\t\t<span style=\"\">The<\/span>Terroir<\/h1>\n\t\t<div class=\"box-description\"><p>Two distinct entities in terms of geology and altitude characterize this terroir. Eighty percent of the vines are located on a limestone plateau 300 meters above sea level. This elevation brings cooler nights: the greater temperature variation allows for slower ripening of the grapes, resulting in wines with greater freshness and aromatic finesse.<\/p>\n<p>This plateau is predominantly limestone, which provides excellent drainage, allowing the vines to draw water from the depths and giving the grapes their renowned minerality. On the palate, it is remarkably subtle, with salinity and tension.<\/p>\n<\/div>\n\t<\/div> <div class=\"vc_row wpb_row vc_inner vc_row-fluid\"><div class=\"wpb_column vc_column_container vc_col-sm-6\"><div class=\"vc_column-inner\"><div class=\"wpb_wrapper\">\n\t<div class=\"featured-icon-wrapper  style_2 text-align-left\">\n\t<div class=\"featured-icon-media-wrapper\">\n\t<img decoding=\"async\" class=\"featured-image-icon\" src=\"https:\/\/vinum.mx\/wp-content\/uploads\/2018\/10\/temperature-icn-black-40x40.png\" width=\"40\" height=\"40\" alt=\"temperature-icn-black\" title=\"temperature-icn-black\" loading=\"lazy\" \/>\n\t<\/div>\n\t<div class=\"featured-icon-content-wrapper\">\n\t<div class=\"featured-icon-title\">Temperature<\/div>\n\t<div class=\"featured-icon-subtitle\">25.3\u00b0C<\/div>\n\t<\/div>\n\t<\/div><\/div><\/div><\/div><div class=\"wpb_column vc_column_container vc_col-sm-6\"><div class=\"vc_column-inner\"><div class=\"wpb_wrapper\">\n\t<div class=\"featured-icon-wrapper  style_2 text-align-left\">\n\t<div class=\"featured-icon-media-wrapper\">\n\t<img decoding=\"async\" class=\"featured-image-icon\" src=\"https:\/\/vinum.mx\/wp-content\/uploads\/2018\/10\/parcels-icn-black-40x40.png\" width=\"40\" height=\"40\" alt=\"parcels-icn-black\" title=\"parcels-icn-black\" loading=\"lazy\" \/>\n\t<\/div>\n\t<div class=\"featured-icon-content-wrapper\">\n\t<div class=\"featured-icon-title\">Vineyards<\/div>\n\t<div class=\"featured-icon-subtitle\">150 ha<\/div>\n\t<\/div>\n\t<\/div><\/div><\/div><\/div><\/div><\/div><\/div><\/div><\/div><\/section><div data-vc-full-width=\"true\" data-vc-full-width-init=\"false\" class=\"vc_row wpb_row vc_row-fluid background-position-center-top vc_custom_1772546659967 vc_row-has-fill\"><div class=\"wpb_column vc_column_container vc_col-sm-12\"><div class=\"vc_column-inner\"><div class=\"wpb_wrapper\">\n\t<div class=\"title-subtitle-box  vc_custom_1766590692474\" style=\" text-align: center;\">\n\t\t<span class=\"gg-vertical-line\"  ><\/span>\n\t\t<h1 style=\" font-style: normal;\" class=\"special-title\" >Discover Ch\u00e2teau Berne<\/h1>\n\t\t<p style=\"\" class=\"special-subtitle\">Exceptional wines from Provence in France.<\/p>\n\t<\/div> \n\t<div class=\"gg-special-button-wrapper  vc_custom_1772547057619 special-button-align-center special-button-style-btn-primary gradient-outline\"><a class=\"btn btn-primary gradient-outline\" href=\"https:\/\/vinum.mx\/en\/product-category\/pais\/francia\/\" title=\"Our Wines from France\" target=\"_self\">Our Wines from France<\/a><\/div>\n\t<div  class=\"wpb_single_image wpb_content_element vc_align_center wpb_content_element vc_custom_1772547094753\">\n\t\t\n\t\t<figure class=\"wpb_wrapper vc_figure\">\n\t\t\t<div class=\"vc_single_image-wrapper   vc_box_border_grey\"><img loading=\"lazy\" decoding=\"async\" width=\"300\" height=\"83\" src=\"https:\/\/vinum.mx\/wp-content\/uploads\/2025\/12\/vinum_by_hedone-chateau_de_berne-8-300x83.png\" class=\"vc_single_image-img attachment-medium\" alt=\"\" title=\"vinum_by_hedone-chateau_de_berne-8\" srcset=\"https:\/\/vinum.mx\/wp-content\/uploads\/2025\/12\/vinum_by_hedone-chateau_de_berne-8-300x83.png 300w, https:\/\/vinum.mx\/wp-content\/uploads\/2025\/12\/vinum_by_hedone-chateau_de_berne-8-1024x283.png 1024w, https:\/\/vinum.mx\/wp-content\/uploads\/2025\/12\/vinum_by_hedone-chateau_de_berne-8-768x212.png 768w, https:\/\/vinum.mx\/wp-content\/uploads\/2025\/12\/vinum_by_hedone-chateau_de_berne-8.png 1384w\" sizes=\"auto, (max-width: 300px) 100vw, 300px\" \/><\/div>\n\t\t<\/figure>\n\t<\/div>\n<\/div><\/div><\/div><\/div><div class=\"vc_row-full-width vc_clearfix\"><\/div>\n<\/div>","protected":false},"excerpt":{"rendered":"Datos &amp; Cifras El Vino es para todos Vi\u00f1edos 150 hect\u00e1reas de vi\u00f1edos y 800 de bosques Regi\u00f3n vin\u00edcola C\u00f4tes de Provence Varietales Cinsault, Grenache Noir, Syrah, Rolle, Syrah, Cabernet-Sauvignon, S\u00e9millon Tipo de Producci\u00f3n Vi\u00f1edos ecol\u00f3gicos certificados L\u00ednea de Vinos Ch\u00e2teau de Berne, Ultimate Provence, Romance Ros\u00e9 e Inspiration Ros\u00e9 Ubicaci\u00f3n &amp; Vi\u00f1edo 39.7712\u00b0 S,<p class=\"more-link-wrapper\"><a class=\"read-more special-hover right_horizontal_line_effect\" href=\"https:\/\/vinum.mx\/en\/chateau-berne\/\">Read More<\/a><\/p>","protected":false},"author":1,"featured_media":3539,"parent":0,"menu_order":0,"comment_status":"closed","ping_status":"closed","template":"","meta":{"_acf_changed":false,"footnotes":""},"class_list":["post-3320","page","type-page","status-publish","has-post-thumbnail","hentry","has_thumb"],"acf":[],"_links":{"self":[{"href":"https:\/\/vinum.mx\/en\/wp-json\/wp\/v2\/pages\/3320","targetHints":{"allow":["GET"]}}],"collection":[{"href":"https:\/\/vinum.mx\/en\/wp-json\/wp\/v2\/pages"}],"about":[{"href":"https:\/\/vinum.mx\/en\/wp-json\/wp\/v2\/types\/page"}],"author":[{"embeddable":true,"href":"https:\/\/vinum.mx\/en\/wp-json\/wp\/v2\/users\/1"}],"replies":[{"embeddable":true,"href":"https:\/\/vinum.mx\/en\/wp-json\/wp\/v2\/comments?post=3320"}],"version-history":[{"count":35,"href":"https:\/\/vinum.mx\/en\/wp-json\/wp\/v2\/pages\/3320\/revisions"}],"predecessor-version":[{"id":4495,"href":"https:\/\/vinum.mx\/en\/wp-json\/wp\/v2\/pages\/3320\/revisions\/4495"}],"wp:featuredmedia":[{"embeddable":true,"href":"https:\/\/vinum.mx\/en\/wp-json\/wp\/v2\/media\/3539"}],"wp:attachment":[{"href":"https:\/\/vinum.mx\/en\/wp-json\/wp\/v2\/media?parent=3320"}],"curies":[{"name":"wp","href":"https:\/\/api.w.org\/{rel}","templated":true}]}}